{"id":909,"date":"2017-04-23T13:10:01","date_gmt":"2017-04-23T11:10:01","guid":{"rendered":"http:\/\/soswtg.pl\/?page_id=909"},"modified":"2017-04-23T13:10:01","modified_gmt":"2017-04-23T11:10:01","slug":"kolko-kreatywne","status":"publish","type":"page","link":"https:\/\/soswtg.pl\/index.php\/kolko-kreatywne\/","title":{"rendered":"K\u00f3\u0142ko kreatywne"},"content":{"rendered":"<p dir=\"ltr\">Kolko kreatywne<br \/>\n(Zaj\u0119cia socjoterapeutyczne z elementami bajko i dogoterapii)<\/p>\n<p dir=\"ltr\">Zaj\u0119cia dedykowane s\u0105 dzieciom w celu poprawy ich spo\u0142ecznego i emocjonalnego funkcjonowania w szkole i poza ni\u0105.<br \/>\nPraca na zaj\u0119ciach pozwala dzieciom wyra\u017ca\u0107 pozytywne emocje, prze\u0142ama\u0107 nie\u015bmia\u0142o\u015b\u0107.<br \/>\nEfektem pracy na\u00a0 zaj\u0119ciach z elementami dogoterapii jest likwidacja\u00a0 u dzieci napi\u0119\u0107, negatywnych emocji oraz wyzbycia si\u0119 l\u0119ku przed zwierz\u0119tami.<\/p>\n<p dir=\"ltr\"><img loading=\"lazy\" decoding=\"async\" class=\"alignnone size-medium wp-image-910\" src=\"https:\/\/soswtg.pl\/wp-content\/uploads\/2017\/04\/20170420_144025-e1492945633785-225x300.jpg\" alt=\"\" width=\"225\" height=\"300\" srcset=\"https:\/\/soswtg.pl\/wp-content\/uploads\/2017\/04\/20170420_144025-e1492945633785-225x300.jpg 225w, https:\/\/soswtg.pl\/wp-content\/uploads\/2017\/04\/20170420_144025-e1492945633785-768x1024.jpg 768w, https:\/\/soswtg.pl\/wp-content\/uploads\/2017\/04\/20170420_144025-e1492945633785.jpg 1920w\" sizes=\"(max-width: 225px) 100vw, 225px\" \/> <img loading=\"lazy\" decoding=\"async\" class=\"alignnone size-medium wp-image-911\" src=\"https:\/\/soswtg.pl\/wp-content\/uploads\/2017\/04\/20170420_145549-e1492945654154-225x300.jpg\" alt=\"\" width=\"225\" height=\"300\" srcset=\"https:\/\/soswtg.pl\/wp-content\/uploads\/2017\/04\/20170420_145549-e1492945654154-225x300.jpg 225w, https:\/\/soswtg.pl\/wp-content\/uploads\/2017\/04\/20170420_145549-e1492945654154-768x1024.jpg 768w, https:\/\/soswtg.pl\/wp-content\/uploads\/2017\/04\/20170420_145549-e1492945654154.jpg 1920w\" sizes=\"(max-width: 225px) 100vw, 225px\" \/> <img loading=\"lazy\" decoding=\"async\" class=\"alignnone size-medium wp-image-912\" src=\"https:\/\/soswtg.pl\/wp-content\/uploads\/2017\/04\/20170420_145335-e1492945672111-225x300.jpg\" alt=\"\" width=\"225\" height=\"300\" srcset=\"https:\/\/soswtg.pl\/wp-content\/uploads\/2017\/04\/20170420_145335-e1492945672111-225x300.jpg 225w, https:\/\/soswtg.pl\/wp-content\/uploads\/2017\/04\/20170420_145335-e1492945672111-768x1024.jpg 768w, https:\/\/soswtg.pl\/wp-content\/uploads\/2017\/04\/20170420_145335-e1492945672111.jpg 1920w\" sizes=\"(max-width: 225px) 100vw, 225px\" \/> <img loading=\"lazy\" decoding=\"async\" class=\"alignnone size-medium wp-image-913\" src=\"https:\/\/soswtg.pl\/wp-content\/uploads\/2017\/04\/20170420_145250-e1492945688781-225x300.jpg\" alt=\"\" width=\"225\" height=\"300\" srcset=\"https:\/\/soswtg.pl\/wp-content\/uploads\/2017\/04\/20170420_145250-e1492945688781-225x300.jpg 225w, https:\/\/soswtg.pl\/wp-content\/uploads\/2017\/04\/20170420_145250-e1492945688781-768x1024.jpg 768w, https:\/\/soswtg.pl\/wp-content\/uploads\/2017\/04\/20170420_145250-e1492945688781.jpg 1920w\" sizes=\"(max-width: 225px) 100vw, 225px\" \/> <img loading=\"lazy\" decoding=\"async\" class=\"alignnone size-medium wp-image-914\" src=\"https:\/\/soswtg.pl\/wp-content\/uploads\/2017\/04\/20170420_144037-e1492945705106-225x300.jpg\" alt=\"\" width=\"225\" height=\"300\" srcset=\"https:\/\/soswtg.pl\/wp-content\/uploads\/2017\/04\/20170420_144037-e1492945705106-225x300.jpg 225w, https:\/\/soswtg.pl\/wp-content\/uploads\/2017\/04\/20170420_144037-e1492945705106-768x1024.jpg 768w, https:\/\/soswtg.pl\/wp-content\/uploads\/2017\/04\/20170420_144037-e1492945705106.jpg 1920w\" sizes=\"(max-width: 225px) 100vw, 225px\" \/><\/p>\n","protected":false},"excerpt":{"rendered":"<p>Kolko kreatywne (Zaj\u0119cia socjoterapeutyczne z elementami bajko i dogoterapii) Zaj\u0119cia dedykowane s\u0105 dzieciom w celu poprawy ich spo\u0142ecznego i emocjonalnego funkcjonowania w szkole i poza ni\u0105. Praca na zaj\u0119ciach pozwala dzieciom wyra\u017ca\u0107 pozytywne emocje, prze\u0142ama\u0107 nie\u015bmia\u0142o\u015b\u0107. Efektem pracy na\u00a0 zaj\u0119ciach &hellip; <a href=\"https:\/\/soswtg.pl\/index.php\/kolko-kreatywne\/\">Czytaj dalej <span class=\"meta-nav\">&rarr;<\/span><\/a><\/p>\n","protected":false},"author":1,"featured_media":0,"parent":0,"menu_order":0,"comment_status":"closed","ping_status":"closed","template":"","meta":{"footnotes":""},"class_list":["post-909","page","type-page","status-publish","hentry"],"_links":{"self":[{"href":"https:\/\/soswtg.pl\/index.php\/wp-json\/wp\/v2\/pages\/909"}],"collection":[{"href":"https:\/\/soswtg.pl\/index.php\/wp-json\/wp\/v2\/pages"}],"about":[{"href":"https:\/\/soswtg.pl\/index.php\/wp-json\/wp\/v2\/types\/page"}],"author":[{"embeddable":true,"href":"https:\/\/soswtg.pl\/index.php\/wp-json\/wp\/v2\/users\/1"}],"replies":[{"embeddable":true,"href":"https:\/\/soswtg.pl\/index.php\/wp-json\/wp\/v2\/comments?post=909"}],"version-history":[{"count":1,"href":"https:\/\/soswtg.pl\/index.php\/wp-json\/wp\/v2\/pages\/909\/revisions"}],"predecessor-version":[{"id":915,"href":"https:\/\/soswtg.pl\/index.php\/wp-json\/wp\/v2\/pages\/909\/revisions\/915"}],"wp:attachment":[{"href":"https:\/\/soswtg.pl\/index.php\/wp-json\/wp\/v2\/media?parent=909"}],"curies":[{"name":"wp","href":"https:\/\/api.w.org\/{rel}","templated":true}]}}