{"id":871,"date":"2017-04-19T19:01:55","date_gmt":"2017-04-19T17:01:55","guid":{"rendered":"http:\/\/soswtg.pl\/?page_id=871"},"modified":"2017-04-19T19:31:36","modified_gmt":"2017-04-19T17:31:36","slug":"dzialania-klubu-milosnikow-zwierzat","status":"publish","type":"page","link":"https:\/\/soswtg.pl\/index.php\/dzialania-klubu-milosnikow-zwierzat\/","title":{"rendered":"Dzia\u0142ania Klubu Mi\u0142o\u015bnik\u00f3w Zwierz\u0105t"},"content":{"rendered":"<p dir=\"ltr\"><span style=\"font-size: medium; color: #000000;\"><span style=\"font-family: 'times new roman', times, serif;\">9 marca 2017 r.<\/span><br \/>\nLOP zaprosi\u0142 uczni\u00f3w do Klubu Mi\u0142o\u015bnik\u00f3w Zwierz\u0105t. Dzi\u015b temat &#8222;ZWIERZ\u0118TA TO NIE ZABAWKI&#8221;<br \/>\nRazem z go\u015bciem weterynarzem i wolontariuszem schroniska dla zwierz\u0105t w Miedarach, panem Patrykiem, rozmawiali\u015bmy o odpowiedzialno\u015bci wobec zwierz\u0105t domowych.<br \/>\nPrzechadzaj\u0105c si\u0119 w\u015br\u00f3d uczni\u00f3w,\u00a0 o mi\u0142o\u015bci do zwierz\u0105t zaj\u0119cia prowadzi\u0142a\u00a0 goldenka Luna i pers Miku\u015b.<br \/>\nSpotkanie zako\u0144czone konkursem plastycznym na najlepszy\u00a0 zwierz\u0119cy plakat ocenia\u0142y Luna i Miku\u015b.<br \/>\n<\/span><span style=\"font-size: medium; color: #000000;\">Nagrod\u0105 b\u0119dzie wyjazd szkolnym busem do schroniska w Miedarach.<br \/>\n<\/span><span style=\"font-size: medium; color: #000000;\">OG\u0141ASZAMY ZBI\u00d3RK\u0118 KARMY<br \/>\nI AKCESORI\u00d3W NIEZB\u0118DNYCH DO PROWADZENIA SCHRONISKA<\/span><\/p>\n<p dir=\"ltr\"><span style=\"font-size: medium; color: #000000;\">Za spotkanie dzi\u0119kuj\u0105<br \/>\nN. Stepek<br \/>\nK. Kurzeja<br \/>\nA. Kopty\u0144ska<\/span><\/p>\n<p dir=\"ltr\"><span style=\"color: #000000;\"><img loading=\"lazy\" decoding=\"async\" class=\"alignnone size-medium wp-image-369\" src=\"https:\/\/soswtg.pl\/wp-content\/uploads\/2017\/03\/20160310_085318-300x225.jpg\" alt=\"\" width=\"300\" height=\"225\" srcset=\"https:\/\/soswtg.pl\/wp-content\/uploads\/2017\/03\/20160310_085318-300x225.jpg 300w, https:\/\/soswtg.pl\/wp-content\/uploads\/2017\/03\/20160310_085318.jpg 448w\" sizes=\"(max-width: 300px) 100vw, 300px\" \/> <img loading=\"lazy\" decoding=\"async\" class=\"alignnone size-medium wp-image-193\" src=\"https:\/\/soswtg.pl\/wp-content\/uploads\/2017\/03\/20170309_110153-1-300x225.jpg\" alt=\"\" width=\"300\" height=\"225\" srcset=\"https:\/\/soswtg.pl\/wp-content\/uploads\/2017\/03\/20170309_110153-1-300x225.jpg 300w, https:\/\/soswtg.pl\/wp-content\/uploads\/2017\/03\/20170309_110153-1.jpg 448w\" sizes=\"(max-width: 300px) 100vw, 300px\" \/> <img loading=\"lazy\" decoding=\"async\" class=\"alignnone size-medium wp-image-192\" src=\"https:\/\/soswtg.pl\/wp-content\/uploads\/2017\/03\/20170309_105947-300x225.jpg\" alt=\"\" width=\"300\" height=\"225\" srcset=\"https:\/\/soswtg.pl\/wp-content\/uploads\/2017\/03\/20170309_105947-300x225.jpg 300w, https:\/\/soswtg.pl\/wp-content\/uploads\/2017\/03\/20170309_105947.jpg 448w\" sizes=\"(max-width: 300px) 100vw, 300px\" \/> <img loading=\"lazy\" decoding=\"async\" class=\"alignnone size-medium wp-image-191\" src=\"https:\/\/soswtg.pl\/wp-content\/uploads\/2017\/03\/20170309_105853-300x225.jpg\" alt=\"\" width=\"300\" height=\"225\" srcset=\"https:\/\/soswtg.pl\/wp-content\/uploads\/2017\/03\/20170309_105853-300x225.jpg 300w, https:\/\/soswtg.pl\/wp-content\/uploads\/2017\/03\/20170309_105853.jpg 448w\" sizes=\"(max-width: 300px) 100vw, 300px\" \/> <img loading=\"lazy\" decoding=\"async\" class=\"alignnone size-medium wp-image-190\" src=\"https:\/\/soswtg.pl\/wp-content\/uploads\/2017\/03\/20170309_105836-300x225.jpg\" alt=\"\" width=\"300\" height=\"225\" srcset=\"https:\/\/soswtg.pl\/wp-content\/uploads\/2017\/03\/20170309_105836-300x225.jpg 300w, https:\/\/soswtg.pl\/wp-content\/uploads\/2017\/03\/20170309_105836.jpg 448w\" sizes=\"(max-width: 300px) 100vw, 300px\" \/> <img loading=\"lazy\" decoding=\"async\" class=\"alignnone size-medium wp-image-188\" src=\"https:\/\/soswtg.pl\/wp-content\/uploads\/2017\/03\/20170309_124616-225x300.jpg\" alt=\"\" width=\"225\" height=\"300\" srcset=\"https:\/\/soswtg.pl\/wp-content\/uploads\/2017\/03\/20170309_124616-225x300.jpg 225w, https:\/\/soswtg.pl\/wp-content\/uploads\/2017\/03\/20170309_124616.jpg 336w\" sizes=\"(max-width: 225px) 100vw, 225px\" \/> <img loading=\"lazy\" decoding=\"async\" class=\"alignnone size-medium wp-image-189\" src=\"https:\/\/soswtg.pl\/wp-content\/uploads\/2017\/03\/20170309_105830-300x225.jpg\" alt=\"\" width=\"300\" height=\"225\" srcset=\"https:\/\/soswtg.pl\/wp-content\/uploads\/2017\/03\/20170309_105830-300x225.jpg 300w, https:\/\/soswtg.pl\/wp-content\/uploads\/2017\/03\/20170309_105830.jpg 448w\" sizes=\"(max-width: 300px) 100vw, 300px\" \/> \u00a0<img loading=\"lazy\" decoding=\"async\" class=\"alignnone size-medium wp-image-185\" src=\"https:\/\/soswtg.pl\/wp-content\/uploads\/2017\/03\/20170309_110343-1-225x300.jpg\" alt=\"\" width=\"225\" height=\"300\" srcset=\"https:\/\/soswtg.pl\/wp-content\/uploads\/2017\/03\/20170309_110343-1-225x300.jpg 225w, https:\/\/soswtg.pl\/wp-content\/uploads\/2017\/03\/20170309_110343-1.jpg 336w\" sizes=\"(max-width: 225px) 100vw, 225px\" \/><\/span><\/p>\n<p dir=\"ltr\"><span style=\"color: #000000;\">8 listopada 2016 r.<\/span><\/p>\n<p><span style=\"color: #000000;\">PRZEDZIMOWA ZBI\u00d3RKA DAR\u00d3W NA RZECZ \u00a0ZWIERZ\u0104T \u00a0ZAKO\u0143CZONA<\/span><\/p>\n<p><span style=\"color: #000000;\">Uczniowie zako\u0144czyli zbi\u00f3rk\u0119 dar\u00f3w na rzecz ps\u00f3w i kot\u00f3w z &#8222;Cichego K\u0105ta&#8221; w Tarnowskich G\u00f3rach.\u00a0<\/span><br \/>\n<span style=\"color: #000000;\">Warto przypomnie\u0107, \u017ce to miejsce funkcjonuje wy\u0142\u0105cznie za przyczyn\u0105 ludzkich sumie\u0144, wra\u017cliwych na straszliw\u0105 krzywd\u0119 wyrz\u0105dzan\u0105 przez cz\u0142owieka zwierz\u0119tom, kt\u00f3re kiedy\u015b mia\u0142y dom, a zosta\u0142y porzucone, b\u0105d\u017a odebrane ludziom, kt\u00f3rzy zn\u0119cali si\u0119 nad nimi.<\/span><br \/>\n<span style=\"color: #000000;\">Zebrali\u015bmy kilkana\u015bcie kilogram\u00f3w gotowej karmy i ry\u017cu, witaminy dla starszych i chorych zwierz\u0105t, koce, r\u0119czniki, \u015brodki do utrzymania higieny i zabawki.<\/span><br \/>\n<span style=\"color: #000000;\">Wolontariusze pracuj\u0105cy w azylu \u00a0dzi\u0119kuj\u0105 i pozdrawiaj\u0105 spo\u0142eczno\u015b\u0107 naszej szko\u0142y.<\/span><br \/>\n<span style=\"color: #000000;\">Za serce i hojno\u015b\u0107 dzi\u0119kuj\u0105 te\u017c\u00a0panie: Nina Stepek i Kasia Piasecka<\/span><\/p>\n<p dir=\"ltr\"><span style=\"color: #000000;\"><img loading=\"lazy\" decoding=\"async\" class=\"alignnone size-medium wp-image-874\" src=\"https:\/\/soswtg.pl\/wp-content\/uploads\/2017\/04\/20161103_103955-225x300.jpg\" alt=\"\" width=\"225\" height=\"300\" srcset=\"https:\/\/soswtg.pl\/wp-content\/uploads\/2017\/04\/20161103_103955-225x300.jpg 225w, https:\/\/soswtg.pl\/wp-content\/uploads\/2017\/04\/20161103_103955.jpg 480w\" sizes=\"(max-width: 225px) 100vw, 225px\" \/><\/span><\/p>\n<p><span style=\"color: #000000;\">11 pa\u017adziernika 2016 r.<\/span><\/p>\n<p><u>\u015aWIATOWY DZIE\u0143 ZWIERZ\u0104T W SZKOLE<\/u><\/p>\n<p>Pierwszy raz w szkole zajmowali\u015bmy si\u0119 \u00a0pierwsz\u0105 pomoc\u0105 przedmedyczn\u0105 udzielan\u0105 psu\/kotu w nag\u0142ych wypadkach. Z tej okazji go\u015bcili\u015bmy w szkole pani\u0105 dr weterynarii Patrycj\u0119 Hajd\u0119 z lecznicy w Zbros\u0142awicach, hodowc\u0119 ps\u00f3w &#8211; pana Mariana Siwego oraz dwa golden retrivery: Lun\u0119 i Bajk\u0119, suczk\u0119 owczarka niemieckiego i kota perskiego Mikusia.<br \/>\nUczniowie uczestniczyli w zaj\u0119ciach z opieki nad zwierz\u0119ciem w domu, obejrzeli prezentacj\u0119: \u00a0&#8222;Co ka\u017cdy wiedzie\u0107 powinien o zwierz\u0119tach hodowanych w domu&#8221;.<br \/>\nDzieci m\u0142odsze mia\u0142y mo\u017cliwo\u015b\u0107 zabawy ze zwierz\u0119tami, uczestniczy\u0142y te\u017c w nauce prowadzenia psa na smyczy.<br \/>\nZaj\u0119cia przygotowa\u0142y i poprowadzi\u0142y panie: Nina Stepek i Kasia Kurzeja<\/p>\n<p><img loading=\"lazy\" decoding=\"async\" class=\"alignnone size-medium wp-image-875\" src=\"https:\/\/soswtg.pl\/wp-content\/uploads\/2017\/04\/20161011_090350-300x225.jpg\" alt=\"\" width=\"300\" height=\"225\" srcset=\"https:\/\/soswtg.pl\/wp-content\/uploads\/2017\/04\/20161011_090350-300x225.jpg 300w, https:\/\/soswtg.pl\/wp-content\/uploads\/2017\/04\/20161011_090350.jpg 448w\" sizes=\"(max-width: 300px) 100vw, 300px\" \/> <img loading=\"lazy\" decoding=\"async\" class=\"alignnone size-medium wp-image-876\" src=\"https:\/\/soswtg.pl\/wp-content\/uploads\/2017\/04\/20161011_090438-300x225.jpg\" alt=\"\" width=\"300\" height=\"225\" srcset=\"https:\/\/soswtg.pl\/wp-content\/uploads\/2017\/04\/20161011_090438-300x225.jpg 300w, https:\/\/soswtg.pl\/wp-content\/uploads\/2017\/04\/20161011_090438.jpg 448w\" sizes=\"(max-width: 300px) 100vw, 300px\" \/> <img loading=\"lazy\" decoding=\"async\" class=\"alignnone size-medium wp-image-877\" src=\"https:\/\/soswtg.pl\/wp-content\/uploads\/2017\/04\/20161011_090156-300x225.jpg\" alt=\"\" width=\"300\" height=\"225\" srcset=\"https:\/\/soswtg.pl\/wp-content\/uploads\/2017\/04\/20161011_090156-300x225.jpg 300w, https:\/\/soswtg.pl\/wp-content\/uploads\/2017\/04\/20161011_090156.jpg 448w\" sizes=\"(max-width: 300px) 100vw, 300px\" \/> <img loading=\"lazy\" decoding=\"async\" class=\"alignnone size-medium wp-image-878\" src=\"https:\/\/soswtg.pl\/wp-content\/uploads\/2017\/04\/20161011_090141-300x225.jpg\" alt=\"\" width=\"300\" height=\"225\" srcset=\"https:\/\/soswtg.pl\/wp-content\/uploads\/2017\/04\/20161011_090141-300x225.jpg 300w, https:\/\/soswtg.pl\/wp-content\/uploads\/2017\/04\/20161011_090141.jpg 448w\" sizes=\"(max-width: 300px) 100vw, 300px\" \/> <img loading=\"lazy\" decoding=\"async\" class=\"alignnone size-medium wp-image-879\" src=\"https:\/\/soswtg.pl\/wp-content\/uploads\/2017\/04\/20161011_091500-225x300.jpg\" alt=\"\" width=\"225\" height=\"300\" srcset=\"https:\/\/soswtg.pl\/wp-content\/uploads\/2017\/04\/20161011_091500-225x300.jpg 225w, https:\/\/soswtg.pl\/wp-content\/uploads\/2017\/04\/20161011_091500.jpg 336w\" sizes=\"(max-width: 225px) 100vw, 225px\" \/> <img loading=\"lazy\" decoding=\"async\" class=\"alignnone size-medium wp-image-880\" src=\"https:\/\/soswtg.pl\/wp-content\/uploads\/2017\/04\/20161011_090841-300x225.jpg\" alt=\"\" width=\"300\" height=\"225\" srcset=\"https:\/\/soswtg.pl\/wp-content\/uploads\/2017\/04\/20161011_090841-300x225.jpg 300w, https:\/\/soswtg.pl\/wp-content\/uploads\/2017\/04\/20161011_090841.jpg 448w\" sizes=\"(max-width: 300px) 100vw, 300px\" \/><\/p>\n","protected":false},"excerpt":{"rendered":"<p>9 marca 2017 r. LOP zaprosi\u0142 uczni\u00f3w do Klubu Mi\u0142o\u015bnik\u00f3w Zwierz\u0105t. Dzi\u015b temat &#8222;ZWIERZ\u0118TA TO NIE ZABAWKI&#8221; Razem z go\u015bciem weterynarzem i wolontariuszem schroniska dla zwierz\u0105t w Miedarach, panem Patrykiem, rozmawiali\u015bmy o odpowiedzialno\u015bci wobec zwierz\u0105t domowych. Przechadzaj\u0105c si\u0119 w\u015br\u00f3d uczni\u00f3w,\u00a0 &hellip; <a href=\"https:\/\/soswtg.pl\/index.php\/dzialania-klubu-milosnikow-zwierzat\/\">Czytaj dalej <span class=\"meta-nav\">&rarr;<\/span><\/a><\/p>\n","protected":false},"author":1,"featured_media":0,"parent":0,"menu_order":0,"comment_status":"closed","ping_status":"closed","template":"","meta":{"footnotes":""},"class_list":["post-871","page","type-page","status-publish","hentry"],"_links":{"self":[{"href":"https:\/\/soswtg.pl\/index.php\/wp-json\/wp\/v2\/pages\/871"}],"collection":[{"href":"https:\/\/soswtg.pl\/index.php\/wp-json\/wp\/v2\/pages"}],"about":[{"href":"https:\/\/soswtg.pl\/index.php\/wp-json\/wp\/v2\/types\/page"}],"author":[{"embeddable":true,"href":"https:\/\/soswtg.pl\/index.php\/wp-json\/wp\/v2\/users\/1"}],"replies":[{"embeddable":true,"href":"https:\/\/soswtg.pl\/index.php\/wp-json\/wp\/v2\/comments?post=871"}],"version-history":[{"count":4,"href":"https:\/\/soswtg.pl\/index.php\/wp-json\/wp\/v2\/pages\/871\/revisions"}],"predecessor-version":[{"id":883,"href":"https:\/\/soswtg.pl\/index.php\/wp-json\/wp\/v2\/pages\/871\/revisions\/883"}],"wp:attachment":[{"href":"https:\/\/soswtg.pl\/index.php\/wp-json\/wp\/v2\/media?parent=871"}],"curies":[{"name":"wp","href":"https:\/\/api.w.org\/{rel}","templated":true}]}}