{"id":868,"date":"2017-04-19T18:59:07","date_gmt":"2017-04-19T16:59:07","guid":{"rendered":"http:\/\/soswtg.pl\/?page_id=868"},"modified":"2018-02-19T21:29:29","modified_gmt":"2018-02-19T20:29:29","slug":"klub-milosnikow-zwierzat","status":"publish","type":"page","link":"https:\/\/soswtg.pl\/index.php\/klub-milosnikow-zwierzat\/","title":{"rendered":"Klub Mi\u0142o\u015bnik\u00f3w Zwierz\u0105t"},"content":{"rendered":"<p><img loading=\"lazy\" decoding=\"async\" class=\"alignnone wp-image-779\" src=\"https:\/\/soswtg.pl\/wp-content\/uploads\/2017\/03\/IMG-20160923-WA0000-300x199.jpg\" alt=\"\" width=\"113\" height=\"75\" srcset=\"https:\/\/soswtg.pl\/wp-content\/uploads\/2017\/03\/IMG-20160923-WA0000-300x199.jpg 300w, https:\/\/soswtg.pl\/wp-content\/uploads\/2017\/03\/IMG-20160923-WA0000.jpg 648w\" sizes=\"(max-width: 113px) 100vw, 113px\" \/>\u00a0<span style=\"font-family: 'times new roman', times, serif; font-size: 18pt;\"><strong>Klub Mi\u0142o\u015bnik\u00f3w Zwierz\u0105t<\/strong><\/span><\/p>\n<p style=\"text-align: left;\">\u00a0<img loading=\"lazy\" decoding=\"async\" class=\"alignnone wp-image-856\" src=\"https:\/\/soswtg.pl\/wp-content\/uploads\/2017\/03\/IMG-20170419-WA0000-225x300.jpg\" alt=\"\" width=\"93\" height=\"124\" srcset=\"https:\/\/soswtg.pl\/wp-content\/uploads\/2017\/03\/IMG-20170419-WA0000-225x300.jpg 225w, https:\/\/soswtg.pl\/wp-content\/uploads\/2017\/03\/IMG-20170419-WA0000-768x1024.jpg 768w, https:\/\/soswtg.pl\/wp-content\/uploads\/2017\/03\/IMG-20170419-WA0000.jpg 1200w\" sizes=\"(max-width: 93px) 100vw, 93px\" \/>\u00a0 \u00a0 \u00a0 \u00a0<strong><span style=\"color: #003366;\">\u00a0 \u00a0 \u00a0 \u00a0 \u00a0 \u00a0 \u00a0 \u00a0 \u00a0 \u00a0 \u00a0 \u00a0 \u00a0 \u00a0 \u00a0 \u00a0 \u00a0 \u00a0 \u00a0 \u00a0 \u00a0 \u00a0 \u00a0 \u00a0 \u00a0 \u00a0 \u00a0 \u00a0 \u00a0 \u00a0 \u00a0 \u00a0 \u00a0 \u00a0 \u00a0 \u00a0 \u00a0 \u00a0 \u00a0 \u00a0UCZYMY:<\/span><\/strong><\/p>\n<p style=\"text-align: right;\">ROZUMIE\u0106,<br \/>\nWSP\u00d3\u0141ODCZUWA\u0106,<br \/>\nPOMAGA\u0106,<br \/>\nKOCHA\u0106.<\/p>\n<p>Osoby odpowiedzialne: \u00a0 \u00a0 \u00a0 \u00a0 \u00a0 \u00a0 \u00a0 \u00a0 \u00a0 \u00a0 \u00a0 \u00a0 \u00a0 \u00a0 \u00a0 \u00a0 \u00a0 \u00a0 \u00a0 \u00a0<a href=\"https:\/\/soswtg.pl\/index.php\/dzialania-klubu-milosnikow-zwierzat\/\">DZIA\u0141ANIA KLUBU<\/a><\/p>\n<ul style=\"list-style-type: square;\">\n<li>Nina Stepek<\/li>\n<li>Katarzyna Kurzeja<\/li>\n<li>Dominika Musik<\/li>\n<\/ul>\n<ul style=\"list-style-type: circle;\">\n<li>Proponujemy cykliczne zaj\u0119cia edukacyjno &#8211; profilaktyczne ze zwierz\u0119tami przy udziale lekarzy weterynarii, behawioryst\u00f3w i os\u00f3b pracuj\u0105cych w schroniskach dla zwierz\u0105t.<\/li>\n<li>Prowadzimy dla uczni\u00f3w zaj\u0119cia socjoterapeutyczne z elementami dogo i felinoterapii.<\/li>\n<li>Wsp\u00f3\u0142pracujemy ze schroniskami z powiatu tarnog\u00f3rskiego, organizujemy wycieczki, wyj\u015bcia uczni\u00f3w do schronisk i azylu dla zwierz\u0105t.<\/li>\n<\/ul>\n<p><a href=\"https:\/\/soswtg.pl\/wp-content\/uploads\/2017\/04\/artyku\u0142-terapia-na-cztery-\u0142apy.pdf\">artyku\u0142 terapia na cztery \u0142apy<\/a><\/p>\n","protected":false},"excerpt":{"rendered":"<p>\u00a0Klub Mi\u0142o\u015bnik\u00f3w Zwierz\u0105t \u00a0\u00a0 \u00a0 \u00a0 \u00a0\u00a0 \u00a0 \u00a0 \u00a0 \u00a0 \u00a0 \u00a0 \u00a0 \u00a0 \u00a0 \u00a0 \u00a0 \u00a0 \u00a0 \u00a0 \u00a0 \u00a0 \u00a0 \u00a0 \u00a0 \u00a0 \u00a0 \u00a0 \u00a0 \u00a0 \u00a0 \u00a0 \u00a0 \u00a0 \u00a0 \u00a0 \u00a0 \u00a0 \u00a0 &hellip; <a href=\"https:\/\/soswtg.pl\/index.php\/klub-milosnikow-zwierzat\/\">Czytaj dalej <span class=\"meta-nav\">&rarr;<\/span><\/a><\/p>\n","protected":false},"author":1,"featured_media":0,"parent":0,"menu_order":0,"comment_status":"closed","ping_status":"closed","template":"","meta":{"footnotes":""},"class_list":["post-868","page","type-page","status-publish","hentry"],"_links":{"self":[{"href":"https:\/\/soswtg.pl\/index.php\/wp-json\/wp\/v2\/pages\/868"}],"collection":[{"href":"https:\/\/soswtg.pl\/index.php\/wp-json\/wp\/v2\/pages"}],"about":[{"href":"https:\/\/soswtg.pl\/index.php\/wp-json\/wp\/v2\/types\/page"}],"author":[{"embeddable":true,"href":"https:\/\/soswtg.pl\/index.php\/wp-json\/wp\/v2\/users\/1"}],"replies":[{"embeddable":true,"href":"https:\/\/soswtg.pl\/index.php\/wp-json\/wp\/v2\/comments?post=868"}],"version-history":[{"count":4,"href":"https:\/\/soswtg.pl\/index.php\/wp-json\/wp\/v2\/pages\/868\/revisions"}],"predecessor-version":[{"id":2192,"href":"https:\/\/soswtg.pl\/index.php\/wp-json\/wp\/v2\/pages\/868\/revisions\/2192"}],"wp:attachment":[{"href":"https:\/\/soswtg.pl\/index.php\/wp-json\/wp\/v2\/media?parent=868"}],"curies":[{"name":"wp","href":"https:\/\/api.w.org\/{rel}","templated":true}]}}