{"id":823,"date":"2017-04-11T22:39:21","date_gmt":"2017-04-11T20:39:21","guid":{"rendered":"http:\/\/soswtg.pl\/?page_id=823"},"modified":"2020-01-09T09:18:36","modified_gmt":"2020-01-09T08:18:36","slug":"zajecia-informatyczne","status":"publish","type":"page","link":"https:\/\/soswtg.pl\/index.php\/zajecia-informatyczne\/","title":{"rendered":"Zaj\u0119cia informatyczne"},"content":{"rendered":"<p>&nbsp;\n<\/p><p style=\"text-align: justify;\"><span style=\"font-family: 'times new roman', times, serif; font-size: 14pt;\"><strong>Infoterapia&nbsp;<\/strong><\/span><\/p>\n<p><span style=\"font-size: 14pt; font-family: times new roman, times, serif;\">Uczniowie&nbsp; dzi\u0119ki&nbsp; komputerom&nbsp; wyposa\u017conym w specjalne&nbsp; klawiatury edukacyjne i&nbsp; myszy&nbsp; komputerowe,&nbsp; programom&nbsp; edukacyjnym&nbsp; ucz\u0105&nbsp; si\u0119&nbsp; poznawa\u0107 otaczaj\u0105cy \u015bwiat, &nbsp; zdobywaj\u0105 &nbsp; nowe &nbsp; umiej\u0119tno\u015bci,&nbsp; wiedz\u0119 &nbsp; na &nbsp; temat&nbsp; obs\u0142ugi &nbsp; komputera, program\u00f3w&nbsp; u\u017cytkowych,&nbsp;&nbsp; usprawniaj\u0105&nbsp; si\u0119&nbsp; w&nbsp; zakresie &nbsp; proces\u00f3w &nbsp; orientacyjno-poznawczych,&nbsp; my\u015blenia&nbsp; i&nbsp; mowy, czy&nbsp; koordynacj i wzrokowo-ruchowej.&nbsp; Poprzez zabaw\u0119 ucz\u0105 si\u0119 bezpiecznego i rozwa\u017cnego korzystania z Internetu, z zachowaniem zasad&nbsp; bezpiecze\u0144stwa.&nbsp; Poznaj\u0105&nbsp; problem&nbsp; cyberprzemocy &nbsp;a&nbsp; tak\u017ce&nbsp; wykorzystywa\u0107 szeroko&nbsp; dzi\u015b&nbsp; dost\u0119pne&nbsp; techniki&nbsp; cyfrowe w warto\u015bciowy spos\u00f3b. Zaj\u0119cia&nbsp; maj\u0105&nbsp; za zadanie pom\u00f3c uczniom w bezpiecznym korzystaniu ze \u015brodk\u00f3w technologii informatycznej, si\u0119ganiu do informacji wyra\u017canej w&nbsp;r\u00f3\u017cnych formach, przygotowa\u0107 uczni\u00f3w&nbsp; do&nbsp; \u017cycia&nbsp; w&nbsp; globalnym spo\u0142ecze\u0144stwie,&nbsp; a przede wszystkim dostarczenie umiej\u0119tno\u015bci &nbsp; korzystania&nbsp; z&nbsp; technologii &nbsp; informacyjnej&nbsp; i&nbsp; komunikacyjnej&nbsp; (TIK) w&nbsp; uczeniu &nbsp; si\u0119 &nbsp; i &nbsp; rozwi\u0105zywaniu &nbsp; problem\u00f3w &nbsp; z &nbsp; tym &nbsp; zwi\u0105zanych,&nbsp; w&nbsp;&nbsp; spos\u00f3b dostosowany do ich poziomu niepe\u0142nosprawno\u015bci intelektualnej.<\/span><\/p>\n<p><span style=\"font-family: 'times new roman', times, serif; font-size: 14pt;\">&nbsp;<\/span><\/p>\n\n\n<div class=\"wp-block-image\"><figure class=\"aligncenter is-resized\"><img loading=\"lazy\" decoding=\"async\" src=\"https:\/\/soswtg.pl\/wp-content\/uploads\/2020\/01\/infoterapia-1024x768.jpg\" alt=\"\" class=\"wp-image-5332\" width=\"512\" height=\"384\" srcset=\"https:\/\/soswtg.pl\/wp-content\/uploads\/2020\/01\/infoterapia-1024x768.jpg 1024w, https:\/\/soswtg.pl\/wp-content\/uploads\/2020\/01\/infoterapia-300x225.jpg 300w, https:\/\/soswtg.pl\/wp-content\/uploads\/2020\/01\/infoterapia-768x576.jpg 768w, https:\/\/soswtg.pl\/wp-content\/uploads\/2020\/01\/infoterapia.jpg 1280w\" sizes=\"(max-width: 512px) 100vw, 512px\" \/><figcaption>jhdr<\/figcaption><\/figure><\/div>\n","protected":false},"excerpt":{"rendered":"<p>&nbsp; Infoterapia&nbsp; Uczniowie&nbsp; dzi\u0119ki&nbsp; komputerom&nbsp; wyposa\u017conym w specjalne&nbsp; klawiatury edukacyjne i&nbsp; myszy&nbsp; komputerowe,&nbsp; programom&nbsp; edukacyjnym&nbsp; ucz\u0105&nbsp; si\u0119&nbsp; poznawa\u0107 otaczaj\u0105cy \u015bwiat, &nbsp; zdobywaj\u0105 &nbsp; nowe &nbsp; umiej\u0119tno\u015bci,&nbsp; wiedz\u0119 &nbsp; na &nbsp; temat&nbsp; obs\u0142ugi &nbsp; komputera, program\u00f3w&nbsp; u\u017cytkowych,&nbsp;&nbsp; usprawniaj\u0105&nbsp; si\u0119&nbsp; w&nbsp; zakresie &hellip; <a href=\"https:\/\/soswtg.pl\/index.php\/zajecia-informatyczne\/\">Czytaj dalej <span class=\"meta-nav\">&rarr;<\/span><\/a><\/p>\n","protected":false},"author":1,"featured_media":0,"parent":0,"menu_order":0,"comment_status":"closed","ping_status":"closed","template":"","meta":{"footnotes":""},"class_list":["post-823","page","type-page","status-publish","hentry"],"_links":{"self":[{"href":"https:\/\/soswtg.pl\/index.php\/wp-json\/wp\/v2\/pages\/823"}],"collection":[{"href":"https:\/\/soswtg.pl\/index.php\/wp-json\/wp\/v2\/pages"}],"about":[{"href":"https:\/\/soswtg.pl\/index.php\/wp-json\/wp\/v2\/types\/page"}],"author":[{"embeddable":true,"href":"https:\/\/soswtg.pl\/index.php\/wp-json\/wp\/v2\/users\/1"}],"replies":[{"embeddable":true,"href":"https:\/\/soswtg.pl\/index.php\/wp-json\/wp\/v2\/comments?post=823"}],"version-history":[{"count":5,"href":"https:\/\/soswtg.pl\/index.php\/wp-json\/wp\/v2\/pages\/823\/revisions"}],"predecessor-version":[{"id":5334,"href":"https:\/\/soswtg.pl\/index.php\/wp-json\/wp\/v2\/pages\/823\/revisions\/5334"}],"wp:attachment":[{"href":"https:\/\/soswtg.pl\/index.php\/wp-json\/wp\/v2\/media?parent=823"}],"curies":[{"name":"wp","href":"https:\/\/api.w.org\/{rel}","templated":true}]}}