{"id":8191,"date":"2024-04-07T19:49:12","date_gmt":"2024-04-07T17:49:12","guid":{"rendered":"https:\/\/soswtg.pl\/?page_id=8191"},"modified":"2024-12-17T19:44:12","modified_gmt":"2024-12-17T18:44:12","slug":"standardy-ochrony-maloletnich-w-sosw","status":"publish","type":"page","link":"https:\/\/soswtg.pl\/index.php\/standardy-ochrony-maloletnich-w-sosw\/","title":{"rendered":"Standardy Ochrony Ma\u0142oletnich  w SOSW"},"content":{"rendered":"\n<p class=\"western\" lang=\"pl-PL\" align=\"left\"><span style=\"color: #231f20;\"><span style=\"font-family: Times New Roman, serif;\"><span style=\"font-size: medium;\">Dokument Standardy Ochrony Ma\u0142oletnich wprowadzony w Specjalnym O\u015brodku Szkolno \u2013 Wychowawczym w Tarnowskich G\u00f3rach zosta\u0142 opracowany zgodnie z ustaw\u0105 z dnia 28 lipca 2023 r. o zmianie ustawy \u2013 Kodeks rodzinny i opieku\u0144czy (Dz.U. poz. 1606). <\/span><\/span><\/span><\/p>\n\n\n\n<div data-wp-interactive=\"core\/file\" class=\"wp-block-file\"><object data-wp-bind--hidden=\"!state.hasPdfPreview\"  class=\"wp-block-file__embed\" data=\"https:\/\/soswtg.pl\/wp-content\/uploads\/2024\/04\/Standardy-ochrony-dzieci-w-SOSW.pdf\" type=\"application\/pdf\" style=\"width:100%;height:600px\" aria-label=\"Osadzone z Standardy-ochrony-dzieci-w-SOSW.\"><\/object><a id=\"wp-block-file--media-794cddce-b8a2-4430-854b-4d2bf0536a15\" href=\"https:\/\/soswtg.pl\/wp-content\/uploads\/2024\/04\/Standardy-ochrony-dzieci-w-SOSW.pdf\">Standardy-ochrony-dzieci-w-SOSW<\/a><a href=\"https:\/\/soswtg.pl\/wp-content\/uploads\/2024\/04\/Standardy-ochrony-dzieci-w-SOSW.pdf\" class=\"wp-block-file__button wp-element-button\" download aria-describedby=\"wp-block-file--media-794cddce-b8a2-4430-854b-4d2bf0536a15\">Pobierz<\/a><\/div>\n\n\n\n\n\n<p style=\"text-align: center;\"><strong>PROCEDURY<\/strong><\/p>\n<p><a href=\"https:\/\/soswtg.pl\/wp-content\/uploads\/2023\/04\/Procedura-postepowania-z-uczniem-sprawiajacym-trudnosci-wychowawcze.pdf\">Procedura post\u0119powania z uczniem sprawiaj\u0105cym trudno\u015bci wychowawcze<\/a><\/p>\n","protected":false},"excerpt":{"rendered":"<p>Dokument Standardy Ochrony Ma\u0142oletnich wprowadzony w Specjalnym O\u015brodku Szkolno \u2013 Wychowawczym w Tarnowskich G\u00f3rach zosta\u0142 opracowany zgodnie z ustaw\u0105 z dnia 28 lipca 2023 r. o zmianie ustawy \u2013 Kodeks rodzinny i opieku\u0144czy (Dz.U. poz. 1606). PROCEDURY Procedura post\u0119powania z &hellip; <a href=\"https:\/\/soswtg.pl\/index.php\/standardy-ochrony-maloletnich-w-sosw\/\">Czytaj dalej <span class=\"meta-nav\">&rarr;<\/span><\/a><\/p>\n","protected":false},"author":1,"featured_media":0,"parent":0,"menu_order":0,"comment_status":"closed","ping_status":"closed","template":"","meta":{"footnotes":""},"class_list":["post-8191","page","type-page","status-publish","hentry"],"_links":{"self":[{"href":"https:\/\/soswtg.pl\/index.php\/wp-json\/wp\/v2\/pages\/8191"}],"collection":[{"href":"https:\/\/soswtg.pl\/index.php\/wp-json\/wp\/v2\/pages"}],"about":[{"href":"https:\/\/soswtg.pl\/index.php\/wp-json\/wp\/v2\/types\/page"}],"author":[{"embeddable":true,"href":"https:\/\/soswtg.pl\/index.php\/wp-json\/wp\/v2\/users\/1"}],"replies":[{"embeddable":true,"href":"https:\/\/soswtg.pl\/index.php\/wp-json\/wp\/v2\/comments?post=8191"}],"version-history":[{"count":2,"href":"https:\/\/soswtg.pl\/index.php\/wp-json\/wp\/v2\/pages\/8191\/revisions"}],"predecessor-version":[{"id":8786,"href":"https:\/\/soswtg.pl\/index.php\/wp-json\/wp\/v2\/pages\/8191\/revisions\/8786"}],"wp:attachment":[{"href":"https:\/\/soswtg.pl\/index.php\/wp-json\/wp\/v2\/media?parent=8191"}],"curies":[{"name":"wp","href":"https:\/\/api.w.org\/{rel}","templated":true}]}}