{"id":8024,"date":"2024-01-25T09:09:36","date_gmt":"2024-01-25T08:09:36","guid":{"rendered":"https:\/\/soswtg.pl\/?page_id=8024"},"modified":"2024-12-17T19:42:20","modified_gmt":"2024-12-17T18:42:20","slug":"patron-sosw","status":"publish","type":"page","link":"https:\/\/soswtg.pl\/index.php\/patron-sosw\/","title":{"rendered":"Patron SOSW"},"content":{"rendered":"\n<h2 class=\"wp-block-heading has-text-align-center\"><strong>Etapy nadania imienia <\/strong><br><strong>Specjalnemu O\u015brodkowi Szkolno &#8211; Wychowawczemu <\/strong><br><strong>w Tarnowskich G\u00f3rach.<\/strong><br><\/h2>\n\n\n\n<h2><img loading=\"lazy\" decoding=\"async\" class=\"aligncenter wp-image-8383 size-full\" src=\"https:\/\/soswtg.pl\/wp-content\/uploads\/2024\/05\/Plakat-1.png\" alt=\"\" width=\"1920\" height=\"2688\" srcset=\"https:\/\/soswtg.pl\/wp-content\/uploads\/2024\/05\/Plakat-1.png 1920w, https:\/\/soswtg.pl\/wp-content\/uploads\/2024\/05\/Plakat-1-214x300.png 214w, https:\/\/soswtg.pl\/wp-content\/uploads\/2024\/05\/Plakat-1-768x1075.png 768w, https:\/\/soswtg.pl\/wp-content\/uploads\/2024\/05\/Plakat-1-1097x1536.png 1097w, https:\/\/soswtg.pl\/wp-content\/uploads\/2024\/05\/Plakat-1-1463x2048.png 1463w\" sizes=\"(max-width: 1920px) 100vw, 1920px\" \/><\/h2>\n<h2><span style=\"color: #ff0000;\"><span style=\"color: #000000;\">Aby lepiej pozna\u0107 sylwetk\u0119 patrona, uczniowie wzi\u0119li udzia\u0142 w konkursie wiedzy o Krzysztofie Respondku. Wyniki zostan\u0105 og\u0142oszone w dniu uroczystego nadania szkole imienia &#8211; 6 czerwca 2024 r.<\/span><\/span><\/h2>\n<hr>\n<h2><span style=\"color: #ff0000;\"><span style=\"color: #000000;\">&nbsp;<\/span><strong><br>Wyniki referendum wy\u0142oni\u0142y patrona naszego o\u015brodka, kt\u00f3rym&nbsp;zosta\u0142 KRZYSZTOF RESPONDEK!<br><img loading=\"lazy\" decoding=\"async\" class=\"alignnone size-medium wp-image-8056\" src=\"https:\/\/soswtg.pl\/wp-content\/uploads\/2024\/02\/Respondek-293x300.jpg\" alt=\"\" width=\"293\" height=\"300\" srcset=\"https:\/\/soswtg.pl\/wp-content\/uploads\/2024\/02\/Respondek-293x300.jpg 293w, https:\/\/soswtg.pl\/wp-content\/uploads\/2024\/02\/Respondek.jpg 430w\" sizes=\"(max-width: 293px) 100vw, 293px\" \/><\/strong><br><\/span><\/h2>\n\n\n\n<h2>Zako\u0144czono pierwszy etap procedury i wy\u0142oniono 3 kandydat\u00f3w, kt\u00f3rzy przeszli do kolejnego etapu wyboru patrona szko\u0142y. <br><strong>S\u0105 to:<\/strong><\/h2>\n\n\n\n<div class=\"wp-block-columns alignwide is-layout-flex wp-container-core-columns-is-layout-1 wp-block-columns-is-layout-flex\" style=\"margin-bottom:0\">\n<div class=\"wp-block-column has-text-color has-background has-link-color wp-elements-aa5540c3c004a5c24ca94e0380d979b9 is-layout-flow wp-block-column-is-layout-flow\" style=\"color:#000000;background-color:#ffe97d;padding-top:2em;padding-right:2em;padding-bottom:2em;padding-left:2em\">\n<p><span style=\"color: #000000;\"><em><span style=\"font-family: Arial, sans-serif;\"><span style=\"font-size: x-large;\">Janusz Korczak<\/span><\/span><\/em><\/span><\/p>\n<p><img loading=\"lazy\" decoding=\"async\" class=\"alignnone  wp-image-8057\" src=\"https:\/\/soswtg.pl\/wp-content\/uploads\/2024\/02\/Janusz_Korczak-1.png\" alt=\"\" width=\"141\" height=\"176\"><\/p>\n<p style=\"text-align: center;\">Teoretyk i praktyk wychowania, tw\u00f3rca oryginalnego systemu pracy z dzie\u0107mi, opartego na partnerstwie. Badacz \u015bwiata dzieci. By\u0142 pionierem dzia\u0142a\u0144 w dziedzinie diagnozowania wychowawczego oraz prekursorem dzia\u0142a\u0144 na rzecz praw dziecka.<\/p>\n<\/div>\n\n\n\n<div class=\"wp-block-column has-text-color has-background has-link-color wp-elements-a86a7b420cacfeb8ff702b7ffcea96bc is-layout-flow wp-block-column-is-layout-flow\" style=\"color:#000000;background-color:#d1d1e1;padding-top:2em;padding-right:2em;padding-bottom:2em;padding-left:2em\">\n<h6><span style=\"color: #000000;\"><em><span style=\"font-family: Arial, sans-serif;\"><span style=\"font-size: x-large;\">Krzysztof Respondek<\/span><\/span><\/em><\/span><\/h6>\n<p><img loading=\"lazy\" decoding=\"async\" class=\"alignnone size-large wp-image-8056\" src=\"https:\/\/soswtg.pl\/wp-content\/uploads\/2024\/02\/Respondek-293x300.jpg\" alt=\"\" width=\"293\" height=\"300\" srcset=\"https:\/\/soswtg.pl\/wp-content\/uploads\/2024\/02\/Respondek-293x300.jpg 293w, https:\/\/soswtg.pl\/wp-content\/uploads\/2024\/02\/Respondek.jpg 430w\" sizes=\"(max-width: 293px) 100vw, 293px\" \/><\/p>\n<p style=\"text-align: center;\">Polski&nbsp;aktor,&nbsp;<br>piosenkarz&nbsp;i&nbsp;artysta&nbsp; kabaretowy. <br>Od urodzenia zwi\u0105zany z Powiatem Tarnog\u00f3rskim,&nbsp; laureat nagrody Srebrne Skrzyd\u0142a.<br><span style=\"color: #000000;\"><span style=\"font-family: Arial, sans-serif;\"><span style=\"font-size: medium;\">Zwyci\u0119zca programu rozrywkowego <\/span><\/span><\/span><span style=\"color: #000000;\"><span style=\"font-family: Arial, sans-serif;\"><span style=\"font-size: medium;\">J<\/span><\/span><\/span><span style=\"color: #000000;\"><span style=\"font-family: Arial, sans-serif;\"><span style=\"font-size: medium;\"><i>ak oni \u015bpiewaj\u0105<\/i><\/span><\/span><\/span><span style=\"color: #000000;\"><span style=\"font-family: Arial, sans-serif;\"><span style=\"font-size: medium;\">, z kt\u00f3rego wszystkie nagrody przeznaczy\u0142 na cele charytatywne.<\/span><\/span><\/span><\/p>\n<\/div>\n\n\n\n<div class=\"wp-block-column has-text-color has-background has-link-color wp-elements-a742bdf727b3b474ccd8509e99e7d208 is-layout-flow wp-block-column-is-layout-flow\" style=\"color:#000000;background-color:#c0ebf1;padding-top:2em;padding-right:2em;padding-bottom:2em;padding-left:2em\">\n<p><span style=\"color: #000000;\"><span style=\"font-family: Arial, sans-serif;\"><span style=\"font-size: x-large;\"><i>\u015bw. Jan Pawe\u0142 II<\/i><\/span><\/span><\/span><\/p>\n<p><img loading=\"lazy\" decoding=\"async\" class=\"alignnone size-large wp-image-8058\" src=\"https:\/\/soswtg.pl\/wp-content\/uploads\/2024\/02\/pomneijzone-pogodny-255x300.jpg\" alt=\"\" width=\"255\" height=\"300\" srcset=\"https:\/\/soswtg.pl\/wp-content\/uploads\/2024\/02\/pomneijzone-pogodny-255x300.jpg 255w, https:\/\/soswtg.pl\/wp-content\/uploads\/2024\/02\/pomneijzone-pogodny-768x903.jpg 768w, https:\/\/soswtg.pl\/wp-content\/uploads\/2024\/02\/pomneijzone-pogodny-1306x1536.jpg 1306w, https:\/\/soswtg.pl\/wp-content\/uploads\/2024\/02\/pomneijzone-pogodny-1741x2048.jpg 1741w, https:\/\/soswtg.pl\/wp-content\/uploads\/2024\/02\/pomneijzone-pogodny.jpg 1992w\" sizes=\"(max-width: 255px) 100vw, 255px\" \/><\/p>\n\n\n\n<p class=\"has-text-align-center\">Papie\u017c prze\u0142om\u00f3w, my\u015bliciel i filozof, cz\u0142owiek kultury i sztuki, poeta i aktor, mi\u0142o\u015bnik g\u00f3r, cz\u0142owiek pokoju i dialogu, niestrudzony pielgrzym, inspirator przemian na \u015bwiecie, mistyk, cz\u0142owiek wiary.<\/p>\n\n\n\n<hr class=\"wp-block-separator has-css-opacity is-style-wide\"\/>\n<\/div>\n<\/div>\n\n\n\n<h2 class=\"wp-block-heading has-black-color has-text-color has-background\" style=\"background-color:#74b3ed\">Og\u00f3lnoszkolne referendum odb\u0119dzie si\u0119 w dniach <br>25-27 marca 2024 r.<\/h2>\n\n\n\n<h2 class=\"wp-block-heading has-blue-color has-text-color has-background\" style=\"background-color:#9fefb2\">G\u0142osowa\u0107 mog\u0105 uczniowie i ich rodzice oraz  pracownicy SOSW<\/h2>\n\n\n\n<div class=\"wp-block-group\"><div class=\"wp-block-group__inner-container is-layout-flow wp-block-group-is-layout-flow\">\n<h2 class=\"wp-block-preformatted\">Przed nami trudna i odpowiedzialna decyzja. Na etapie zg\u0142aszania kandydatur nale\u017ca\u0142o uzasadni\u0107 swoj\u0105 propozycj\u0119. <br><strong>Oto kilka uzasadnie\u0144:<\/strong><\/h2>\n\n\n\n<div class=\"wp-block-media-text alignwide has-media-on-the-right is-stacked-on-mobile is-vertically-aligned-center has-background\" style=\"background-color:#f1f5c7;grid-template-columns:auto 34%\"><div class=\"wp-block-media-text__content\">\n<div class=\"wp-block-group\" style=\"padding-top:2em;padding-right:2em;padding-bottom:2em;padding-left:2em\"><div class=\"wp-block-group__inner-container is-layout-flow wp-block-group-is-layout-flow\">\n<p class=\"has-large-font-size\">Janusz Korczak <\/p>\n\n\n\n<p class=\"has-extra-small-font-size\"><em>&#8222;Dzia\u0142acz spo\u0142eczny na rzecz dzieci, wybitny lekarz, doskona\u0142y pedagog&#8221;<\/em><\/p>\n\n\n\n<p><em>&#8222;Przez swoj\u0105 prac\u0119  s\u0142u\u017cy\u0142 dzieciom jako lekarz cia\u0142a i duszy, pedagog i autor wspania\u0142ych bajek dla dzieci. Takich ludzi potrzebuj\u0105 r\u00f3wnie\u017c dzieci obecnie&#8221;<\/em><\/p>\n\n\n\n<p><em>&#8222;Mo\u017ce by\u0107 znakomitym patronem naszej szko\u0142y, gdy\u017c w centrum jego dzia\u0142alno\u015bci znajdowa\u0142o si\u0119 dziecko i w\u0142a\u015bnie dzieciom po\u015bwi\u0119ci\u0142 ca\u0142e swoje \u017cycie&#8221;<\/em><\/p>\n<\/div><\/div>\n<\/div><figure class=\"wp-block-media-text__media\"><img loading=\"lazy\" decoding=\"async\" width=\"232\" height=\"288\" src=\"https:\/\/soswtg.pl\/wp-content\/uploads\/2024\/02\/Janusz_Korczak-1.png\" alt=\"\" class=\"wp-image-8057 size-full\"\/><\/figure><\/div>\n\n\n\n<div class=\"wp-block-media-text alignwide is-stacked-on-mobile is-vertically-aligned-center has-background\" style=\"background-color:#fffdea;grid-template-columns:31% auto\"><figure class=\"wp-block-media-text__media\"><img loading=\"lazy\" decoding=\"async\" width=\"293\" height=\"300\" src=\"https:\/\/soswtg.pl\/wp-content\/uploads\/2024\/02\/Respondek-293x300.jpg\" alt=\"\" class=\"wp-image-8056 size-full\" srcset=\"https:\/\/soswtg.pl\/wp-content\/uploads\/2024\/02\/Respondek-293x300.jpg 293w, https:\/\/soswtg.pl\/wp-content\/uploads\/2024\/02\/Respondek.jpg 430w\" sizes=\"(max-width: 293px) 100vw, 293px\" \/><\/figure><div class=\"wp-block-media-text__content\">\n<div class=\"wp-block-group\" style=\"padding-top:2em;padding-right:2em;padding-bottom:2em;padding-left:2em\"><div class=\"wp-block-group__inner-container is-layout-flow wp-block-group-is-layout-flow\">\n<p style=\"font-size:36px;line-height:1.2\">Krzysztof Respondek<\/p>\n\n\n\n<p><em>&#8221; Pochodzi\u0142 z Tarnowskich G\u00f3r, by\u0142 laureatem nagrody Srebrne Skrzyd\u0142a. By\u0142 zaanga\u017cowany w dzia\u0142alno\u015b\u0107 fundacji na rzecz dzieci z dysfunkcjami&#8221;<\/em><\/p>\n\n\n\n<p><em>&#8222;Cz\u0142owiek o ogromnym sercu dla ludzi, zw\u0142aszcza dla dzieci, w tym dla uczni\u00f3w z naszego o\u015brodka&#8221;<\/em><\/p>\n\n\n\n<p><em>&#8222;Cz\u0142owiek estrady, promuj\u0105cy w pi\u0119kny spos\u00f3b gwar\u0119 \u015bl\u0105sk\u0105 i to\u017csamo\u015b\u0107 \u015al\u0105zaka&#8221;<\/em><\/p>\n\n\n\n<p><em>&#8222;Wielki Tarnog\u00f3rzanin, kt\u00f3ry zawsze mia\u0142 czas dla innych&#8221;<\/em><\/p>\n<\/div><\/div>\n<\/div><\/div>\n\n\n<a class=\"wp-block-read-more\" href=\"https:\/\/soswtg.pl\/index.php\/patron-sosw\/\" target=\"_self\">Dowiedz si\u0119 wi\u0119cej<span class=\"screen-reader-text\">: Patron SOSW<\/span><\/a><\/div><\/div>\n\n\n\n<div class=\"wp-block-media-text alignwide has-media-on-the-right is-stacked-on-mobile is-vertically-aligned-center has-background\" style=\"background-color:#f1f5c7;grid-template-columns:auto 35%\"><div class=\"wp-block-media-text__content\">\n<div class=\"wp-block-group\" style=\"padding-top:2em;padding-right:2em;padding-bottom:2em;padding-left:2em\"><div class=\"wp-block-group__inner-container is-layout-flow wp-block-group-is-layout-flow\">\n<p style=\"font-size:36px;line-height:1.2\">Jan Pawe\u0142 II <\/p>\n\n\n\n<p class=\"has-extra-small-font-size\"><em>&#8222;Wyj\u0105tkowy cz\u0142owiek &#8211; dobry, zdolny, pobo\u017cny, z kt\u00f3rego mo\u017cna bra\u0107 przyk\u0142ad. Godny na\u015bladowania&#8221;<\/em><\/p>\n\n\n\n<p><em>&#8222;Bo swoim \u017cyciem dawa\u0142 przyk\u0142ad jak \u017cy\u0107&#8221; <\/em><\/p>\n\n\n\n<p><em>&#8221; By\u0142 znanym na ca\u0142ym \u015bwiecie Polakiem &#8211; Papie\u017cem, a przy tym dobrym cz\u0142owiekiem&#8221;<\/em><\/p>\n<\/div><\/div>\n<\/div><figure class=\"wp-block-media-text__media\"><img loading=\"lazy\" decoding=\"async\" width=\"255\" height=\"300\" src=\"https:\/\/soswtg.pl\/wp-content\/uploads\/2024\/02\/pomneijzone-pogodny-255x300.jpg\" alt=\"\" class=\"wp-image-8058 size-full\" srcset=\"https:\/\/soswtg.pl\/wp-content\/uploads\/2024\/02\/pomneijzone-pogodny-255x300.jpg 255w, https:\/\/soswtg.pl\/wp-content\/uploads\/2024\/02\/pomneijzone-pogodny-768x903.jpg 768w, https:\/\/soswtg.pl\/wp-content\/uploads\/2024\/02\/pomneijzone-pogodny-1306x1536.jpg 1306w, https:\/\/soswtg.pl\/wp-content\/uploads\/2024\/02\/pomneijzone-pogodny-1741x2048.jpg 1741w, https:\/\/soswtg.pl\/wp-content\/uploads\/2024\/02\/pomneijzone-pogodny.jpg 1992w\" sizes=\"(max-width: 255px) 100vw, 255px\" \/><\/figure><\/div>\n\n\n\n<h1><a href=\"https:\/\/soswtg.pl\/wp-content\/uploads\/2024\/01\/Procedura-nadania-imienia.pdf\">Procedura nadania imienia<\/a><\/h1>\n\n\n\n<p><a href=\"https:\/\/soswtg.pl\/wp-content\/uploads\/2024\/02\/KANDYDACI-NA-PATRONA.pptx\">KANDYDACI NA PATRONA<\/a> &#8211; prezentacja\u00a0<\/p>\n<p>\u00a0<\/p>\n<p style=\"text-align: center;\">\u00a0<\/p>\n","protected":false},"excerpt":{"rendered":"<p>Etapy nadania imienia Specjalnemu O\u015brodkowi Szkolno &#8211; Wychowawczemu w Tarnowskich G\u00f3rach. Aby lepiej pozna\u0107 sylwetk\u0119 patrona, uczniowie wzi\u0119li udzia\u0142 w konkursie wiedzy o Krzysztofie Respondku. Wyniki zostan\u0105 og\u0142oszone w dniu uroczystego nadania szkole imienia &#8211; 6 czerwca 2024 r. &nbsp;Wyniki &hellip; <a href=\"https:\/\/soswtg.pl\/index.php\/patron-sosw\/\">Czytaj dalej <span class=\"meta-nav\">&rarr;<\/span><\/a><\/p>\n","protected":false},"author":1,"featured_media":0,"parent":0,"menu_order":0,"comment_status":"closed","ping_status":"closed","template":"","meta":{"footnotes":""},"class_list":["post-8024","page","type-page","status-publish","hentry"],"_links":{"self":[{"href":"https:\/\/soswtg.pl\/index.php\/wp-json\/wp\/v2\/pages\/8024"}],"collection":[{"href":"https:\/\/soswtg.pl\/index.php\/wp-json\/wp\/v2\/pages"}],"about":[{"href":"https:\/\/soswtg.pl\/index.php\/wp-json\/wp\/v2\/types\/page"}],"author":[{"embeddable":true,"href":"https:\/\/soswtg.pl\/index.php\/wp-json\/wp\/v2\/users\/1"}],"replies":[{"embeddable":true,"href":"https:\/\/soswtg.pl\/index.php\/wp-json\/wp\/v2\/comments?post=8024"}],"version-history":[{"count":25,"href":"https:\/\/soswtg.pl\/index.php\/wp-json\/wp\/v2\/pages\/8024\/revisions"}],"predecessor-version":[{"id":8785,"href":"https:\/\/soswtg.pl\/index.php\/wp-json\/wp\/v2\/pages\/8024\/revisions\/8785"}],"wp:attachment":[{"href":"https:\/\/soswtg.pl\/index.php\/wp-json\/wp\/v2\/media?parent=8024"}],"curies":[{"name":"wp","href":"https:\/\/api.w.org\/{rel}","templated":true}]}}