{"id":7604,"date":"2023-04-18T10:40:08","date_gmt":"2023-04-18T08:40:08","guid":{"rendered":"https:\/\/soswtg.pl\/?page_id=7604"},"modified":"2023-04-18T10:41:45","modified_gmt":"2023-04-18T08:41:45","slug":"procedury","status":"publish","type":"page","link":"https:\/\/soswtg.pl\/index.php\/procedury\/","title":{"rendered":"PROCEDURY"},"content":{"rendered":"\n\n\n<p><a href=\"https:\/\/soswtg.pl\/wp-content\/uploads\/2023\/04\/Procedura-postepowania-z-uczniem-sprawiajacym-trudnosci-wychowawcze.pdf\">Procedura post\u0119powania z uczniem sprawiaj\u0105cym trudno\u015bci wychowawcze<\/a><\/p>\n","protected":false},"excerpt":{"rendered":"<p>Procedura post\u0119powania z uczniem sprawiaj\u0105cym trudno\u015bci wychowawcze<\/p>\n","protected":false},"author":1,"featured_media":0,"parent":0,"menu_order":0,"comment_status":"closed","ping_status":"closed","template":"","meta":{"footnotes":""},"class_list":["post-7604","page","type-page","status-publish","hentry"],"_links":{"self":[{"href":"https:\/\/soswtg.pl\/index.php\/wp-json\/wp\/v2\/pages\/7604"}],"collection":[{"href":"https:\/\/soswtg.pl\/index.php\/wp-json\/wp\/v2\/pages"}],"about":[{"href":"https:\/\/soswtg.pl\/index.php\/wp-json\/wp\/v2\/types\/page"}],"author":[{"embeddable":true,"href":"https:\/\/soswtg.pl\/index.php\/wp-json\/wp\/v2\/users\/1"}],"replies":[{"embeddable":true,"href":"https:\/\/soswtg.pl\/index.php\/wp-json\/wp\/v2\/comments?post=7604"}],"version-history":[{"count":2,"href":"https:\/\/soswtg.pl\/index.php\/wp-json\/wp\/v2\/pages\/7604\/revisions"}],"predecessor-version":[{"id":7608,"href":"https:\/\/soswtg.pl\/index.php\/wp-json\/wp\/v2\/pages\/7604\/revisions\/7608"}],"wp:attachment":[{"href":"https:\/\/soswtg.pl\/index.php\/wp-json\/wp\/v2\/media?parent=7604"}],"curies":[{"name":"wp","href":"https:\/\/api.w.org\/{rel}","templated":true}]}}