{"id":660,"date":"2017-03-31T19:54:50","date_gmt":"2017-03-31T17:54:50","guid":{"rendered":"http:\/\/soswtg.pl\/?page_id=660"},"modified":"2017-04-04T22:51:10","modified_gmt":"2017-04-04T20:51:10","slug":"kolko-logopedyczne","status":"publish","type":"page","link":"https:\/\/soswtg.pl\/index.php\/kolko-logopedyczne\/","title":{"rendered":"K\u00f3\u0142ko logopedyczne"},"content":{"rendered":"<p style=\"text-align: justify;\"><span style=\"font-size: 14pt; font-family: 'times new roman', times, serif;\"><strong>Program zaj\u0119\u0107 k\u00f3\u0142ka logopedycznego<\/strong> kierowany jest dla dzieci \u00a0 \u00a0 \u00a0 \u00a0 \u00a0 \u00a0 \u00a0 \u00a0 \u00a0 z zaburzeniami mowy, s\u0142uchu fonemowego, fonematycznego, op\u00f3\u017anionym rozwojem mowy. K\u00f3\u0142ko logopedyczne, poprzez bogat\u0105 ofert\u0119 gier i zabaw logopedycznych, \u00a0ma zach\u0119ci\u0107 dzieci z wadami wymowy do \u0107wicze\u0144 logopedycznych. Celem k\u00f3\u0142ka jest korygowanie wad wymowy, doskonalenie techniki czytania, pisania, wypowiadania si\u0119 oraz wzbogacania s\u0142ownictwa, a tak\u017ce\u00a0kszta\u0142cenie\u00a0poprawno\u015bci gramatycznej i ortograficznej.\u00a0<\/span><\/p>\n<p style=\"text-align: justify;\"><strong><span style=\"font-size: 14pt; font-family: 'times new roman', times, serif;\">Komunikacja alternatywna i wspomagaj\u0105ca rodzaje metod:<\/span><\/strong><\/p>\n<ol>\n<li style=\"text-align: justify;\"><span style=\"font-size: 14pt; font-family: 'times new roman', times, serif;\">System znak\u00f3w manualnych MAKATON.<\/span><\/li>\n<li style=\"text-align: justify;\"><span style=\"font-size: 14pt; font-family: 'times new roman', times, serif;\">\u00a0System znak\u00f3w graficznych PCS.<\/span><\/li>\n<li style=\"text-align: justify;\"><span style=\"font-size: 14pt; font-family: 'times new roman', times, serif;\">Program &#8222;M\u00f3wik&#8221;.<\/span><\/li>\n<\/ol>\n<p style=\"text-align: justify;\"><img loading=\"lazy\" decoding=\"async\" class=\"alignnone size-medium wp-image-666\" src=\"https:\/\/soswtg.pl\/wp-content\/uploads\/2017\/03\/IMG_20170329_125421-1-300x225.jpg\" alt=\"\" width=\"300\" height=\"225\" srcset=\"https:\/\/soswtg.pl\/wp-content\/uploads\/2017\/03\/IMG_20170329_125421-1-300x225.jpg 300w, https:\/\/soswtg.pl\/wp-content\/uploads\/2017\/03\/IMG_20170329_125421-1-768x576.jpg 768w, https:\/\/soswtg.pl\/wp-content\/uploads\/2017\/03\/IMG_20170329_125421-1-1024x768.jpg 1024w\" sizes=\"(max-width: 300px) 100vw, 300px\" \/> <img loading=\"lazy\" decoding=\"async\" class=\"alignnone size-medium wp-image-667\" src=\"https:\/\/soswtg.pl\/wp-content\/uploads\/2017\/03\/IMG_20170329_125534-300x225.jpg\" alt=\"\" width=\"300\" height=\"225\" srcset=\"https:\/\/soswtg.pl\/wp-content\/uploads\/2017\/03\/IMG_20170329_125534-300x225.jpg 300w, https:\/\/soswtg.pl\/wp-content\/uploads\/2017\/03\/IMG_20170329_125534-768x576.jpg 768w, https:\/\/soswtg.pl\/wp-content\/uploads\/2017\/03\/IMG_20170329_125534-1024x768.jpg 1024w\" sizes=\"(max-width: 300px) 100vw, 300px\" \/> <img loading=\"lazy\" decoding=\"async\" class=\"alignnone size-medium wp-image-669\" src=\"https:\/\/soswtg.pl\/wp-content\/uploads\/2017\/03\/IMG_20170329_125753-300x225.jpg\" alt=\"\" width=\"300\" height=\"225\" srcset=\"https:\/\/soswtg.pl\/wp-content\/uploads\/2017\/03\/IMG_20170329_125753-300x225.jpg 300w, https:\/\/soswtg.pl\/wp-content\/uploads\/2017\/03\/IMG_20170329_125753-768x576.jpg 768w, https:\/\/soswtg.pl\/wp-content\/uploads\/2017\/03\/IMG_20170329_125753-1024x768.jpg 1024w\" sizes=\"(max-width: 300px) 100vw, 300px\" \/> <img loading=\"lazy\" decoding=\"async\" class=\"alignnone size-medium wp-image-670\" src=\"https:\/\/soswtg.pl\/wp-content\/uploads\/2017\/03\/IMG_20170329_130744-300x225.jpg\" alt=\"\" width=\"300\" height=\"225\" srcset=\"https:\/\/soswtg.pl\/wp-content\/uploads\/2017\/03\/IMG_20170329_130744-300x225.jpg 300w, https:\/\/soswtg.pl\/wp-content\/uploads\/2017\/03\/IMG_20170329_130744-768x576.jpg 768w, https:\/\/soswtg.pl\/wp-content\/uploads\/2017\/03\/IMG_20170329_130744-1024x768.jpg 1024w\" sizes=\"(max-width: 300px) 100vw, 300px\" \/><\/p>\n","protected":false},"excerpt":{"rendered":"<p>Program zaj\u0119\u0107 k\u00f3\u0142ka logopedycznego kierowany jest dla dzieci \u00a0 \u00a0 \u00a0 \u00a0 \u00a0 \u00a0 \u00a0 \u00a0 \u00a0 z zaburzeniami mowy, s\u0142uchu fonemowego, fonematycznego, op\u00f3\u017anionym rozwojem mowy. K\u00f3\u0142ko logopedyczne, poprzez bogat\u0105 ofert\u0119 gier i zabaw logopedycznych, \u00a0ma zach\u0119ci\u0107 dzieci z wadami &hellip; <a href=\"https:\/\/soswtg.pl\/index.php\/kolko-logopedyczne\/\">Czytaj dalej <span class=\"meta-nav\">&rarr;<\/span><\/a><\/p>\n","protected":false},"author":1,"featured_media":0,"parent":0,"menu_order":0,"comment_status":"closed","ping_status":"closed","template":"","meta":{"footnotes":""},"class_list":["post-660","page","type-page","status-publish","hentry"],"_links":{"self":[{"href":"https:\/\/soswtg.pl\/index.php\/wp-json\/wp\/v2\/pages\/660"}],"collection":[{"href":"https:\/\/soswtg.pl\/index.php\/wp-json\/wp\/v2\/pages"}],"about":[{"href":"https:\/\/soswtg.pl\/index.php\/wp-json\/wp\/v2\/types\/page"}],"author":[{"embeddable":true,"href":"https:\/\/soswtg.pl\/index.php\/wp-json\/wp\/v2\/users\/1"}],"replies":[{"embeddable":true,"href":"https:\/\/soswtg.pl\/index.php\/wp-json\/wp\/v2\/comments?post=660"}],"version-history":[{"count":6,"href":"https:\/\/soswtg.pl\/index.php\/wp-json\/wp\/v2\/pages\/660\/revisions"}],"predecessor-version":[{"id":744,"href":"https:\/\/soswtg.pl\/index.php\/wp-json\/wp\/v2\/pages\/660\/revisions\/744"}],"wp:attachment":[{"href":"https:\/\/soswtg.pl\/index.php\/wp-json\/wp\/v2\/media?parent=660"}],"curies":[{"name":"wp","href":"https:\/\/api.w.org\/{rel}","templated":true}]}}