{"id":66,"date":"2020-03-15T11:13:00","date_gmt":"2020-03-15T10:13:00","guid":{"rendered":"http:\/\/soswtg.pl\/?page_id=66"},"modified":"2024-06-19T08:14:14","modified_gmt":"2024-06-19T06:14:14","slug":"stowarzyszenie","status":"publish","type":"page","link":"https:\/\/soswtg.pl\/index.php\/stowarzyszenie\/","title":{"rendered":"STOWARZYSZENIE"},"content":{"rendered":"<p><img loading=\"lazy\" decoding=\"async\" class=\"alignnone wp-image-145 \" src=\"https:\/\/soswtg.pl\/wp-content\/uploads\/2017\/03\/Logo-stowarzyszenie-150x150.gif\" alt=\"\" width=\"71\" height=\"71\" \/><\/p>\n<p style=\"text-align: justify;\">Stowarzyszenie Pomocy Osobom Niepe\u0142nosprawnym &#8222;Pomocna D\u0142o\u0144&#8221; dzia\u0142a na rzecz wszystkich os\u00f3b niepe\u0142nosprawnych, w tym\u00a0 uczni\u00f3w i absolwent\u00f3w SOSW.<\/p>\n<p><strong>Stowarzyszenie jest Organizacj\u0105 Po\u017cytku Publicznego<\/strong><\/p>\n<p><strong><span style=\"color: #ff0000;\">Prosimy o wp\u0142aty 1,5% podatku<\/span><\/strong><\/p>\n<p><strong>Numer KRS: 0000226055<\/strong><\/p>\n<p><span style=\"color: #0000ff;\">Numer konta: 47 2030 0045 1110 0000 0319 0850<\/span><\/p>\n<p style=\"text-align: justify;\"><strong>Celem Stowarzyszenia jest:<\/strong><br \/>\n&#8211; dzia\u0142anie na rzecz wyr\u00f3wnania szans os\u00f3b niepe\u0142nosprawnych i ich rodzin oraz tworzenia im optymalnych warunk\u00f3w rozwoju, a tak\u017ce d\u0105\u017cenie do ich aktywnego uczestnictwa w \u017cyciu spo\u0142ecznym.<br \/>\n&#8211; tworzenie osobom niepe\u0142nosprawnym warunk\u00f3w sprzyjaj\u0105cych wszechstronnemu rozwojowi, umo\u017cliwiaj\u0105cych godne \u017cycie w integracji z otwartym \u015brodowiskiem;<br \/>\n&#8211; organizowanie i prowadzenie zaj\u0119\u0107 dodatkowych, pozalekcyjnych, warsztat\u00f3w terapii zaj\u0119ciowej oraz innych form organizacyjnych zaspokajaj\u0105cych r\u00f3\u017cne potrzeby os\u00f3b niepe\u0142nosprawnych ze szczeg\u00f3lnym uwzgl\u0119dnieniem zaj\u0119\u0107 rehabilitacyjnych, usprawniaj\u0105cych, wspieraj\u0105cych oraz stymuluj\u0105cych rozw\u00f3j fizyczny i umys\u0142owy.<\/p>\n<p style=\"text-align: justify;\">Dotychczasowa dzia\u0142alno\u015b\u0107 stowarzyszenia:<\/p>\n<ul>\n<li style=\"list-style-type: none;\">\n<ul>\n<li style=\"text-align: justify;\">Organizacja p\u00f3\u0142kolonii zimowych i letnich<\/li>\n<\/ul>\n<\/li>\n<\/ul>\n<ul>\n<li style=\"list-style-type: none;\">\n<ul>\n<li style=\"text-align: justify;\">\u201eMaj\u00f3wka na boisku\u201d<\/li>\n<\/ul>\n<\/li>\n<\/ul>\n<ul>\n<li style=\"list-style-type: none;\">\n<ul>\n<li style=\"text-align: justify;\">Rodzinne pikniki profilaktyczne<\/li>\n<\/ul>\n<\/li>\n<\/ul>\n<ul>\n<li style=\"list-style-type: none;\">\n<ul>\n<li style=\"text-align: justify;\">Bieg Niepodleg\u0142o\u015bciowy \u2013 w ramach projektu \u201e25 lat wolno\u015bci\u201d Fundacji im. Stefana Batorego,<\/li>\n<\/ul>\n<\/li>\n<\/ul>\n<ul>\n<li style=\"list-style-type: none;\">\n<ul>\n<li style=\"text-align: justify;\">\u201eTurniej sk\u0142adania latawc\u00f3w i modeli samolot\u00f3w\u201d<\/li>\n<\/ul>\n<\/li>\n<\/ul>\n<ul>\n<li style=\"list-style-type: none;\">\n<ul>\n<li style=\"text-align: justify;\">Tarnog\u00f3rski Przegl\u0105d Muzyki Klasycznej dla Dzieci i M\u0142odzie\u017cy \u201eKlasycznie \u2013 Artystycznie<\/li>\n<\/ul>\n<\/li>\n<\/ul>\n<ul>\n<li style=\"list-style-type: none;\">\n<ul>\n<li style=\"text-align: justify;\">Sport bez barier<\/li>\n<\/ul>\n<\/li>\n<\/ul>\n<ul>\n<li style=\"list-style-type: none;\">\n<ul>\n<li style=\"text-align: justify;\">Tarnog\u00f3rski rajd pieszo \u2013 rowerowy<\/li>\n<\/ul>\n<\/li>\n<\/ul>\n<ul>\n<li style=\"list-style-type: none;\">\n<ul>\n<li style=\"text-align: justify;\">\u201eHistoria Polski\u201d. Podr\u00f3\u017c\/wycieczka edukacyjna \u201eKr\u00f3lewskim szlakiem renesansu<\/li>\n<\/ul>\n<\/li>\n<\/ul>\n<ul>\n<li style=\"list-style-type: none;\">\n<ul>\n<li style=\"text-align: justify;\">\u201eChc\u0119 by\u0107 bezpieczny na drodze \u2013 gra miejska\u201d<\/li>\n<\/ul>\n<\/li>\n<\/ul>\n<ul>\n<li style=\"text-align: justify;\">\u201eLetnia olimpiada sportowa\u201d.<\/li>\n<\/ul>\n<p>Od 2018 roku Stowarzyszenie prowadzi dofinansowany przez PFRON\u00a0 <strong>Punkt konsultacyjno \u2013 terapeutyczny dla dzieci i m\u0142odzie\u017cy z autyzmem. <\/strong>Beneficjenci s\u0105 obj\u0119ci nast\u0119puj\u0105cymi formami wsparcia: konsultacje pedagogiczne, logopedia, rehabilitacja, metoda audio-psycholingwistyczna TOMATISA, alternatywne metody komunikacji, zaj\u0119cia grupowe metod\u0105 Weroniki Sherborne, integracja sensoryczna, trening biofeedback,\u00a0 zaj\u0119cia sportowe, trening umiej\u0119tno\u015bci spo\u0142ecznych, bajkoterapia, ergoterapia oraz dogoterapia, integracja bilateralna, terapia d\u017awi\u0119kiem i wibracjami, zaj\u0119cia usprawniaj\u0105ce funkcje poznawcze. W celu weryfikacji efekt\u00f3w wsparcia zaplanowano profil psychoedukacyjny E. Schoplera oraz zespo\u0142y terapeutyczne. Beneficjenci brali udzia\u0142 w zaj\u0119ciach indywidualnych lub grupowych.<\/p>\n<p>Wi\u0119cej aktualnych informacji: <a href=\"http:\/\/www.pomocnadlon.org\/\">www.pomocnadlon.org;<\/a>\u00a0 <a href=\"https:\/\/www.facebook.com\/Stowarzyszenie-Pomocy-Osobom-Niepe%C5%82nosprawnym-Pomocna-D%C5%82o%C5%84-601480939936062\/\" target=\"_blank\" rel=\"noopener noreferrer\">Facebook,\u00a0<\/a><\/p>\n<p><img loading=\"lazy\" decoding=\"async\" class=\"alignnone size-medium wp-image-156\" src=\"https:\/\/soswtg.pl\/wp-content\/uploads\/2017\/03\/DSCN1974-300x225.jpg\" alt=\"\" width=\"300\" height=\"225\" srcset=\"https:\/\/soswtg.pl\/wp-content\/uploads\/2017\/03\/DSCN1974-300x225.jpg 300w, https:\/\/soswtg.pl\/wp-content\/uploads\/2017\/03\/DSCN1974-768x576.jpg 768w, https:\/\/soswtg.pl\/wp-content\/uploads\/2017\/03\/DSCN1974-1024x768.jpg 1024w\" sizes=\"(max-width: 300px) 100vw, 300px\" \/> <img loading=\"lazy\" decoding=\"async\" class=\"alignnone size-medium wp-image-155\" src=\"https:\/\/soswtg.pl\/wp-content\/uploads\/2017\/03\/Czestochowa1-300x225.jpg\" alt=\"\" width=\"300\" height=\"225\" srcset=\"https:\/\/soswtg.pl\/wp-content\/uploads\/2017\/03\/Czestochowa1-300x225.jpg 300w, https:\/\/soswtg.pl\/wp-content\/uploads\/2017\/03\/Czestochowa1-768x576.jpg 768w, https:\/\/soswtg.pl\/wp-content\/uploads\/2017\/03\/Czestochowa1-1024x768.jpg 1024w, https:\/\/soswtg.pl\/wp-content\/uploads\/2017\/03\/Czestochowa1.jpg 1600w\" sizes=\"(max-width: 300px) 100vw, 300px\" \/> <img loading=\"lazy\" decoding=\"async\" class=\"alignnone size-medium wp-image-154\" src=\"https:\/\/soswtg.pl\/wp-content\/uploads\/2017\/03\/DSCN2043-300x225.jpg\" alt=\"\" width=\"300\" height=\"225\" srcset=\"https:\/\/soswtg.pl\/wp-content\/uploads\/2017\/03\/DSCN2043-300x225.jpg 300w, https:\/\/soswtg.pl\/wp-content\/uploads\/2017\/03\/DSCN2043-768x576.jpg 768w, https:\/\/soswtg.pl\/wp-content\/uploads\/2017\/03\/DSCN2043-1024x768.jpg 1024w\" sizes=\"(max-width: 300px) 100vw, 300px\" \/> <img loading=\"lazy\" decoding=\"async\" class=\"alignnone size-medium wp-image-153\" src=\"https:\/\/soswtg.pl\/wp-content\/uploads\/2017\/03\/DSC_0882-300x199.jpg\" alt=\"\" width=\"300\" height=\"199\" srcset=\"https:\/\/soswtg.pl\/wp-content\/uploads\/2017\/03\/DSC_0882-300x199.jpg 300w, https:\/\/soswtg.pl\/wp-content\/uploads\/2017\/03\/DSC_0882-768x509.jpg 768w, https:\/\/soswtg.pl\/wp-content\/uploads\/2017\/03\/DSC_0882-1024x678.jpg 1024w\" sizes=\"(max-width: 300px) 100vw, 300px\" \/> <img loading=\"lazy\" decoding=\"async\" class=\"alignnone size-medium wp-image-152\" src=\"https:\/\/soswtg.pl\/wp-content\/uploads\/2017\/03\/DSC_0185-300x199.jpg\" alt=\"\" width=\"300\" height=\"199\" srcset=\"https:\/\/soswtg.pl\/wp-content\/uploads\/2017\/03\/DSC_0185-300x199.jpg 300w, https:\/\/soswtg.pl\/wp-content\/uploads\/2017\/03\/DSC_0185-768x509.jpg 768w, https:\/\/soswtg.pl\/wp-content\/uploads\/2017\/03\/DSC_0185-1024x678.jpg 1024w\" sizes=\"(max-width: 300px) 100vw, 300px\" \/> <img loading=\"lazy\" decoding=\"async\" class=\"alignnone size-medium wp-image-150\" src=\"https:\/\/soswtg.pl\/wp-content\/uploads\/2017\/03\/DSC_0133-300x199.jpg\" alt=\"\" width=\"300\" height=\"199\" srcset=\"https:\/\/soswtg.pl\/wp-content\/uploads\/2017\/03\/DSC_0133-300x199.jpg 300w, https:\/\/soswtg.pl\/wp-content\/uploads\/2017\/03\/DSC_0133-768x509.jpg 768w, https:\/\/soswtg.pl\/wp-content\/uploads\/2017\/03\/DSC_0133-1024x678.jpg 1024w\" sizes=\"(max-width: 300px) 100vw, 300px\" \/> <img loading=\"lazy\" decoding=\"async\" class=\"alignnone size-medium wp-image-149\" src=\"https:\/\/soswtg.pl\/wp-content\/uploads\/2017\/03\/DSC_0164-300x199.jpg\" alt=\"\" width=\"300\" height=\"199\" srcset=\"https:\/\/soswtg.pl\/wp-content\/uploads\/2017\/03\/DSC_0164-300x199.jpg 300w, https:\/\/soswtg.pl\/wp-content\/uploads\/2017\/03\/DSC_0164-768x509.jpg 768w, https:\/\/soswtg.pl\/wp-content\/uploads\/2017\/03\/DSC_0164-1024x678.jpg 1024w\" sizes=\"(max-width: 300px) 100vw, 300px\" \/> <img loading=\"lazy\" decoding=\"async\" class=\"alignnone size-medium wp-image-148\" src=\"https:\/\/soswtg.pl\/wp-content\/uploads\/2017\/03\/DSC_0611-300x199.jpg\" alt=\"\" width=\"300\" height=\"199\" srcset=\"https:\/\/soswtg.pl\/wp-content\/uploads\/2017\/03\/DSC_0611-300x199.jpg 300w, https:\/\/soswtg.pl\/wp-content\/uploads\/2017\/03\/DSC_0611-768x509.jpg 768w, https:\/\/soswtg.pl\/wp-content\/uploads\/2017\/03\/DSC_0611-1024x678.jpg 1024w\" sizes=\"(max-width: 300px) 100vw, 300px\" \/><\/p>\n<p style=\"text-align: center;\"><a href=\"https:\/\/soswtg.pl\/wp-content\/uploads\/2017\/03\/Statut-Pomocna-D\u0142o\u0144-.pdf\">Statut Pomocna D\u0142o\u0144<\/a><\/p>\n<p><span style=\"color: #ff0000;\">Zarz\u0105d Stowarzyszenia:<\/span><br \/>\n&#8211; Edyta Morawska<br \/>\n&#8211; Joanna Walig\u00f3ra<br \/>\n&#8211; Marta Wac\u0142awik<br \/>\n&#8211; Anna Paj\u0105k<br \/>\n&#8211; Janusz Majewski<br \/>\n&#8211; Andrzej Morawski<\/p>\n<p><span style=\"color: #ff0000;\">Komisja rewizyjna:<\/span><br \/>\n&#8211; Anna Kononiuk<br \/>\n&#8211; Anna Musialik-Nosal<br \/>\n&#8211; Aleksandra Kapol<\/p>\n","protected":false},"excerpt":{"rendered":"<p>Stowarzyszenie Pomocy Osobom Niepe\u0142nosprawnym &#8222;Pomocna D\u0142o\u0144&#8221; dzia\u0142a na rzecz wszystkich os\u00f3b niepe\u0142nosprawnych, w tym\u00a0 uczni\u00f3w i absolwent\u00f3w SOSW. Stowarzyszenie jest Organizacj\u0105 Po\u017cytku Publicznego Prosimy o wp\u0142aty 1,5% podatku Numer KRS: 0000226055 Numer konta: 47 2030 0045 1110 0000 0319 0850 &hellip; <a href=\"https:\/\/soswtg.pl\/index.php\/stowarzyszenie\/\">Czytaj dalej <span class=\"meta-nav\">&rarr;<\/span><\/a><\/p>\n","protected":false},"author":1,"featured_media":145,"parent":0,"menu_order":0,"comment_status":"closed","ping_status":"closed","template":"","meta":{"footnotes":""},"class_list":["post-66","page","type-page","status-publish","has-post-thumbnail","hentry"],"_links":{"self":[{"href":"https:\/\/soswtg.pl\/index.php\/wp-json\/wp\/v2\/pages\/66"}],"collection":[{"href":"https:\/\/soswtg.pl\/index.php\/wp-json\/wp\/v2\/pages"}],"about":[{"href":"https:\/\/soswtg.pl\/index.php\/wp-json\/wp\/v2\/types\/page"}],"author":[{"embeddable":true,"href":"https:\/\/soswtg.pl\/index.php\/wp-json\/wp\/v2\/users\/1"}],"replies":[{"embeddable":true,"href":"https:\/\/soswtg.pl\/index.php\/wp-json\/wp\/v2\/comments?post=66"}],"version-history":[{"count":13,"href":"https:\/\/soswtg.pl\/index.php\/wp-json\/wp\/v2\/pages\/66\/revisions"}],"predecessor-version":[{"id":8446,"href":"https:\/\/soswtg.pl\/index.php\/wp-json\/wp\/v2\/pages\/66\/revisions\/8446"}],"wp:featuredmedia":[{"embeddable":true,"href":"https:\/\/soswtg.pl\/index.php\/wp-json\/wp\/v2\/media\/145"}],"wp:attachment":[{"href":"https:\/\/soswtg.pl\/index.php\/wp-json\/wp\/v2\/media?parent=66"}],"curies":[{"name":"wp","href":"https:\/\/api.w.org\/{rel}","templated":true}]}}