{"id":65,"date":"2017-03-15T11:13:26","date_gmt":"2017-03-15T10:13:26","guid":{"rendered":"http:\/\/soswtg.pl\/?page_id=65"},"modified":"2018-01-11T21:10:38","modified_gmt":"2018-01-11T20:10:38","slug":"polecane-strony","status":"publish","type":"page","link":"https:\/\/soswtg.pl\/index.php\/polecane-strony\/","title":{"rendered":"POLECANE STRONY"},"content":{"rendered":"<p><a href=\"http:\/\/powiat.tarnogorski.pl\/\">http:\/\/powiat.tarnogorski.pl\/<\/a><\/p>\n<p><a href=\"http:\/\/www.tarnowskiegory.pl\/\">http:\/\/www.tarnowskiegory.pl\/<\/a><\/p>\n<p><a href=\"http:\/\/tg.net.pl\/\">http:\/\/tg.net.pl\/<\/a><\/p>\n<p><a href=\"https:\/\/men.gov.pl\/\">https:\/\/men.gov.pl\/<\/a> &#8211; Ministerstwo Edukacji Narodowej<\/p>\n<p><a href=\"http:\/\/www.pcpr.tarnogorski.pl\/\">http:\/\/www.pcpr.tarnogorski.pl\/<\/a> &#8211; Pa\u0144stwowe Centrum Pomocy Rodzinie w Tarn. G\u00f3rach<\/p>\n<p><a href=\"http:\/\/www.skrzydlapowiatu.tarnogorski.pl\/\">http:\/\/www.skrzydlapowiatu.tarnogorski.pl\/<\/a> &#8211; Skrzyd\u0142a Powiatu. Rozw\u00f3j i promocja aktywnej integracji spo\u0142ecznej i zawodowej mieszka\u0144c\u00f3w Powiatu Tarnog\u00f3rskiego.<\/p>\n<p><a href=\"http:\/\/www.zss6stalowa-wola.pl\/\">http:\/\/www.zss6stalowa-wola.pl\/<\/a> &#8211; Zesp\u00f3\u0142 Szk\u00f3\u0142 Specjalnych nr 6 w Stalowej Woli<\/p>\n<p><a href=\"http:\/\/pssuc.lt\/\">http:\/\/pssuc.lt\/<\/a> &#8211; Szko\u0142a specjalna w Poniewie\u017cu na Litwie<\/p>\n<p><a href=\"http:\/\/www.dzieckowsieci.pl\/\">http:\/\/www.dzieckowsieci.pl\/<\/a><\/p>\n<p><a href=\"https:\/\/sieciaki.pl\/\">https:\/\/sieciaki.pl\/<\/a><\/p>\n<p><a href=\"http:\/\/superkid.pl\">http:\/\/superkid.pl<\/a><\/p>\n<p><a href=\"http:\/\/pssebytom.pis.gov.pl\/\">http:\/\/pssebytom.pis.gov.pl\/<\/a> &#8211; Powiatowa Stacja Sanitarna<\/p>\n<p><a href=\"http:\/\/www.helpline.org.pl\/\">http:\/\/www.helpline.org.pl\/<\/a> &#8211; pomoc i wsparcie dla rodzic\u00f3w i uczni\u00f3w<\/p>\n<p><a href=\"https:\/\/epuap.gov.pl\">https:\/\/epuap.gov.pl<\/a><\/p>\n<p><a href=\"https:\/\/www.facebook.com\/galeriafitnessu\/?fref=ts\">https:\/\/www.facebook.com\/galeriafitnessu\/?fref=ts<\/a> &#8211; Galeria fitnessu i ta\u0144ca.<\/p>\n<p><a href=\"https:\/\/www.facebook.com\/mok.miasteczkoslaskie\/\">https:\/\/www.facebook.com\/mok.miasteczkoslaskie\/<\/a> &#8211; MOK Miasteczko \u015al\u0105skie<\/p>\n","protected":false},"excerpt":{"rendered":"<p>http:\/\/powiat.tarnogorski.pl\/ http:\/\/www.tarnowskiegory.pl\/ http:\/\/tg.net.pl\/ https:\/\/men.gov.pl\/ &#8211; Ministerstwo Edukacji Narodowej http:\/\/www.pcpr.tarnogorski.pl\/ &#8211; Pa\u0144stwowe Centrum Pomocy Rodzinie w Tarn. G\u00f3rach http:\/\/www.skrzydlapowiatu.tarnogorski.pl\/ &#8211; Skrzyd\u0142a Powiatu. Rozw\u00f3j i promocja aktywnej integracji spo\u0142ecznej i zawodowej mieszka\u0144c\u00f3w Powiatu Tarnog\u00f3rskiego. http:\/\/www.zss6stalowa-wola.pl\/ &#8211; Zesp\u00f3\u0142 Szk\u00f3\u0142 Specjalnych nr 6 w &hellip; <a href=\"https:\/\/soswtg.pl\/index.php\/polecane-strony\/\">Czytaj dalej <span class=\"meta-nav\">&rarr;<\/span><\/a><\/p>\n","protected":false},"author":1,"featured_media":0,"parent":0,"menu_order":0,"comment_status":"closed","ping_status":"closed","template":"","meta":{"footnotes":""},"class_list":["post-65","page","type-page","status-publish","hentry"],"_links":{"self":[{"href":"https:\/\/soswtg.pl\/index.php\/wp-json\/wp\/v2\/pages\/65"}],"collection":[{"href":"https:\/\/soswtg.pl\/index.php\/wp-json\/wp\/v2\/pages"}],"about":[{"href":"https:\/\/soswtg.pl\/index.php\/wp-json\/wp\/v2\/types\/page"}],"author":[{"embeddable":true,"href":"https:\/\/soswtg.pl\/index.php\/wp-json\/wp\/v2\/users\/1"}],"replies":[{"embeddable":true,"href":"https:\/\/soswtg.pl\/index.php\/wp-json\/wp\/v2\/comments?post=65"}],"version-history":[{"count":9,"href":"https:\/\/soswtg.pl\/index.php\/wp-json\/wp\/v2\/pages\/65\/revisions"}],"predecessor-version":[{"id":2082,"href":"https:\/\/soswtg.pl\/index.php\/wp-json\/wp\/v2\/pages\/65\/revisions\/2082"}],"wp:attachment":[{"href":"https:\/\/soswtg.pl\/index.php\/wp-json\/wp\/v2\/media?parent=65"}],"curies":[{"name":"wp","href":"https:\/\/api.w.org\/{rel}","templated":true}]}}