{"id":64,"date":"2026-02-01T11:13:00","date_gmt":"2026-02-01T10:13:00","guid":{"rendered":"http:\/\/soswtg.pl\/?page_id=64"},"modified":"2026-02-01T19:32:15","modified_gmt":"2026-02-01T18:32:15","slug":"kontakt","status":"publish","type":"page","link":"https:\/\/soswtg.pl\/index.php\/kontakt\/","title":{"rendered":"KONTAKT"},"content":{"rendered":"<h5 style=\"text-align: center;\" align=\"center\"><b><span style=\"font-size: medium;\">Specjalny O\u015brodek Szkolno-Wychowawczy<\/span><\/b><\/h5>\n<p style=\"text-align: center;\"><strong>im. Krzysztofa Respondka<\/strong><\/p>\n<h3 style=\"text-align: center;\" align=\"center\"><span style=\"font-size: medium;\">42-600 Tarnowskie G\u00f3ry<br \/>\nul. Strzelc\u00f3w Bytomskich 7<\/span><\/h3>\n<h3 style=\"text-align: left;\" align=\"center\"><span style=\"font-size: medium;\"><br \/>\n<strong>Tel.\/fax<\/strong>: 32 285-28-93, 384-14-13<\/span><\/h3>\n<p><strong>Sekretariat<\/strong>: 32 285-28-93<\/p>\n<p><strong>Internat<\/strong>: 32 285-30-15<\/p>\n<p><strong>e-mail<\/strong>: sekretariat1@soswtg.pl<\/p>\n","protected":false},"excerpt":{"rendered":"<p>Specjalny O\u015brodek Szkolno-Wychowawczy im. Krzysztofa Respondka 42-600 Tarnowskie G\u00f3ry ul. Strzelc\u00f3w Bytomskich 7 Tel.\/fax: 32 285-28-93, 384-14-13 Sekretariat: 32 285-28-93 Internat: 32 285-30-15 e-mail: sekretariat1@soswtg.pl<\/p>\n","protected":false},"author":1,"featured_media":0,"parent":0,"menu_order":0,"comment_status":"closed","ping_status":"closed","template":"","meta":{"footnotes":""},"class_list":["post-64","page","type-page","status-publish","hentry"],"_links":{"self":[{"href":"https:\/\/soswtg.pl\/index.php\/wp-json\/wp\/v2\/pages\/64"}],"collection":[{"href":"https:\/\/soswtg.pl\/index.php\/wp-json\/wp\/v2\/pages"}],"about":[{"href":"https:\/\/soswtg.pl\/index.php\/wp-json\/wp\/v2\/types\/page"}],"author":[{"embeddable":true,"href":"https:\/\/soswtg.pl\/index.php\/wp-json\/wp\/v2\/users\/1"}],"replies":[{"embeddable":true,"href":"https:\/\/soswtg.pl\/index.php\/wp-json\/wp\/v2\/comments?post=64"}],"version-history":[{"count":7,"href":"https:\/\/soswtg.pl\/index.php\/wp-json\/wp\/v2\/pages\/64\/revisions"}],"predecessor-version":[{"id":10034,"href":"https:\/\/soswtg.pl\/index.php\/wp-json\/wp\/v2\/pages\/64\/revisions\/10034"}],"wp:attachment":[{"href":"https:\/\/soswtg.pl\/index.php\/wp-json\/wp\/v2\/media?parent=64"}],"curies":[{"name":"wp","href":"https:\/\/api.w.org\/{rel}","templated":true}]}}