{"id":63,"date":"2026-04-11T10:13:00","date_gmt":"2026-04-11T08:13:00","guid":{"rendered":"http:\/\/soswtg.pl\/?page_id=63"},"modified":"2026-04-11T22:16:24","modified_gmt":"2026-04-11T20:16:24","slug":"stolowka-osrodka","status":"publish","type":"page","link":"https:\/\/soswtg.pl\/index.php\/stolowka-osrodka\/","title":{"rendered":"STO\u0141\u00d3WKA O\u015aRODKA"},"content":{"rendered":"<h5><span style=\"color: #ff0000;\">Uwaga !!! <\/span><span style=\"color: #ff0000;\">Zmiana numer\u00f3w kont bankowych!<\/span><\/h5>\n<h5>Wp\u0142ata za <strong>wy\u017cywienie uczni\u00f3w, nauczycieli, pracownik\u00f3w<\/strong> dokonywana jest w terminie do 10-go nast\u0119pnego miesi\u0105ca, w postaci przelewu \/ wp\u0142aty na rachunek O\u015brodka Szkolno \u2013Wychowawczego<\/h5>\n<h5>Na rachunek Millennium Bank S.A.<\/h5>\n<h5><strong>53 1160 2202 0000 0005 4591 3619<\/strong><\/h5>\n<h5>Wp\u0142ata za <strong>wy\u017cywienie wychowank\u00f3w internatu O\u015brodka<\/strong> dokonywana jest w terminie do 15-go nast\u0119pnego miesi\u0105ca w postaci przelewu \/ wp\u0142aty na rachunek O\u015brodka Szkolno-Wychowawczego<\/h5>\n<h5>Na rachunek Millennium Bank S.A.<\/h5>\n<h5><strong>52 1160 2202 0000 0005 4591 4025<\/strong><\/h5>\n<h5>\u00a0<\/h5>\n<h5 style=\"text-align: left;\"><span style=\"font-size: 10pt;\"><a href=\"https:\/\/soswtg.pl\/index.php\/regulamin-platnosci-za-obady\/\">Regulamin rozliczania odp\u0142atno\u015bci za obiady i \u017cywienia w internacie w Specjalnym O\u015brodku\u00a0Szkolno-Wychowawczym w Tarnowskich G\u00f3rach.<\/a><\/span><\/h5>\n<p style=\"text-align: left;\"><span style=\"font-size: 10pt;\"><a href=\"https:\/\/soswtg.pl\/index.php\/alergeny\/\">Alergeny wyst\u0119puj\u0105ce w posi\u0142kach.<\/a><\/span><span style=\"font-size: 10pt;\"><a href=\"https:\/\/soswtg.pl\/index.php\/alergeny\/\"><img loading=\"lazy\" decoding=\"async\" class=\"size-full wp-image-627 aligncenter\" src=\"https:\/\/soswtg.pl\/wp-content\/uploads\/2017\/03\/images.jpg\" alt=\"\" width=\"211\" height=\"125\" \/><\/a><br \/><\/span><\/p>\n<p style=\"text-align: center;\"><strong>JAD\u0141OSPIS DEKADOWY\u00a0 <a href=\"https:\/\/soswtg.pl\/wp-content\/uploads\/2026\/04\/16-jadlospis-13.04-24.04.2026.doc\">jad\u0142ospis<\/a> \u00a0 &#8211;\u00a0 \u00a0KLIKNIJ!<\/strong><\/p>\n<p style=\"text-align: center;\"><em><span style=\"font-size: 8pt;\">Kierownik Internatu: Marzena Kulczycka &#8211; Parys\u00a0\u00a0\u00a0\u00a0\u00a0\u00a0\u00a0\u00a0\u00a0\u00a0\u00a0 <\/span><span style=\"font-size: 8pt;\">Kucharka: Urszula Wi\u0105cek<\/span><\/em><em><span style=\"font-size: 8pt;\">\u00a0 \u00a0 \u00a0 \u00a0 \u00a0 \u00a0 \u00a0 \u00a0<\/span><span style=\"font-size: 8pt;\">Intendent: Beata Gardy<\/span><\/em><\/p>\n\n","protected":false},"excerpt":{"rendered":"<p>Uwaga !!! Zmiana numer\u00f3w kont bankowych! Wp\u0142ata za wy\u017cywienie uczni\u00f3w, nauczycieli, pracownik\u00f3w dokonywana jest w terminie do 10-go nast\u0119pnego miesi\u0105ca, w postaci przelewu \/ wp\u0142aty na rachunek O\u015brodka Szkolno \u2013Wychowawczego Na rachunek Millennium Bank S.A. 53 1160 2202 0000 0005 &hellip; <a href=\"https:\/\/soswtg.pl\/index.php\/stolowka-osrodka\/\">Czytaj dalej <span class=\"meta-nav\">&rarr;<\/span><\/a><\/p>\n","protected":false},"author":1,"featured_media":0,"parent":0,"menu_order":0,"comment_status":"closed","ping_status":"closed","template":"","meta":{"footnotes":""},"class_list":["post-63","page","type-page","status-publish","hentry"],"_links":{"self":[{"href":"https:\/\/soswtg.pl\/index.php\/wp-json\/wp\/v2\/pages\/63"}],"collection":[{"href":"https:\/\/soswtg.pl\/index.php\/wp-json\/wp\/v2\/pages"}],"about":[{"href":"https:\/\/soswtg.pl\/index.php\/wp-json\/wp\/v2\/types\/page"}],"author":[{"embeddable":true,"href":"https:\/\/soswtg.pl\/index.php\/wp-json\/wp\/v2\/users\/1"}],"replies":[{"embeddable":true,"href":"https:\/\/soswtg.pl\/index.php\/wp-json\/wp\/v2\/comments?post=63"}],"version-history":[{"count":158,"href":"https:\/\/soswtg.pl\/index.php\/wp-json\/wp\/v2\/pages\/63\/revisions"}],"predecessor-version":[{"id":10157,"href":"https:\/\/soswtg.pl\/index.php\/wp-json\/wp\/v2\/pages\/63\/revisions\/10157"}],"wp:attachment":[{"href":"https:\/\/soswtg.pl\/index.php\/wp-json\/wp\/v2\/media?parent=63"}],"curies":[{"name":"wp","href":"https:\/\/api.w.org\/{rel}","templated":true}]}}