{"id":618,"date":"2017-03-28T21:50:27","date_gmt":"2017-03-28T19:50:27","guid":{"rendered":"http:\/\/soswtg.pl\/?page_id=618"},"modified":"2017-03-28T22:04:15","modified_gmt":"2017-03-28T20:04:15","slug":"alergeny","status":"publish","type":"page","link":"https:\/\/soswtg.pl\/index.php\/alergeny\/","title":{"rendered":"Alergeny"},"content":{"rendered":"<p style=\"text-align: center;\"><strong>ALERGENY WYST\u0118PUJ\u0104CE W POSI\u0141KACH<\/strong><strong>\u00a0<\/strong><\/p>\n<ol>\n<li>Zbo\u017ca zawieraj\u0105ce gluten (pszenica, \u017cyto, j\u0119czmie\u0144, owies, orkisz, pszenica kamut)<\/li>\n<li>Skorupiaki i produkty pochodne ( produkty przygotowane na ich bazie)<\/li>\n<li>Jaja i produkty pochodne ( produkty przygotowane na ich bazie)<\/li>\n<li>Ryby i produkty pochodne ( produkty przygotowane na ich bazie)<\/li>\n<li>Orzeszki ziemne ( arachidowe i produkty przygotowane na ich bazie)<\/li>\n<li>Soja i produkty pochodne ( produkty przygotowane na ich bazie)<\/li>\n<li>Mleko i produkty pochodne ( produkty przygotowane na ich bazie)<\/li>\n<li>Orzechy ( migda\u0142y, orzechy laskowe, orzechy w\u0142oskie ,orzechy nerkowca, orzechy pekan, orzechy brazylijskie, orzechy pistacjowe, orzechy makadamia lub orzechy oraz produkty przygotowane na ich bazie)<\/li>\n<li>Seler i produkty pochodne (produkty przygotowane na ich bazie)<\/li>\n<li>Gorczyca i produkty pochodne ( produkty przygotowane na ich bazie)<\/li>\n<li>Nasiona sezamu i produkty pochodne (produkty przygotowane na ich bazie)<\/li>\n<li>Dwutlenek siarki<\/li>\n<li>\u0141ubin (produkty przygotowane na ich bazie)<\/li>\n<li>Mi\u0119czaki ( produkty przygotowane na ich bazie)<\/li>\n<\/ol>\n<ul>\n<li>Zgodnie z informacjami od producent\u00f3w u\u017cyte produkty gotowe ( np. kakao, herbata, d\u017cem, ketchup, koncentrat pomidorowy, produkty z mi\u0119sa) mog\u0105 zawiera\u0107 <strong>\u015bladowe ilo\u015bci alergen\u00f3w<\/strong>: glutenu, mleka \u0142\u0105cznie z laktoz\u0105, jaj, soi, orzech\u00f3w, selera i gorczycy.<\/li>\n<\/ul>\n<p><em>Do przygotowania posi\u0142k\u00f3w u\u017cywane s\u0105 przyprawy:<\/em><\/p>\n<p><em>Pieprz, pieprz zio\u0142owy, ziele angielskie, li\u015b\u0107 laurowy, lubczyk, majeranek, oragano, bazylia, zio\u0142a prowansalskie, papryka s\u0142odka, tymianek, kminek, <\/em><\/p>\n<p>Zgodnie z informacjami od producenta mog\u0105 one zawiera\u0107 \u015bladowe ilo\u015bci: glutenu, jaj, soi, selera i gorczycy.<\/p>\n","protected":false},"excerpt":{"rendered":"<p>ALERGENY WYST\u0118PUJ\u0104CE W POSI\u0141KACH\u00a0 Zbo\u017ca zawieraj\u0105ce gluten (pszenica, \u017cyto, j\u0119czmie\u0144, owies, orkisz, pszenica kamut) Skorupiaki i produkty pochodne ( produkty przygotowane na ich bazie) Jaja i produkty pochodne ( produkty przygotowane na ich bazie) Ryby i produkty pochodne ( produkty &hellip; <a href=\"https:\/\/soswtg.pl\/index.php\/alergeny\/\">Czytaj dalej <span class=\"meta-nav\">&rarr;<\/span><\/a><\/p>\n","protected":false},"author":1,"featured_media":0,"parent":0,"menu_order":0,"comment_status":"closed","ping_status":"closed","template":"","meta":{"footnotes":""},"class_list":["post-618","page","type-page","status-publish","hentry"],"_links":{"self":[{"href":"https:\/\/soswtg.pl\/index.php\/wp-json\/wp\/v2\/pages\/618"}],"collection":[{"href":"https:\/\/soswtg.pl\/index.php\/wp-json\/wp\/v2\/pages"}],"about":[{"href":"https:\/\/soswtg.pl\/index.php\/wp-json\/wp\/v2\/types\/page"}],"author":[{"embeddable":true,"href":"https:\/\/soswtg.pl\/index.php\/wp-json\/wp\/v2\/users\/1"}],"replies":[{"embeddable":true,"href":"https:\/\/soswtg.pl\/index.php\/wp-json\/wp\/v2\/comments?post=618"}],"version-history":[{"count":3,"href":"https:\/\/soswtg.pl\/index.php\/wp-json\/wp\/v2\/pages\/618\/revisions"}],"predecessor-version":[{"id":626,"href":"https:\/\/soswtg.pl\/index.php\/wp-json\/wp\/v2\/pages\/618\/revisions\/626"}],"wp:attachment":[{"href":"https:\/\/soswtg.pl\/index.php\/wp-json\/wp\/v2\/media?parent=618"}],"curies":[{"name":"wp","href":"https:\/\/api.w.org\/{rel}","templated":true}]}}