{"id":61,"date":"2025-09-16T11:00:00","date_gmt":"2025-09-16T09:00:00","guid":{"rendered":"http:\/\/soswtg.pl\/?page_id=61"},"modified":"2025-09-16T14:05:24","modified_gmt":"2025-09-16T12:05:24","slug":"dzialalnosc-osrodka","status":"publish","type":"page","link":"https:\/\/soswtg.pl\/index.php\/dzialalnosc-osrodka\/","title":{"rendered":"DZIA\u0141ALNO\u015a\u0106 O\u015aRODKA"},"content":{"rendered":"<ul style=\"list-style-type: circle;\">\n<li><a href=\"https:\/\/soswtg.pl\/wp-content\/uploads\/2025\/09\/Harmonogram-spotkan-Rady-Pedagogicznej-2025-26.doc\">Harmonogram spotka\u0144 Rady Pedagogicznej 2025\/2026<\/a><\/li>\n<li><a href=\"https:\/\/soswtg.pl\/wp-content\/uploads\/2025\/09\/Dodatkowe-dni-wolne-2025-2026.doc\">Dodatkowe dni wolne 2025\/2026<\/a><\/li>\n<li><a href=\"https:\/\/soswtg.pl\/wp-content\/uploads\/2025\/09\/Kalendarz-roku-szkolnego-2025-2026.doc\">Kalendarz roku szkolnego\u00a0 2025\/2026<\/a><\/li>\n<\/ul>\n<ul style=\"list-style-type: circle;\">\n<li><a href=\"https:\/\/soswtg.pl\/index.php\/samorzad-uczniowski\/\">Samorz\u0105d uczniowski<\/a><\/li>\n<li><a href=\"https:\/\/soswtg.pl\/index.php\/kola-zainteresowan\/\">Ko\u0142a zainteresowa\u0144 <\/a><\/li>\n<li><a href=\"https:\/\/soswtg.pl\/index.php\/sport\/\">Sport<\/a><\/li>\n<li><a href=\"https:\/\/soswtg.pl\/index.php\/biblioteka\/\">Biblioteka<\/a><\/li>\n<li><a href=\"https:\/\/soswtg.pl\/index.php\/wolontariat\/\">Wolontariat<\/a><\/li>\n<li><a href=\"https:\/\/soswtg.pl\/index.php\/wspolpraca-z-zagranica\/\">Wsp\u00f3\u0142praca z zagranic\u0105<\/a><\/li>\n<li><a href=\"https:\/\/soswtg.pl\/index.php\/galeria-zdjec\/\">Galeria zdj\u0119\u0107<\/a><\/li>\n<li><a href=\"https:\/\/soswtg.pl\/index.php\/biofeedback\/\">Terapia Biofeedback<\/a><\/li>\n<li><a href=\"https:\/\/soswtg.pl\/index.php\/swietlica-szkolna\/\">\u015awietlica szkolna<\/a><\/li>\n<li><a href=\"https:\/\/soswtg.pl\/index.php\/adam-kierat\/\">Publikacje, prezentacje multimedialne nauczycieli<\/a><\/li>\n<\/ul>\n","protected":false},"excerpt":{"rendered":"<p>Harmonogram spotka\u0144 Rady Pedagogicznej 2025\/2026 Dodatkowe dni wolne 2025\/2026 Kalendarz roku szkolnego\u00a0 2025\/2026 Samorz\u0105d uczniowski Ko\u0142a zainteresowa\u0144 Sport Biblioteka Wolontariat Wsp\u00f3\u0142praca z zagranic\u0105 Galeria zdj\u0119\u0107 Terapia Biofeedback \u015awietlica szkolna Publikacje, prezentacje multimedialne nauczycieli<\/p>\n","protected":false},"author":1,"featured_media":0,"parent":0,"menu_order":0,"comment_status":"closed","ping_status":"closed","template":"","meta":{"footnotes":""},"class_list":["post-61","page","type-page","status-publish","hentry"],"_links":{"self":[{"href":"https:\/\/soswtg.pl\/index.php\/wp-json\/wp\/v2\/pages\/61"}],"collection":[{"href":"https:\/\/soswtg.pl\/index.php\/wp-json\/wp\/v2\/pages"}],"about":[{"href":"https:\/\/soswtg.pl\/index.php\/wp-json\/wp\/v2\/types\/page"}],"author":[{"embeddable":true,"href":"https:\/\/soswtg.pl\/index.php\/wp-json\/wp\/v2\/users\/1"}],"replies":[{"embeddable":true,"href":"https:\/\/soswtg.pl\/index.php\/wp-json\/wp\/v2\/comments?post=61"}],"version-history":[{"count":61,"href":"https:\/\/soswtg.pl\/index.php\/wp-json\/wp\/v2\/pages\/61\/revisions"}],"predecessor-version":[{"id":9568,"href":"https:\/\/soswtg.pl\/index.php\/wp-json\/wp\/v2\/pages\/61\/revisions\/9568"}],"wp:attachment":[{"href":"https:\/\/soswtg.pl\/index.php\/wp-json\/wp\/v2\/media?parent=61"}],"curies":[{"name":"wp","href":"https:\/\/api.w.org\/{rel}","templated":true}]}}