{"id":60,"date":"2021-09-01T11:13:26","date_gmt":"2021-09-01T09:13:26","guid":{"rendered":"http:\/\/soswtg.pl\/?page_id=60"},"modified":"2021-09-11T18:41:40","modified_gmt":"2021-09-11T16:41:40","slug":"struktura","status":"publish","type":"page","link":"https:\/\/soswtg.pl\/index.php\/struktura\/","title":{"rendered":"STRUKTURA"},"content":{"rendered":"<ul style=\"list-style-type: square;\">\n<li><span style=\"color: #008080;\"><a style=\"color: #008080;\" href=\"https:\/\/soswtg.pl\/index.php\/internat\/\"><strong>Internat<\/strong><\/a><\/span><\/li>\n<\/ul>\n<ul style=\"list-style-type: square;\">\n<li><span style=\"text-decoration: underline; color: #008080;\"><strong>Szko\u0142y O\u015brodka:<\/strong><\/span><\/li>\n<\/ul>\n<ul style=\"list-style-type: circle;\">\n<li><span style=\"color: #008080;\"><strong><a style=\"color: #008080;\" href=\"https:\/\/soswtg.pl\/index.php\/szkola-podstawowowa\/\">Szko\u0142a Podstawowa &nbsp;nr 7<\/a><\/strong><\/span><span style=\"color: #008080;\"><strong>&nbsp;<\/strong><\/span><\/li>\n<li><span style=\"color: #008080;\"><strong><a style=\"color: #008080;\" href=\"https:\/\/soswtg.pl\/index.php\/spdp\/\">Szko\u0142a Przysposabiaj\u0105ca do Pracy nr 1<\/a><\/strong><\/span><\/li>\n<\/ul>\n","protected":false},"excerpt":{"rendered":"<p>Internat Szko\u0142y O\u015brodka: Szko\u0142a Podstawowa &nbsp;nr 7&nbsp; Szko\u0142a Przysposabiaj\u0105ca do Pracy nr 1<\/p>\n","protected":false},"author":1,"featured_media":0,"parent":0,"menu_order":0,"comment_status":"closed","ping_status":"closed","template":"","meta":{"footnotes":""},"class_list":["post-60","page","type-page","status-publish","hentry"],"_links":{"self":[{"href":"https:\/\/soswtg.pl\/index.php\/wp-json\/wp\/v2\/pages\/60"}],"collection":[{"href":"https:\/\/soswtg.pl\/index.php\/wp-json\/wp\/v2\/pages"}],"about":[{"href":"https:\/\/soswtg.pl\/index.php\/wp-json\/wp\/v2\/types\/page"}],"author":[{"embeddable":true,"href":"https:\/\/soswtg.pl\/index.php\/wp-json\/wp\/v2\/users\/1"}],"replies":[{"embeddable":true,"href":"https:\/\/soswtg.pl\/index.php\/wp-json\/wp\/v2\/comments?post=60"}],"version-history":[{"count":21,"href":"https:\/\/soswtg.pl\/index.php\/wp-json\/wp\/v2\/pages\/60\/revisions"}],"predecessor-version":[{"id":6264,"href":"https:\/\/soswtg.pl\/index.php\/wp-json\/wp\/v2\/pages\/60\/revisions\/6264"}],"wp:attachment":[{"href":"https:\/\/soswtg.pl\/index.php\/wp-json\/wp\/v2\/media?parent=60"}],"curies":[{"name":"wp","href":"https:\/\/api.w.org\/{rel}","templated":true}]}}