{"id":59,"date":"2022-09-01T16:46:00","date_gmt":"2022-09-01T14:46:00","guid":{"rendered":"http:\/\/soswtg.pl\/?page_id=59"},"modified":"2024-09-03T20:09:40","modified_gmt":"2024-09-03T18:09:40","slug":"informacje-dla-rodzicow","status":"publish","type":"page","link":"https:\/\/soswtg.pl\/index.php\/informacje-dla-rodzicow\/","title":{"rendered":"INFORMACJE DLA RODZIC\u00d3W"},"content":{"rendered":"<p style=\"text-align: center;\">\n<hr \/>\n<p><strong><span style=\"color: #ff0000;\">Szanowni Rodzice i Uczniowie,<\/span><\/strong><\/p>\n<p><strong><span style=\"color: #ff0000;\">W zwi\u0105zku ze zmianami w Dzienniku VULCAN, ka\u017cdy Rodzic i Ucze\u0144 b\u0119dzie musia\u0142 samodzielnie \u2013 bez udzia\u0142u Szko\u0142y &#8211; zaktualizowa\u0107 swoje konto w Dzienniku.<\/span><\/strong><\/p>\n<p><strong>Krok 1:<\/strong><br \/>\nUcze\u0144 i Rodzic loguj\u0105 si\u0119 do Dziennika VULCAN.<\/p>\n<p><strong>Krok 2:<\/strong><br \/>\nUcze\u0144 i Rodzic podaj\u0105 4 ostatnie cyfry numeru PESEL w celu weryfikacji.<\/p>\n<p><strong>Krok 3:<\/strong><br \/>\nUcze\u0144 i Rodzic wybieraj\u0105 rodzaj konta.<\/p>\n<section id=\"links-hub\" class=\"py-std\">\n<div class=\"row\">\n<div class=\"offset-xl-2 col-xl-8 align-content-around\">\n<p class=\"h5\"><strong>Przygotowali\u015bmy dodatkowe informacje! Prosimy o zapoznanie si\u0119 z nimi:<\/strong><\/p>\n<ul>\n<li>dla Uczni\u00f3w i Rodzic\u00f3w przed aktualizacj\u0105 kont:\u00a0<a href=\"https:\/\/dziennik.vulcan.edu.pl\/akz\/\">https\/\/dziennik.vulcan.edu.pl\/akz<\/a><\/li>\n<li>dla Uczni\u00f3w i Rodzic\u00f3w, kt\u00f3rzy wybrali konto zwyk\u0142e:\u00a0<a href=\"https:\/\/dziennik.vulcan.edu.pl\/kzw\/\">https\/\/dziennik.vulcan.edu.pl\/kzw<\/a><\/li>\n<li>dla Uczni\u00f3w i Rodzic\u00f3w, kt\u00f3rzy wybrali konto eduVULCAN:\u00a0<a href=\"https:\/\/dziennik.vulcan.edu.pl\/kev\/\">https\/\/dziennik.vulcan.edu.pl\/kev<\/a><\/li>\n<\/ul>\n<p><a href=\"https:\/\/dziennik.vulcan.edu.pl\/szk\/\"><span style=\"color: #993300;\"><strong>Aktualizacja konta w Dzienniku VULCAN\u00a0 &#8211; tutaj znajduj\u0105 si\u0119 najwa\u017cniejsze informacje ! Prosz\u0119 o zapoznanie si\u0119 z nimi.<\/strong><\/span><\/a><\/p>\n<\/div>\n<\/div>\n<\/section>\n<p style=\"text-align: center;\"><a href=\"https:\/\/soswtg.pl\/wp-content\/uploads\/2024\/09\/Harmonogram-spotkan-z-rodzicami-2023-2024.doc\"><span style=\"background-color: #99cc00; color: #000000;\"><span style=\"font-family: tahoma, arial, helvetica, sans-serif;\"><span style=\"font-size: 18.6667px; background-color: #99cc00;\"><b>HARMONOGRAM SPOTKA\u0143 Z RODZICAMI W ROKU SZKOLNYM 2024\/2025\u00a0-KLIKNIJ I ZAPOZNAJ SI\u0118!<\/b><\/span><\/span><\/span><\/a><\/p>\n<p>Rada Rodzic\u00f3w postanowi\u0142a, \u017ce uruchomi konto bankowe, na kt\u00f3re mo\u017cna wp\u0142aca\u0107 pieni\u0105dze przeznaczone na dzia\u0142alno\u015b\u0107 Rady Rodzic\u00f3w w SOSW.<\/p>\n<p>Nr konta:\u00a012 8463 0005 2001 0000 1108 0001<\/p>\n<p style=\"text-align: center;\"><strong>Szanowni Pa\u0144stwo,<\/strong><\/p>\n<p>W zwi\u0105zku z niepokoj\u0105cymi doniesieniami dotycz\u0105cymi pojawiaj\u0105cych si\u0119 zagro\u017ce\u0144 w\u00a0Internecie udost\u0119pniamy Pa\u0144stwu nast\u0119puj\u0105ce poradniki i materia\u0142y tematyczne:<\/p>\n<p>do pobrania &#8211; <b><a href=\"http:\/\/www.kuratorium.katowice.pl\/userfiles\/file\/Bezpiecze%C5%84stwo,profilaktyka,wychowanie\/2017\/Zal-1-zapobieganie-reagowanie-gry-komputerowe.pdf\">Broszura pt.: \u201eZagro\u017cenia w Internecie. Zapobieganie-reagowanie. Gry\u00a0komputerowe\u201d.<\/a><\/b><\/p>\n<p>do pobrania &#8211; <b><a href=\"http:\/\/www.kuratorium.katowice.pl\/userfiles\/file\/Bezpiecze%C5%84stwo,profilaktyka,wychowanie\/2017\/Zal-2-zapobieganie-reagowanie-cyberprzemoc-cz-I.pdf\">Broszura pt.: \u201eZagro\u017cenia w Internecie. Zapobieganie-reagowanie. \u2013 cz\u0119\u015b\u0107 I<\/a><\/b><\/p>\n<p>do pobrania &#8211; <b><a href=\"http:\/\/www.kuratorium.katowice.pl\/userfiles\/file\/Bezpiecze%C5%84stwo,profilaktyka,wychowanie\/2017\/Zal-3-zapobieganie-reagowanie-cyberprzemoc-cz-II.pdf\">Broszura pt.: \u201eZagro\u017cenia w Internecie. Zapobieganie-reagowanie. \u2013 cz\u0119\u015b\u0107 II<\/a><\/b><\/p>\n<p>do pobrania \u2013 <b><a href=\"http:\/\/www.kuratorium.katowice.pl\/userfiles\/file\/Bezpiecze%C5%84stwo,profilaktyka,wychowanie\/2017\/Zal-4-zagrozenia-internetowe-wybrane-zjawiska.pdf\">Zagro\u017cenia internetowe. Wybrane zjawiska.<\/a><\/b><\/p>\n<p style=\"text-align: center;\"><strong>Ponadto wi\u0119cej o bezpiecze\u0144stwie dzieci i m\u0142odzie\u017cy w Internecie na stronach:<\/strong><\/p>\n<p><b><a href=\"http:\/\/www.xn--dyurnet-xwb.pl\/\">www.dy\u017curnet.pl<\/a><\/b><\/p>\n<p><b><a href=\"http:\/\/www.ore.edu.pl\/\">www.ore.edu.pl<\/a><\/b><\/p>\n<p><b><a href=\"http:\/\/www.akademia.nask.pl\/\">www.akademia.nask.pl<\/a><\/b><\/p>\n<p><b><a href=\"http:\/\/www.kursor.edukator.pl\/\">www.kursor.edukator.pl<\/a><\/b><\/p>\n<p><b><a href=\"http:\/\/www.saferinternet.pl\/\">www.saferinternet.pl<\/a><\/b><\/p>\n<p><b><a href=\"http:\/\/www.plikifolder.pl\/\">www.plikifolder.pl<\/a><\/b><\/p>\n<p><b><a href=\"http:\/\/www.cyfrowobezpieczni.pl\/\">www.cyfrowobezpieczni.pl<\/a><\/b><\/p>\n<p><b><a href=\"http:\/\/www.cybernauci.edu.pl\/\">www.cybernauci.edu.pl<\/a><\/b><\/p>\n","protected":false},"excerpt":{"rendered":"<p>Szanowni Rodzice i Uczniowie, W zwi\u0105zku ze zmianami w Dzienniku VULCAN, ka\u017cdy Rodzic i Ucze\u0144 b\u0119dzie musia\u0142 samodzielnie \u2013 bez udzia\u0142u Szko\u0142y &#8211; zaktualizowa\u0107 swoje konto w Dzienniku. Krok 1: Ucze\u0144 i Rodzic loguj\u0105 si\u0119 do Dziennika VULCAN. Krok 2: &hellip; <a href=\"https:\/\/soswtg.pl\/index.php\/informacje-dla-rodzicow\/\">Czytaj dalej <span class=\"meta-nav\">&rarr;<\/span><\/a><\/p>\n","protected":false},"author":1,"featured_media":0,"parent":0,"menu_order":0,"comment_status":"closed","ping_status":"closed","template":"","meta":{"footnotes":""},"class_list":["post-59","page","type-page","status-publish","hentry"],"_links":{"self":[{"href":"https:\/\/soswtg.pl\/index.php\/wp-json\/wp\/v2\/pages\/59"}],"collection":[{"href":"https:\/\/soswtg.pl\/index.php\/wp-json\/wp\/v2\/pages"}],"about":[{"href":"https:\/\/soswtg.pl\/index.php\/wp-json\/wp\/v2\/types\/page"}],"author":[{"embeddable":true,"href":"https:\/\/soswtg.pl\/index.php\/wp-json\/wp\/v2\/users\/1"}],"replies":[{"embeddable":true,"href":"https:\/\/soswtg.pl\/index.php\/wp-json\/wp\/v2\/comments?post=59"}],"version-history":[{"count":47,"href":"https:\/\/soswtg.pl\/index.php\/wp-json\/wp\/v2\/pages\/59\/revisions"}],"predecessor-version":[{"id":8496,"href":"https:\/\/soswtg.pl\/index.php\/wp-json\/wp\/v2\/pages\/59\/revisions\/8496"}],"wp:attachment":[{"href":"https:\/\/soswtg.pl\/index.php\/wp-json\/wp\/v2\/media?parent=59"}],"curies":[{"name":"wp","href":"https:\/\/api.w.org\/{rel}","templated":true}]}}