{"id":56,"date":"2025-01-28T11:13:00","date_gmt":"2025-01-28T10:13:00","guid":{"rendered":"http:\/\/soswtg.pl\/?page_id=56"},"modified":"2026-01-28T20:34:44","modified_gmt":"2026-01-28T19:34:44","slug":"oferta-edukacyjna","status":"publish","type":"page","link":"https:\/\/soswtg.pl\/index.php\/oferta-edukacyjna\/","title":{"rendered":"OFERTA EDUKACYJNA"},"content":{"rendered":"<p style=\"text-align: justify;\"><strong><span style=\"font-family: 'times new roman', times, serif; font-size: 12pt; color: #3366ff;\">Jeste\u015bmy plac\u00f3wk\u0105 publiczn\u0105 prowadzon\u0105 przez Starostwo Powiatu Tarnog\u00f3rskiego. Zgodnie ze Statutem o\u015brodek prowadzony jest dla dzieci i m\u0142odzie\u017cy z niepe\u0142nosprawno\u015bci\u0105 intelektualn\u0105 w stopniu lekkim, umiarkowanym i znacznym. \u00a0 \u00a0 \u00a0 \u00a0 \u00a0 \u00a0 \u00a0 \u00a0 \u00a0 \u00a0 \u00a0 \u00a0 \u00a0 \u00a0 \u00a0 \u00a0 \u00a0 \u00a0 \u00a0 \u00a0 \u00a0 \u00a0 \u00a0 \u00a0<\/span><\/strong><\/p>\n<p style=\"text-align: justify;\"><strong><span style=\"font-family: 'times new roman', times, serif; font-size: 12pt; color: #3366ff;\">Dla naszych uczni\u00f3w prowadzimy zaj\u0119cia rewalidacyjno-wychowawcze.<\/span><\/strong><\/p>\n<p><span style=\"color: #0000ff;\"><strong>Nasz o\u015brodek oferuje:<\/strong><\/span><\/p>\n<p><strong>\u00a0\u00a0\u00a0\u00a0 &#8211; \u00a0\u00a0<\/strong><strong>miejsca w internacie O\u015brodka \u00a0 \u00a0 <\/strong><\/p>\n<p><img loading=\"lazy\" decoding=\"async\" class=\"alignnone size-medium wp-image-365\" src=\"https:\/\/soswtg.pl\/wp-content\/uploads\/2017\/03\/100_1258-300x184.jpg\" alt=\"\" width=\"300\" height=\"184\" srcset=\"https:\/\/soswtg.pl\/wp-content\/uploads\/2017\/03\/100_1258-300x184.jpg 300w, https:\/\/soswtg.pl\/wp-content\/uploads\/2017\/03\/100_1258-768x471.jpg 768w, https:\/\/soswtg.pl\/wp-content\/uploads\/2017\/03\/100_1258-1024x628.jpg 1024w, https:\/\/soswtg.pl\/wp-content\/uploads\/2017\/03\/100_1258.jpg 1721w\" sizes=\"(max-width: 300px) 100vw, 300px\" \/> <img loading=\"lazy\" decoding=\"async\" class=\"alignnone wp-image-366\" src=\"https:\/\/soswtg.pl\/wp-content\/uploads\/2017\/03\/100_1271-1-300x197.jpg\" alt=\"\" width=\"286\" height=\"188\" srcset=\"https:\/\/soswtg.pl\/wp-content\/uploads\/2017\/03\/100_1271-1-300x197.jpg 300w, https:\/\/soswtg.pl\/wp-content\/uploads\/2017\/03\/100_1271-1-768x505.jpg 768w, https:\/\/soswtg.pl\/wp-content\/uploads\/2017\/03\/100_1271-1-1024x674.jpg 1024w, https:\/\/soswtg.pl\/wp-content\/uploads\/2017\/03\/100_1271-1.jpg 1599w\" sizes=\"(max-width: 286px) 100vw, 286px\" \/><\/p>\n<p style=\"text-align: justify;\"><strong>\u00a0<\/strong>Wykwalifikowana kadra wychowawc\u00f3w internatu dba o wszechstronny rozw\u00f3j podopiecznych, domow\u0105 atmosfer\u0119, zapewnia ca\u0142odobow\u0105 opiek\u0119, pomaga uczniom \u00a0 \u00a0 \u00a0 \u00a0 \u00a0 \u00a0w nauce, organizuje r\u00f3\u017cnorodne formy zaj\u0119\u0107.<\/p>\n<p style=\"text-align: justify;\"><strong>\u00a0\u00a0\u00a0 &#8211;\u00a0\u00a0\u00a0 pobyt w \u015bwietlicy \u00a0 \u00a0 \u00a0 \u00a0 \u00a0 \u00a0 \u00a0 \u00a0 \u00a0 \u00a0 \u00a0 \u00a0 \u00a0 \u00a0 \u00a0 \u00a0 \u00a0 \u00a0 \u00a0 \u00a0 \u00a0 \u00a0 \u00a0 \u00a0 \u00a0 \u00a0 \u00a0 \u00a0 \u00a0 \u00a0 \u00a0 \u00a0 \u00a0 \u00a0 \u00a0 \u00a0 \u00a0 \u00a0 \u00a0 \u00a0 \u00a0 \u00a0 \u00a0 \u00a0 \u00a0 \u00a0 \u00a0<\/strong>Wychodz\u0105c naprzeciw potrzebom rodzic\u00f3w, \u00a0wychowawcy \u015bwietlicy zapewniaj\u0105 opiek\u0119 uczniom, w godzinach od 7:00 do 15:00. Czas oczekiwania na rodzic\u00f3w wype\u0142niony jest zabaw\u0105 oraz ciekawymi i atrakcyjnymi zaj\u0119ciami dostosowanymi do indywidualnych zainteresowa\u0144 oraz mo\u017cliwo\u015bci poznawczych wychowank\u00f3w.<\/p>\n<p><strong>\u00a0\u00a0\u00a0 &#8211;\u00a0\u00a0 wy\u017cywienie \u00a0 \u00a0 \u00a0 \u00a0 \u00a0 \u00a0 \u00a0 \u00a0 \u00a0 \u00a0 \u00a0 \u00a0 \u00a0 \u00a0 \u00a0 \u00a0 \u00a0 \u00a0 \u00a0 \u00a0 \u00a0 \u00a0 \u00a0 \u00a0 \u00a0 \u00a0 \u00a0 \u00a0 \u00a0 \u00a0 \u00a0 \u00a0 \u00a0 \u00a0 \u00a0 \u00a0 \u00a0 \u00a0 \u00a0 \u00a0 \u00a0 \u00a0 \u00a0 \u00a0 \u00a0 \u00a0 \u00a0 \u00a0 \u00a0 \u00a0 \u00a0 \u00a0 \u00a0 \u00a0 \u00a0 \u00a0 \u00a0\u00a0<\/strong>Uczniowie maj\u0105 mo\u017cliwo\u015b\u0107 spo\u017cywania posi\u0142k\u00f3w w postaci drugiego \u015bniadania i obiadu.<\/p>\n<p><img loading=\"lazy\" decoding=\"async\" class=\"alignnone size-medium wp-image-370\" src=\"https:\/\/soswtg.pl\/wp-content\/uploads\/2017\/03\/100_1279-300x137.jpg\" alt=\"\" width=\"300\" height=\"137\" srcset=\"https:\/\/soswtg.pl\/wp-content\/uploads\/2017\/03\/100_1279-300x137.jpg 300w, https:\/\/soswtg.pl\/wp-content\/uploads\/2017\/03\/100_1279-768x351.jpg 768w, https:\/\/soswtg.pl\/wp-content\/uploads\/2017\/03\/100_1279-1024x467.jpg 1024w, https:\/\/soswtg.pl\/wp-content\/uploads\/2017\/03\/100_1279.jpg 1746w\" sizes=\"(max-width: 300px) 100vw, 300px\" \/><\/p>\n<p style=\"text-align: center;\"><strong>STRUKTURA SOSW im. K. Respondka<\/strong><\/p>\n<ul style=\"list-style-type: square;\">\n<li><span style=\"color: #008080;\"><a style=\"color: #008080;\" href=\"https:\/\/soswtg.pl\/index.php\/internat\/\"><strong>Internat<\/strong><\/a><\/span><\/li>\n<\/ul>\n<ul style=\"list-style-type: square;\">\n<li><span style=\"text-decoration: underline; color: #008080;\"><strong>Szko\u0142y O\u015brodka:<\/strong><\/span><\/li>\n<\/ul>\n<ul style=\"list-style-type: circle;\">\n<li><span style=\"color: #008080;\"><strong><a style=\"color: #008080;\" href=\"https:\/\/soswtg.pl\/index.php\/szkola-podstawowowa\/\">Szko\u0142a Podstawowa \u00a0nr 7<\/a><\/strong><\/span><span style=\"color: #008080;\"><strong>\u00a0<\/strong><\/span><\/li>\n<li><span style=\"color: #008080;\"><strong><a style=\"color: #008080;\" href=\"https:\/\/soswtg.pl\/index.php\/spdp\/\">Szko\u0142a Przysposabiaj\u0105ca do Pracy nr 1<\/a><\/strong><\/span><\/li>\n<li>Szko\u0142a Bran\u017cowa I stopnia nr 14 &#8211; brak naboru.<\/li>\n<\/ul>\n<p style=\"text-align: center;\"><strong>Ponadto oferujemy:<\/strong><\/p>\n<ul style=\"list-style-type: circle;\">\n<li>9-osobowy samoch\u00f3d dostosowany do przewozu os\u00f3b niepe\u0142nosprawnych,<\/li>\n<\/ul>\n<p><img loading=\"lazy\" decoding=\"async\" class=\"alignnone size-medium wp-image-367\" src=\"https:\/\/soswtg.pl\/wp-content\/uploads\/2017\/03\/P1040100-300x225.jpg\" alt=\"\" width=\"300\" height=\"225\" srcset=\"https:\/\/soswtg.pl\/wp-content\/uploads\/2017\/03\/P1040100-300x225.jpg 300w, https:\/\/soswtg.pl\/wp-content\/uploads\/2017\/03\/P1040100.jpg 640w\" sizes=\"(max-width: 300px) 100vw, 300px\" \/> <img loading=\"lazy\" decoding=\"async\" class=\"alignnone size-medium wp-image-368\" src=\"https:\/\/soswtg.pl\/wp-content\/uploads\/2017\/03\/P1040073-300x225.jpg\" alt=\"\" width=\"300\" height=\"225\" srcset=\"https:\/\/soswtg.pl\/wp-content\/uploads\/2017\/03\/P1040073-300x225.jpg 300w, https:\/\/soswtg.pl\/wp-content\/uploads\/2017\/03\/P1040073.jpg 640w\" sizes=\"(max-width: 300px) 100vw, 300px\" \/><\/p>\n<ul style=\"list-style-type: circle;\">\n<li>bezp\u0142atne podr\u0119czniki,<\/li>\n<li>wycieczki krajowe i zagraniczne,<\/li>\n<\/ul>\n<div style=\"width: 640px;\" class=\"wp-video\"><!--[if lt IE 9]><script>document.createElement('video');<\/script><![endif]-->\n<video class=\"wp-video-shortcode\" id=\"video-56-1\" width=\"640\" height=\"360\" preload=\"metadata\" controls=\"controls\"><source type=\"video\/mp4\" src=\"https:\/\/soswtg.pl\/wp-content\/uploads\/2018\/06\/my-dogo-movie-SOSW.mp4?_=1\" \/><a href=\"https:\/\/soswtg.pl\/wp-content\/uploads\/2018\/06\/my-dogo-movie-SOSW.mp4\">https:\/\/soswtg.pl\/wp-content\/uploads\/2018\/06\/my-dogo-movie-SOSW.mp4<\/a><\/video><\/div>\n<p>Zaj\u0119cia dogoterapii &#8211;\u00a0<a href=\"https:\/\/soswtg.pl\/wp-content\/uploads\/2017\/12\/slajdowisko-1.mov\">slajdowisko (1)<\/a><\/p>\n<p>zaj\u0119cia z felinoterapii<\/p>\n<div style=\"width: 640px;\" class=\"wp-video\"><video class=\"wp-video-shortcode\" id=\"video-56-2\" width=\"640\" height=\"360\" preload=\"metadata\" controls=\"controls\"><source type=\"video\/mp4\" src=\"https:\/\/soswtg.pl\/wp-content\/uploads\/2017\/03\/Koty-i-ich-sprawki2.mp4?_=2\" \/><a href=\"https:\/\/soswtg.pl\/wp-content\/uploads\/2017\/03\/Koty-i-ich-sprawki2.mp4\">https:\/\/soswtg.pl\/wp-content\/uploads\/2017\/03\/Koty-i-ich-sprawki2.mp4<\/a><\/video><\/div>\n<p><a href=\"https:\/\/soswtg.pl\/wp-content\/uploads\/2017\/10\/Le\u015bny-Park-Niespodzianek.mov\">Le\u015bny Park Niespodzianek<\/a><\/p>\n<ul style=\"list-style-type: square;\">\n<li>hipoterapia,<\/li>\n<li>zaj\u0119cia logopedyczne<\/li>\n<li>gimnastyka korekcyjna,<\/li>\n<li>zaj\u0119cia rewalidacyjne,<\/li>\n<li>wspomaganie rozwoju<\/li>\n<li>zaj\u0119cia w ko\u0142ach zainteresowa\u0144:<br \/>\n&#8211; przedmiotowych,<br \/>\n&#8211; muzycznych,<br \/>\n&#8211; plastycznych,<br \/>\n&#8211; sportowych,<br \/>\n&#8211; j\u0119zykowych.<\/li>\n<\/ul>\n<p><strong>PRACUJE U NAS\u00a0<\/strong><strong>\u00a0wysoko wykwalifikowana kadra:<\/strong><\/p>\n<ul>\n<li>nauczyciele poszczeg\u00f3lnych przedmiot\u00f3w,<\/li>\n<li>psycholodzy,<\/li>\n<li>pedagodzy,<\/li>\n<li>logopedzi,<\/li>\n<li>terapeuci zaj\u0119ciowi,<\/li>\n<li>terapeuci integracji sensorycznej,<\/li>\n<li>terapeuci metody EEG biofeedback.<\/li>\n<li>rehabilitanci<\/li>\n<\/ul>\n<p><strong>OFERUJEMY:<\/strong><\/p>\n<ul>\n<li>opiek\u0119 lekarsk\u0105 i piel\u0119gniarsk\u0105,<\/li>\n<li>opiek\u0119 pedagogiczn\u0105, psychologiczn\u0105 i\u00a0logopedyczn\u0105,<\/li>\n<li>wypoczynek \u015br\u00f3droczny w ramach wyjazd\u00f3w do \u201ezielonej szko\u0142y\u201d i\u00a0na turnusy rehabilitacyjne,<\/li>\n<li>dow\u00f3z uczni\u00f3w niepe\u0142nosprawnych do szko\u0142y.<\/li>\n<\/ul>\n<p><strong><span style=\"text-decoration: underline;\">Imprezy sta\u0142e:<\/span><\/strong><\/p>\n<ul style=\"list-style-type: disc;\">\n<li>&#8222;Tarnog\u00f3rski Przegl\u0105d Muzyki Klasycznej dla Dzieci i M\u0142odzie\u017cy &#8222;Klasycznie- Artystycznie&#8221;,<\/li>\n<li>Turniej o Puchar Dyrektora SOSW,<\/li>\n<li>Festiwal Piosenki i Ta\u0144ca &#8222;IDOL&#8221;,<\/li>\n<li>Festyny rodzinne i integracyjne<\/li>\n<\/ul>\n<p><strong>Wsp\u00f3\u0142pracujemy z:<\/strong><\/p>\n<ul style=\"list-style-type: disc;\">\n<li>Zespo\u0142em szk\u00f3\u0142 Specjalnych w Stalowej Woli,<\/li>\n<li>Gimnazjum Phenix w Dortmundzie (Niemcy),<\/li>\n<li>Panev\u0117\u017eio \u201e\u0160viesos\u201c specialiojo ugdymo centras (Litwa),<\/li>\n<li>Miejskim Domem Kultury nr 1 w Bytomiu.<\/li>\n<\/ul>\n","protected":false},"excerpt":{"rendered":"<p>Jeste\u015bmy plac\u00f3wk\u0105 publiczn\u0105 prowadzon\u0105 przez Starostwo Powiatu Tarnog\u00f3rskiego. Zgodnie ze Statutem o\u015brodek prowadzony jest dla dzieci i m\u0142odzie\u017cy z niepe\u0142nosprawno\u015bci\u0105 intelektualn\u0105 w stopniu lekkim, umiarkowanym i znacznym. \u00a0 \u00a0 \u00a0 \u00a0 \u00a0 \u00a0 \u00a0 \u00a0 \u00a0 \u00a0 \u00a0 \u00a0 \u00a0 &hellip; <a href=\"https:\/\/soswtg.pl\/index.php\/oferta-edukacyjna\/\">Czytaj dalej <span class=\"meta-nav\">&rarr;<\/span><\/a><\/p>\n","protected":false},"author":1,"featured_media":0,"parent":0,"menu_order":0,"comment_status":"closed","ping_status":"closed","template":"","meta":{"footnotes":""},"class_list":["post-56","page","type-page","status-publish","hentry"],"_links":{"self":[{"href":"https:\/\/soswtg.pl\/index.php\/wp-json\/wp\/v2\/pages\/56"}],"collection":[{"href":"https:\/\/soswtg.pl\/index.php\/wp-json\/wp\/v2\/pages"}],"about":[{"href":"https:\/\/soswtg.pl\/index.php\/wp-json\/wp\/v2\/types\/page"}],"author":[{"embeddable":true,"href":"https:\/\/soswtg.pl\/index.php\/wp-json\/wp\/v2\/users\/1"}],"replies":[{"embeddable":true,"href":"https:\/\/soswtg.pl\/index.php\/wp-json\/wp\/v2\/comments?post=56"}],"version-history":[{"count":24,"href":"https:\/\/soswtg.pl\/index.php\/wp-json\/wp\/v2\/pages\/56\/revisions"}],"predecessor-version":[{"id":10025,"href":"https:\/\/soswtg.pl\/index.php\/wp-json\/wp\/v2\/pages\/56\/revisions\/10025"}],"wp:attachment":[{"href":"https:\/\/soswtg.pl\/index.php\/wp-json\/wp\/v2\/media?parent=56"}],"curies":[{"name":"wp","href":"https:\/\/api.w.org\/{rel}","templated":true}]}}