{"id":5492,"date":"2020-04-21T17:39:47","date_gmt":"2020-04-21T15:39:47","guid":{"rendered":"http:\/\/soswtg.pl\/?page_id=5492"},"modified":"2020-09-30T21:08:17","modified_gmt":"2020-09-30T19:08:17","slug":"aktywacja-office-365","status":"publish","type":"page","link":"https:\/\/soswtg.pl\/index.php\/aktywacja-office-365\/","title":{"rendered":"AKTYWACJA OFFICE 365"},"content":{"rendered":"\n<p><a href=\"https:\/\/docs.google.com\/forms\/d\/e\/1FAIpQLSfOAC2RbWIXNJ7NMgF_Ehli0ZKxfK8sD_ufo0VnzWtx7fkoww\/viewform\">FORMULARZ AKTYWACJI OFFICE 365<\/a><\/p>\n\n\n<p><br>\n<br>\n<!--StartFragment--><\/p>\n\n\n<p><strong>Po poprawnym wype\u0142nieniu formularza w ci\u0105gu 48 godzin Twoje konto zostanie zaktualizowane.<\/strong><\/p>\n\n\n\n<p><strong>Po pierwszym logowaniu zapoznaj si\u0119 z przewodnikiem: <\/strong><\/p>\n\n\n\n<p><a href=\"https:\/\/soswtg.pl\/nauczanie\/porady_office365\/przewodniki.pdf\">Przewodnik nr 1<\/a><\/p>\n\n\n\n<p><strong>PRZEWODNIKI DO APLIKACJI OFFICE 365: <\/strong><\/p>\n\n\n\n<p><a href=\"https:\/\/support.microsoft.com\/pl-pl\/office\/przewodniki-szybki-start-dla-pakietu-office-25f909da-3e76-443d-94f4-6cdf7dedc51e?ui=pl-pl&amp;rs=pl-pl&amp;ad=pl#ID0EAADAAA=At_work_or_school\">Przewodnik nr 2<\/a><\/p>\n\n\n<p><!--EndFragment--><br>\n<br>\n<\/p>","protected":false},"excerpt":{"rendered":"<p>FORMULARZ AKTYWACJI OFFICE 365 Po poprawnym wype\u0142nieniu formularza w ci\u0105gu 48 godzin Twoje konto zostanie zaktualizowane. Po pierwszym logowaniu zapoznaj si\u0119 z przewodnikiem: Przewodnik nr 1 PRZEWODNIKI DO APLIKACJI OFFICE 365: Przewodnik nr 2<\/p>\n","protected":false},"author":1,"featured_media":0,"parent":0,"menu_order":0,"comment_status":"closed","ping_status":"closed","template":"","meta":{"footnotes":""},"class_list":["post-5492","page","type-page","status-publish","hentry"],"_links":{"self":[{"href":"https:\/\/soswtg.pl\/index.php\/wp-json\/wp\/v2\/pages\/5492"}],"collection":[{"href":"https:\/\/soswtg.pl\/index.php\/wp-json\/wp\/v2\/pages"}],"about":[{"href":"https:\/\/soswtg.pl\/index.php\/wp-json\/wp\/v2\/types\/page"}],"author":[{"embeddable":true,"href":"https:\/\/soswtg.pl\/index.php\/wp-json\/wp\/v2\/users\/1"}],"replies":[{"embeddable":true,"href":"https:\/\/soswtg.pl\/index.php\/wp-json\/wp\/v2\/comments?post=5492"}],"version-history":[{"count":5,"href":"https:\/\/soswtg.pl\/index.php\/wp-json\/wp\/v2\/pages\/5492\/revisions"}],"predecessor-version":[{"id":5653,"href":"https:\/\/soswtg.pl\/index.php\/wp-json\/wp\/v2\/pages\/5492\/revisions\/5653"}],"wp:attachment":[{"href":"https:\/\/soswtg.pl\/index.php\/wp-json\/wp\/v2\/media?parent=5492"}],"curies":[{"name":"wp","href":"https:\/\/api.w.org\/{rel}","templated":true}]}}