{"id":512,"date":"2017-03-24T15:41:30","date_gmt":"2017-03-24T14:41:30","guid":{"rendered":"http:\/\/soswtg.pl\/?page_id=512"},"modified":"2017-03-28T16:34:06","modified_gmt":"2017-03-28T14:34:06","slug":"druzyna-harcerska","status":"publish","type":"page","link":"https:\/\/soswtg.pl\/index.php\/druzyna-harcerska\/","title":{"rendered":"Dru\u017cyna harcerska"},"content":{"rendered":"<p><img loading=\"lazy\" decoding=\"async\" class=\"wp-image-513 alignleft\" src=\"https:\/\/soswtg.pl\/wp-content\/uploads\/2017\/03\/17505914_1299087860187857_1081150319_n-300x300.jpg\" alt=\"\" width=\"263\" height=\"263\" srcset=\"https:\/\/soswtg.pl\/wp-content\/uploads\/2017\/03\/17505914_1299087860187857_1081150319_n-300x300.jpg 300w, https:\/\/soswtg.pl\/wp-content\/uploads\/2017\/03\/17505914_1299087860187857_1081150319_n-150x150.jpg 150w, https:\/\/soswtg.pl\/wp-content\/uploads\/2017\/03\/17505914_1299087860187857_1081150319_n.jpg 455w\" sizes=\"(max-width: 263px) 100vw, 263px\" \/>\u00a0<img loading=\"lazy\" decoding=\"async\" class=\"wp-image-514 alignleft\" src=\"https:\/\/soswtg.pl\/wp-content\/uploads\/2017\/03\/17439796_1299087846854525_1651446632_n-1-217x300.jpg\" alt=\"\" width=\"209\" height=\"290\" srcset=\"https:\/\/soswtg.pl\/wp-content\/uploads\/2017\/03\/17439796_1299087846854525_1651446632_n-1-217x300.jpg 217w, https:\/\/soswtg.pl\/wp-content\/uploads\/2017\/03\/17439796_1299087846854525_1651446632_n-1.jpg 394w\" sizes=\"(max-width: 209px) 100vw, 209px\" \/><\/p>\n<p>&nbsp;<\/p>\n<p>&nbsp;<\/p>\n<p>&nbsp;<\/p>\n<p>&nbsp;<\/p>\n<p>&nbsp;<\/p>\n<p>&nbsp;<\/p>\n<p>W SOSW od wrze\u015bnia 2013 r. dzia\u0142a 7 DH Nieprzetartego Szlaku ,,Z\u0142ote D\u0119by&#8221;. Dru\u017cyna sk\u0142ada si\u0119 z 15 druhen i druh\u00f3w.<\/p>\n<p><img loading=\"lazy\" decoding=\"async\" class=\"size-medium wp-image-517 alignleft\" src=\"https:\/\/soswtg.pl\/wp-content\/uploads\/2017\/03\/17496145_1299080290188614_3624644_n-300x225.jpg\" alt=\"\" width=\"300\" height=\"225\" srcset=\"https:\/\/soswtg.pl\/wp-content\/uploads\/2017\/03\/17496145_1299080290188614_3624644_n-300x225.jpg 300w, https:\/\/soswtg.pl\/wp-content\/uploads\/2017\/03\/17496145_1299080290188614_3624644_n.jpg 480w\" sizes=\"(max-width: 300px) 100vw, 300px\" \/><\/p>\n<p><img loading=\"lazy\" decoding=\"async\" class=\"alignnone size-medium wp-image-518\" src=\"https:\/\/soswtg.pl\/wp-content\/uploads\/2017\/03\/17495856_1299080343521942_923280963_n-300x225.jpg\" alt=\"\" width=\"300\" height=\"225\" srcset=\"https:\/\/soswtg.pl\/wp-content\/uploads\/2017\/03\/17495856_1299080343521942_923280963_n-300x225.jpg 300w, https:\/\/soswtg.pl\/wp-content\/uploads\/2017\/03\/17495856_1299080343521942_923280963_n.jpg 480w\" sizes=\"(max-width: 300px) 100vw, 300px\" \/><\/p>\n<p style=\"text-align: justify;\">Uczestniczymy w biwakach organizowanych przez Hufiec Ziemi Tarnog\u00f3rskiej w Borowianach, Dniach My\u015bli Braterskiej.<\/p>\n<p style=\"text-align: justify;\">Od dw\u00f3ch lat reprezentujemy nasz O\u015brodek podczas wr\u0119czania Betlejemskiego \u015awiate\u0142ka Pokoju na tarnog\u00f3rskim rynku.<\/p>\n<p><img loading=\"lazy\" decoding=\"async\" class=\"alignnone size-medium wp-image-516\" src=\"https:\/\/soswtg.pl\/wp-content\/uploads\/2017\/03\/17506116_1299080283521948_191257457_n-225x300.jpg\" alt=\"\" width=\"225\" height=\"300\" srcset=\"https:\/\/soswtg.pl\/wp-content\/uploads\/2017\/03\/17506116_1299080283521948_191257457_n-225x300.jpg 225w, https:\/\/soswtg.pl\/wp-content\/uploads\/2017\/03\/17506116_1299080283521948_191257457_n.jpg 360w\" sizes=\"(max-width: 225px) 100vw, 225px\" \/>\u00a0<img loading=\"lazy\" decoding=\"async\" class=\"alignnone size-medium wp-image-520\" src=\"https:\/\/soswtg.pl\/wp-content\/uploads\/2017\/03\/17506219_1299079663522010_631461647_n-225x300.jpg\" alt=\"\" width=\"225\" height=\"300\" srcset=\"https:\/\/soswtg.pl\/wp-content\/uploads\/2017\/03\/17506219_1299079663522010_631461647_n-225x300.jpg 225w, https:\/\/soswtg.pl\/wp-content\/uploads\/2017\/03\/17506219_1299079663522010_631461647_n.jpg 360w\" sizes=\"(max-width: 225px) 100vw, 225px\" \/><\/p>\n<p>Podczas cotygodniowych zbi\u00f3rek zdobywamy sprawno\u015bci harcerskie.<\/p>\n<p><img loading=\"lazy\" decoding=\"async\" class=\"alignnone size-medium wp-image-521\" src=\"https:\/\/soswtg.pl\/wp-content\/uploads\/2017\/03\/17495858_1299079653522011_137191810_n-300x225.jpg\" alt=\"\" width=\"300\" height=\"225\" srcset=\"https:\/\/soswtg.pl\/wp-content\/uploads\/2017\/03\/17495858_1299079653522011_137191810_n-300x225.jpg 300w, https:\/\/soswtg.pl\/wp-content\/uploads\/2017\/03\/17495858_1299079653522011_137191810_n.jpg 480w\" sizes=\"(max-width: 300px) 100vw, 300px\" \/><\/p>\n<p style=\"text-align: justify;\">Dru\u017cyn\u0119 prowadz\u0105: dh Ma\u0142gorzata Tomaszewska, dh Dominika Bia\u0142ek, dh Aleksandra Brytner oraz dh Dagmara Pato\u0144.<\/p>\n<p>&nbsp;<\/p>\n","protected":false},"excerpt":{"rendered":"<p>\u00a0 &nbsp; &nbsp; &nbsp; &nbsp; &nbsp; &nbsp; W SOSW od wrze\u015bnia 2013 r. dzia\u0142a 7 DH Nieprzetartego Szlaku ,,Z\u0142ote D\u0119by&#8221;. Dru\u017cyna sk\u0142ada si\u0119 z 15 druhen i druh\u00f3w. Uczestniczymy w biwakach organizowanych przez Hufiec Ziemi Tarnog\u00f3rskiej w Borowianach, Dniach My\u015bli &hellip; <a href=\"https:\/\/soswtg.pl\/index.php\/druzyna-harcerska\/\">Czytaj dalej <span class=\"meta-nav\">&rarr;<\/span><\/a><\/p>\n","protected":false},"author":1,"featured_media":0,"parent":0,"menu_order":0,"comment_status":"closed","ping_status":"closed","template":"","meta":{"footnotes":""},"class_list":["post-512","page","type-page","status-publish","hentry"],"_links":{"self":[{"href":"https:\/\/soswtg.pl\/index.php\/wp-json\/wp\/v2\/pages\/512"}],"collection":[{"href":"https:\/\/soswtg.pl\/index.php\/wp-json\/wp\/v2\/pages"}],"about":[{"href":"https:\/\/soswtg.pl\/index.php\/wp-json\/wp\/v2\/types\/page"}],"author":[{"embeddable":true,"href":"https:\/\/soswtg.pl\/index.php\/wp-json\/wp\/v2\/users\/1"}],"replies":[{"embeddable":true,"href":"https:\/\/soswtg.pl\/index.php\/wp-json\/wp\/v2\/comments?post=512"}],"version-history":[{"count":2,"href":"https:\/\/soswtg.pl\/index.php\/wp-json\/wp\/v2\/pages\/512\/revisions"}],"predecessor-version":[{"id":599,"href":"https:\/\/soswtg.pl\/index.php\/wp-json\/wp\/v2\/pages\/512\/revisions\/599"}],"wp:attachment":[{"href":"https:\/\/soswtg.pl\/index.php\/wp-json\/wp\/v2\/media?parent=512"}],"curies":[{"name":"wp","href":"https:\/\/api.w.org\/{rel}","templated":true}]}}