{"id":451,"date":"2017-03-23T19:29:02","date_gmt":"2017-03-23T18:29:02","guid":{"rendered":"http:\/\/soswtg.pl\/?page_id=451"},"modified":"2017-03-28T16:37:25","modified_gmt":"2017-03-28T14:37:25","slug":"kolo-egzamin-2017","status":"publish","type":"page","link":"https:\/\/soswtg.pl\/index.php\/kolo-egzamin-2017\/","title":{"rendered":"Ko\u0142o egzamin 2017"},"content":{"rendered":"<p style=\"text-align: justify;\">K\u00f3\u0142ko \u201e <strong>Egzamin 20..<\/strong>\u201d zaplanowano z my\u015bl\u0105 o uczniach klasy 3 szko\u0142y zawodowej, kt\u00f3rzy przygotowuj\u0105 si\u0119 do zewn\u0119trznego egzaminu potwierdzaj\u0105cego kwalifikacje zawodowe, ale jest r\u00f3wnie\u017c otwarte dla wszystkich\u00a0 ch\u0119tnych uczni\u00f3w szko\u0142y zawodowej.<\/p>\n<p style=\"text-align: justify;\">Celem og\u00f3lnym k\u00f3\u0142ka jest wspomaganie uczni\u00f3w w lepszym przygotowaniu si\u0119 do egzaminu zewn\u0119trznego, cele szczeg\u00f3\u0142owe obejmuj\u0105\u00a0 nast\u0119puj\u0105ce obszary:<\/p>\n<ul style=\"list-style-type: square;\">\n<li style=\"text-align: justify;\">WIEDZA ZAWODOWA<\/li>\n<li style=\"text-align: justify;\">WIEDZA MATEMATYCZNA<\/li>\n<li style=\"text-align: justify;\">OSWAJANIE SI\u0118 Z FORM\u0104 PISEMNEGO EGZAMINU ZAWODOWEGO<\/li>\n<\/ul>\n","protected":false},"excerpt":{"rendered":"<p>K\u00f3\u0142ko \u201e Egzamin 20..\u201d zaplanowano z my\u015bl\u0105 o uczniach klasy 3 szko\u0142y zawodowej, kt\u00f3rzy przygotowuj\u0105 si\u0119 do zewn\u0119trznego egzaminu potwierdzaj\u0105cego kwalifikacje zawodowe, ale jest r\u00f3wnie\u017c otwarte dla wszystkich\u00a0 ch\u0119tnych uczni\u00f3w szko\u0142y zawodowej. Celem og\u00f3lnym k\u00f3\u0142ka jest wspomaganie uczni\u00f3w w lepszym &hellip; <a href=\"https:\/\/soswtg.pl\/index.php\/kolo-egzamin-2017\/\">Czytaj dalej <span class=\"meta-nav\">&rarr;<\/span><\/a><\/p>\n","protected":false},"author":1,"featured_media":0,"parent":0,"menu_order":0,"comment_status":"closed","ping_status":"closed","template":"","meta":{"footnotes":""},"class_list":["post-451","page","type-page","status-publish","hentry"],"_links":{"self":[{"href":"https:\/\/soswtg.pl\/index.php\/wp-json\/wp\/v2\/pages\/451"}],"collection":[{"href":"https:\/\/soswtg.pl\/index.php\/wp-json\/wp\/v2\/pages"}],"about":[{"href":"https:\/\/soswtg.pl\/index.php\/wp-json\/wp\/v2\/types\/page"}],"author":[{"embeddable":true,"href":"https:\/\/soswtg.pl\/index.php\/wp-json\/wp\/v2\/users\/1"}],"replies":[{"embeddable":true,"href":"https:\/\/soswtg.pl\/index.php\/wp-json\/wp\/v2\/comments?post=451"}],"version-history":[{"count":4,"href":"https:\/\/soswtg.pl\/index.php\/wp-json\/wp\/v2\/pages\/451\/revisions"}],"predecessor-version":[{"id":602,"href":"https:\/\/soswtg.pl\/index.php\/wp-json\/wp\/v2\/pages\/451\/revisions\/602"}],"wp:attachment":[{"href":"https:\/\/soswtg.pl\/index.php\/wp-json\/wp\/v2\/media?parent=451"}],"curies":[{"name":"wp","href":"https:\/\/api.w.org\/{rel}","templated":true}]}}