{"id":327,"date":"2017-03-21T16:51:40","date_gmt":"2017-03-21T15:51:40","guid":{"rendered":"http:\/\/soswtg.pl\/?page_id=327"},"modified":"2017-04-10T20:12:04","modified_gmt":"2017-04-10T18:12:04","slug":"wspolpraca-z-zagranica","status":"publish","type":"page","link":"https:\/\/soswtg.pl\/index.php\/wspolpraca-z-zagranica\/","title":{"rendered":"Wsp\u00f3\u0142praca z zagranic\u0105"},"content":{"rendered":"<p style=\"text-align: center;\"><span style=\"color: #000080; font-size: 14pt; font-family: 'times new roman', times, serif;\"><b>Projekty unijne realizowane w Specjalnym O\u015brodku Szkolno &#8211; Wychowawczym:<\/b><\/span><\/p>\n<ul style=\"list-style-type: circle;\">\n<li>Erasmus+ : Projekt \u201eHop is real\u201d realizowany w roku 2016.<\/li>\n<li style=\"list-style-type: none;\">\n<ul>\n<li>Polsko &#8211; litewska wymiana m\u0142odzie\u017cy w 2015 i 2016 roku .<\/li>\n<li>Wsp\u00f3\u0142praca m\u0142odzie\u017cy polsko \u2013 niemieckiej w latach 2011 \u2013 2014.<\/li>\n<li>Projekt partnerski Leonardo da Vinci &#8222;Orientacja zawodowa os\u00f3b niepe\u0142nosprawnych\u201d 2011 \u2013 2013.<\/li>\n<li>Leonardo Mobilno\u015b\u0107: \u201ePraktyczne kszta\u0142cenie gastronomiczne na rynku Unii Europejskiej\u201d \u2013 2008 r.<\/li>\n<\/ul>\n<p>COMENIUS:<br \/>\n&#8211; Projekt \u201ePodr\u00f3\u017cuj\u0105ce Wystawy Artystyczne\u201d realizowany w latach 2004-2007.<br \/>\n&#8211; Projekt \u201eJe\u015b\u0107! \u2026 \u0142y\u017ck\u0105 i widelcem\u201d realizowany w latach 2009-2011.<\/li>\n<\/ul>\n<p>&nbsp;<\/p>\n<p>&nbsp;<\/p>\n","protected":false},"excerpt":{"rendered":"<p>Projekty unijne realizowane w Specjalnym O\u015brodku Szkolno &#8211; Wychowawczym: Erasmus+ : Projekt \u201eHop is real\u201d realizowany w roku 2016. Polsko &#8211; litewska wymiana m\u0142odzie\u017cy w 2015 i 2016 roku . Wsp\u00f3\u0142praca m\u0142odzie\u017cy polsko \u2013 niemieckiej w latach 2011 \u2013 2014. &hellip; <a href=\"https:\/\/soswtg.pl\/index.php\/wspolpraca-z-zagranica\/\">Czytaj dalej <span class=\"meta-nav\">&rarr;<\/span><\/a><\/p>\n","protected":false},"author":1,"featured_media":0,"parent":0,"menu_order":0,"comment_status":"closed","ping_status":"closed","template":"","meta":{"footnotes":""},"class_list":["post-327","page","type-page","status-publish","hentry"],"_links":{"self":[{"href":"https:\/\/soswtg.pl\/index.php\/wp-json\/wp\/v2\/pages\/327"}],"collection":[{"href":"https:\/\/soswtg.pl\/index.php\/wp-json\/wp\/v2\/pages"}],"about":[{"href":"https:\/\/soswtg.pl\/index.php\/wp-json\/wp\/v2\/types\/page"}],"author":[{"embeddable":true,"href":"https:\/\/soswtg.pl\/index.php\/wp-json\/wp\/v2\/users\/1"}],"replies":[{"embeddable":true,"href":"https:\/\/soswtg.pl\/index.php\/wp-json\/wp\/v2\/comments?post=327"}],"version-history":[{"count":11,"href":"https:\/\/soswtg.pl\/index.php\/wp-json\/wp\/v2\/pages\/327\/revisions"}],"predecessor-version":[{"id":813,"href":"https:\/\/soswtg.pl\/index.php\/wp-json\/wp\/v2\/pages\/327\/revisions\/813"}],"wp:attachment":[{"href":"https:\/\/soswtg.pl\/index.php\/wp-json\/wp\/v2\/media?parent=327"}],"curies":[{"name":"wp","href":"https:\/\/api.w.org\/{rel}","templated":true}]}}