{"id":321,"date":"2017-03-21T16:22:09","date_gmt":"2017-03-21T15:22:09","guid":{"rendered":"http:\/\/soswtg.pl\/?page_id=321"},"modified":"2017-05-14T19:59:17","modified_gmt":"2017-05-14T17:59:17","slug":"wolontariat-aktualnosci","status":"publish","type":"page","link":"https:\/\/soswtg.pl\/index.php\/wolontariat-aktualnosci\/","title":{"rendered":"Aktualno\u015bci wolontariatu"},"content":{"rendered":"<p><strong><span style=\"font-family: 'times new roman', times, serif;\">11 maja 2017 r.<\/span><\/strong><br \/>\n<span style=\"font-family: 'times new roman', times, serif;\"><span style=\"color: black;\">W Dniu Rodziny dzia\u0142aj\u0105cy w naszym o\u015brodku\u00a0zesp\u00f3\u0142 wolontariatu zaprosil\u0142 do szko\u0142y mieszkanki Domu Pomocy Spo\u0142ecznej w Tarnowskich G\u00f3rach wraz z opiekunkami i terapeutkami.<br \/>\nW programie by\u0142o przedstawienie teatralne &#8222;Jak wilk segregowa\u0142 \u015bmieci&#8221;, wsp\u00f3lne zdj\u0119cie, pocz\u0119stunek i zaj\u0119cia integracyjne z m\u0142odszym dzie\u0107mi.<br \/>\nNasi go\u015bcie- panie w roli mamy babci, cioci wsp\u00f3lnie z dzie\u0107mi zilustrowa\u0142y dzisiejsze wydarzenie artystyczne.<br \/>\n<\/span><span style=\"color: black;\">Za pi\u0119kne spotkanie\u00a0 i wsp\u00f3lne zaj\u0119cia dzi\u0119kuj\u0105 dzieci ze szko\u0142y podstawowej oraz<br \/>\nNina Stepek i Kasia Kurzeja<\/span><\/span><\/p>\n<p><img loading=\"lazy\" decoding=\"async\" class=\"alignnone size-medium wp-image-1036\" src=\"https:\/\/soswtg.pl\/wp-content\/uploads\/2017\/03\/20170511_114714-e1494526055839-225x300.jpg\" alt=\"\" width=\"225\" height=\"300\" srcset=\"https:\/\/soswtg.pl\/wp-content\/uploads\/2017\/03\/20170511_114714-e1494526055839-225x300.jpg 225w, https:\/\/soswtg.pl\/wp-content\/uploads\/2017\/03\/20170511_114714-e1494526055839-768x1024.jpg 768w, https:\/\/soswtg.pl\/wp-content\/uploads\/2017\/03\/20170511_114714-e1494526055839.jpg 1920w\" sizes=\"(max-width: 225px) 100vw, 225px\" \/> <img loading=\"lazy\" decoding=\"async\" class=\"alignnone size-medium wp-image-1035\" src=\"https:\/\/soswtg.pl\/wp-content\/uploads\/2017\/03\/20170511_113228-e1494526035181-225x300.jpg\" alt=\"\" width=\"225\" height=\"300\" srcset=\"https:\/\/soswtg.pl\/wp-content\/uploads\/2017\/03\/20170511_113228-e1494526035181-225x300.jpg 225w, https:\/\/soswtg.pl\/wp-content\/uploads\/2017\/03\/20170511_113228-e1494526035181-768x1024.jpg 768w, https:\/\/soswtg.pl\/wp-content\/uploads\/2017\/03\/20170511_113228-e1494526035181.jpg 1920w\" sizes=\"(max-width: 225px) 100vw, 225px\" \/> <img loading=\"lazy\" decoding=\"async\" class=\"alignnone size-medium wp-image-1034\" src=\"https:\/\/soswtg.pl\/wp-content\/uploads\/2017\/03\/20170511_114434-e1494526016217-225x300.jpg\" alt=\"\" width=\"225\" height=\"300\" srcset=\"https:\/\/soswtg.pl\/wp-content\/uploads\/2017\/03\/20170511_114434-e1494526016217-225x300.jpg 225w, https:\/\/soswtg.pl\/wp-content\/uploads\/2017\/03\/20170511_114434-e1494526016217-768x1024.jpg 768w, https:\/\/soswtg.pl\/wp-content\/uploads\/2017\/03\/20170511_114434-e1494526016217.jpg 1920w\" sizes=\"(max-width: 225px) 100vw, 225px\" \/> <img loading=\"lazy\" decoding=\"async\" class=\"alignnone size-medium wp-image-1033\" src=\"https:\/\/soswtg.pl\/wp-content\/uploads\/2017\/03\/20170511_114719-e1494525984213-225x300.jpg\" alt=\"\" width=\"225\" height=\"300\" srcset=\"https:\/\/soswtg.pl\/wp-content\/uploads\/2017\/03\/20170511_114719-e1494525984213-225x300.jpg 225w, https:\/\/soswtg.pl\/wp-content\/uploads\/2017\/03\/20170511_114719-e1494525984213-768x1024.jpg 768w, https:\/\/soswtg.pl\/wp-content\/uploads\/2017\/03\/20170511_114719-e1494525984213.jpg 1920w\" sizes=\"(max-width: 225px) 100vw, 225px\" \/> <img loading=\"lazy\" decoding=\"async\" class=\"alignnone size-medium wp-image-1032\" src=\"https:\/\/soswtg.pl\/wp-content\/uploads\/2017\/03\/20170511_101600-e1494525948699-225x300.jpg\" alt=\"\" width=\"225\" height=\"300\" srcset=\"https:\/\/soswtg.pl\/wp-content\/uploads\/2017\/03\/20170511_101600-e1494525948699-225x300.jpg 225w, https:\/\/soswtg.pl\/wp-content\/uploads\/2017\/03\/20170511_101600-e1494525948699-768x1024.jpg 768w, https:\/\/soswtg.pl\/wp-content\/uploads\/2017\/03\/20170511_101600-e1494525948699.jpg 1920w\" sizes=\"(max-width: 225px) 100vw, 225px\" \/> <img loading=\"lazy\" decoding=\"async\" class=\"alignnone size-medium wp-image-1031\" src=\"https:\/\/soswtg.pl\/wp-content\/uploads\/2017\/03\/20170511_114913-e1494525926366-225x300.jpg\" alt=\"\" width=\"225\" height=\"300\" srcset=\"https:\/\/soswtg.pl\/wp-content\/uploads\/2017\/03\/20170511_114913-e1494525926366-225x300.jpg 225w, https:\/\/soswtg.pl\/wp-content\/uploads\/2017\/03\/20170511_114913-e1494525926366-768x1024.jpg 768w, https:\/\/soswtg.pl\/wp-content\/uploads\/2017\/03\/20170511_114913-e1494525926366.jpg 1920w\" sizes=\"(max-width: 225px) 100vw, 225px\" \/><\/p>\n<hr \/>\n<p><u>Zesp\u00f3\u0142 wolontariatu dzi\u0119kuje.<\/u><\/p>\n<p style=\"text-align: justify;\">Akcja zbi\u00f3rki r\u00f3\u017cno\u015bci do &#8222;wielkanocnego koszyczka&#8221; \u00a0dedykowanego \u00a0seniorom powiatu tarnog\u00f3rskiego jako wyraz pami\u0119ci \u00a0spo\u0142eczno\u015bci naszego o\u015brodka zako\u0144czona.<br \/>\nW akcji wzi\u0119li udzia\u0142 pracownicy, rodzice wraz z uczniami naszego o\u015brodka.<br \/>\nPrzygotowaniem paczek, wypisywaniem \u00a0kartek \u015bwi\u0105tecznych, pakowaniem \u00a0pod kierunkiem nauczyciela zaj\u0119li si\u0119 gimnazjali\u015bci z zespo\u0142\u00f3w edukacyjno- terapeutycznych.<br \/>\n\u0141\u0105cznie spakowali\u015bmy 15 \u015bwi\u0105tecznych koszyczk\u00f3w \u00a0z herbatk\u0105 \u00a0zio\u0142owa, witaminami, s\u0142odyczami i kosmetykami.<br \/>\nPaczki przekazali\u015bmy zespo\u0142owi \u00a0&#8222;caritas&#8221; sk\u0105d zostan\u0105 rozwiezione do dom\u00f3w senior\u00f3w.<br \/>\nW imieniu obdarowanych serdecznie dzi\u0119kujemy i \u017cyczymy spokojnych, radosnych i rodzinnych \u015bwi\u0105t wielkanocnych<br \/>\nNina Stepek<\/p>\n<p dir=\"ltr\"><img loading=\"lazy\" decoding=\"async\" class=\"alignnone size-medium wp-image-799\" src=\"https:\/\/soswtg.pl\/wp-content\/uploads\/2017\/03\/20170404_083811-225x300.jpg\" alt=\"\" width=\"225\" height=\"300\" srcset=\"https:\/\/soswtg.pl\/wp-content\/uploads\/2017\/03\/20170404_083811-225x300.jpg 225w, https:\/\/soswtg.pl\/wp-content\/uploads\/2017\/03\/20170404_083811-768x1024.jpg 768w, https:\/\/soswtg.pl\/wp-content\/uploads\/2017\/03\/20170404_083811.jpg 1920w\" sizes=\"(max-width: 225px) 100vw, 225px\" \/> <img loading=\"lazy\" decoding=\"async\" class=\"alignnone size-medium wp-image-800\" src=\"https:\/\/soswtg.pl\/wp-content\/uploads\/2017\/03\/20170331_114920-225x300.jpg\" alt=\"\" width=\"225\" height=\"300\" srcset=\"https:\/\/soswtg.pl\/wp-content\/uploads\/2017\/03\/20170331_114920-225x300.jpg 225w, https:\/\/soswtg.pl\/wp-content\/uploads\/2017\/03\/20170331_114920-768x1024.jpg 768w, https:\/\/soswtg.pl\/wp-content\/uploads\/2017\/03\/20170331_114920.jpg 1920w\" sizes=\"(max-width: 225px) 100vw, 225px\" \/> <img loading=\"lazy\" decoding=\"async\" class=\"alignnone size-medium wp-image-798\" src=\"https:\/\/soswtg.pl\/wp-content\/uploads\/2017\/03\/20170405_082049-1-225x300.jpg\" alt=\"\" width=\"225\" height=\"300\" srcset=\"https:\/\/soswtg.pl\/wp-content\/uploads\/2017\/03\/20170405_082049-1-225x300.jpg 225w, https:\/\/soswtg.pl\/wp-content\/uploads\/2017\/03\/20170405_082049-1-768x1024.jpg 768w, https:\/\/soswtg.pl\/wp-content\/uploads\/2017\/03\/20170405_082049-1.jpg 1920w\" sizes=\"(max-width: 225px) 100vw, 225px\" \/> <img loading=\"lazy\" decoding=\"async\" class=\"alignnone size-medium wp-image-797\" src=\"https:\/\/soswtg.pl\/wp-content\/uploads\/2017\/03\/20170408_060448-1-225x300.jpg\" alt=\"\" width=\"225\" height=\"300\" srcset=\"https:\/\/soswtg.pl\/wp-content\/uploads\/2017\/03\/20170408_060448-1-225x300.jpg 225w, https:\/\/soswtg.pl\/wp-content\/uploads\/2017\/03\/20170408_060448-1-768x1024.jpg 768w, https:\/\/soswtg.pl\/wp-content\/uploads\/2017\/03\/20170408_060448-1.jpg 1920w\" sizes=\"(max-width: 225px) 100vw, 225px\" \/> <img loading=\"lazy\" decoding=\"async\" class=\"alignnone size-medium wp-image-796\" src=\"https:\/\/soswtg.pl\/wp-content\/uploads\/2017\/03\/20170407_111816-1-300x225.jpg\" alt=\"\" width=\"300\" height=\"225\" srcset=\"https:\/\/soswtg.pl\/wp-content\/uploads\/2017\/03\/20170407_111816-1-300x225.jpg 300w, https:\/\/soswtg.pl\/wp-content\/uploads\/2017\/03\/20170407_111816-1-768x576.jpg 768w, https:\/\/soswtg.pl\/wp-content\/uploads\/2017\/03\/20170407_111816-1-1024x768.jpg 1024w\" sizes=\"(max-width: 300px) 100vw, 300px\" \/><\/p>\n<hr \/>\n<p dir=\"ltr\" style=\"text-align: center;\">WOLONTARIAT <strong>HOMINEM QUERO<\/strong> ZAPRASZA DO AKCJI UCZNI\u00d3W, RODZIC\u00d3W,\u00a0 NAUCZYCIELI<\/p>\n<p dir=\"ltr\">Zapraszamy do zbi\u00f3rki r\u00f3\u017cno\u015bci do WIELKANOCNEGO KOSZYCZKA.<br \/>\nDedykujemy dar serca w postaci ziolowych herbat, witamin senior, podstawowych kosmetykow do higieny . Wszystko to seniorom z powiatu tarnogorskiego za po\u015brednictwem tarnogorskiej CARITAS<\/p>\n<p dir=\"ltr\">Za\u00a0 ka\u017cdy Wasz gest i pami\u0119\u0107 o osobach samotnych i chorych dzi\u0119kuj\u0105<br \/>\nN. STEPEK<br \/>\nK.KURZEJA<br \/>\nR.RYCHTER<\/p>\n","protected":false},"excerpt":{"rendered":"<p>11 maja 2017 r. W Dniu Rodziny dzia\u0142aj\u0105cy w naszym o\u015brodku\u00a0zesp\u00f3\u0142 wolontariatu zaprosil\u0142 do szko\u0142y mieszkanki Domu Pomocy Spo\u0142ecznej w Tarnowskich G\u00f3rach wraz z opiekunkami i terapeutkami. W programie by\u0142o przedstawienie teatralne &#8222;Jak wilk segregowa\u0142 \u015bmieci&#8221;, wsp\u00f3lne zdj\u0119cie, pocz\u0119stunek i &hellip; <a href=\"https:\/\/soswtg.pl\/index.php\/wolontariat-aktualnosci\/\">Czytaj dalej <span class=\"meta-nav\">&rarr;<\/span><\/a><\/p>\n","protected":false},"author":1,"featured_media":0,"parent":0,"menu_order":0,"comment_status":"closed","ping_status":"closed","template":"","meta":{"footnotes":""},"class_list":["post-321","page","type-page","status-publish","hentry"],"_links":{"self":[{"href":"https:\/\/soswtg.pl\/index.php\/wp-json\/wp\/v2\/pages\/321"}],"collection":[{"href":"https:\/\/soswtg.pl\/index.php\/wp-json\/wp\/v2\/pages"}],"about":[{"href":"https:\/\/soswtg.pl\/index.php\/wp-json\/wp\/v2\/types\/page"}],"author":[{"embeddable":true,"href":"https:\/\/soswtg.pl\/index.php\/wp-json\/wp\/v2\/users\/1"}],"replies":[{"embeddable":true,"href":"https:\/\/soswtg.pl\/index.php\/wp-json\/wp\/v2\/comments?post=321"}],"version-history":[{"count":5,"href":"https:\/\/soswtg.pl\/index.php\/wp-json\/wp\/v2\/pages\/321\/revisions"}],"predecessor-version":[{"id":1046,"href":"https:\/\/soswtg.pl\/index.php\/wp-json\/wp\/v2\/pages\/321\/revisions\/1046"}],"wp:attachment":[{"href":"https:\/\/soswtg.pl\/index.php\/wp-json\/wp\/v2\/media?parent=321"}],"curies":[{"name":"wp","href":"https:\/\/api.w.org\/{rel}","templated":true}]}}