{"id":303,"date":"2021-09-01T16:59:45","date_gmt":"2021-09-01T14:59:45","guid":{"rendered":"http:\/\/soswtg.pl\/?page_id=303"},"modified":"2021-09-11T19:02:16","modified_gmt":"2021-09-11T17:02:16","slug":"uroczystosci-w-sosw","status":"publish","type":"page","link":"https:\/\/soswtg.pl\/index.php\/uroczystosci-w-sosw\/","title":{"rendered":"Uroczysto\u015bci w SOSW"},"content":{"rendered":"<p>Z POWODU PANDEMII\u00a0 NIEKT\u00d3RE UROCZYSTO\u015aCI W SOSW ZOSTA\u0141Y ZAWIESZONE.<\/p>\n<ol>\n<li><span style=\"font-family: georgia, palatino, serif;\">Uroczyste rozpocz\u0119cie roku szkolnego &#8211; akademia.<\/span><\/li>\n<li><span style=\"font-family: georgia, palatino, serif;\">Pasowanie na ucznia &#8211; przyj\u0119cie pierwszak\u00f3w w poczet uczni\u00f3w &#8211; akademia.<\/span><\/li>\n<li><span style=\"font-family: georgia, palatino, serif;\">Rajd pieszo-rowerowy<\/span><\/li>\n<li><span style=\"font-family: georgia, palatino, serif;\">Dzie\u0144 Edukacji Narodowej &#8211; akademia.<\/span><\/li>\n<li>Pszczo\u0142y &#8211; projekt.<\/li>\n<li><span style=\"font-family: georgia, palatino, serif;\">Mi\u0119dzynarodowy Dzie\u0144 Zwierz\u0105t<\/span><\/li>\n<li><span style=\"font-family: georgia, palatino, serif;\">Dzie\u0144 Papieski &#8211; akademia.<\/span><\/li>\n<li><span style=\"font-family: georgia, palatino, serif;\">Narodowe \u015awi\u0119to Niepodleg\u0142o\u015bci &#8211; akademia.<\/span><\/li>\n<li><span style=\"font-family: georgia, palatino, serif;\">Jesienna Olimpiada Sportowa.<\/span><\/li>\n<li><span style=\"font-family: georgia, palatino, serif;\">Andrzejki &#8211; gry i zabawy.<\/span><\/li>\n<li><span style=\"font-family: georgia, palatino, serif;\">Miko\u0142ajki &#8211; spotkanie z Miko\u0142ajem.<\/span><\/li>\n<li><span style=\"font-family: georgia, palatino, serif;\">Kiermasz \u015bwi\u0105teczny.<\/span><\/li>\n<li><span style=\"font-family: georgia, palatino, serif;\">Jase\u0142ka &#8211; akademia.<\/span><\/li>\n<li><span style=\"font-family: georgia, palatino, serif;\">Europejski Tydzie\u0144 Autyzmu<\/span><\/li>\n<li><span style=\"font-family: georgia, palatino, serif;\">Zabawa karnawa\u0142owa &#8211; zabawa.<\/span><\/li>\n<li><span style=\"font-family: georgia, palatino, serif;\">Spartakiada zimowa &#8211; gry i zabawy na \u015bniegu.<\/span><\/li>\n<li><span style=\"font-family: georgia, palatino, serif;\">Powitanie wiosny &#8211; topienie Marzanny, konkurs.<\/span><\/li>\n<li><span style=\"font-family: georgia, palatino, serif;\">Szkolny Festiwal Piosenki &#8222;Idol&#8221;- konkurs.<\/span><\/li>\n<li><span style=\"font-family: georgia, palatino, serif;\">Kiermasz wielkanocny.<\/span><\/li>\n<li><span style=\"font-family: georgia, palatino, serif;\">Dzie\u0144 Autyzmu.<\/span><\/li>\n<li><span style=\"font-family: georgia, palatino, serif;\">Dzie\u0144 Ziemi &#8211; akademia.<\/span><\/li>\n<li><span style=\"font-family: georgia, palatino, serif;\">Dzie\u0144 Godno\u015bci Osoby z Niepe\u0142nosprawno\u015bci\u0105 Intelektualn\u0105<\/span><\/li>\n<li><span style=\"font-family: georgia, palatino, serif;\">Przegl\u0105d Muzyki klasycznej dla Dzieci i M\u0142odzie\u017cy &#8222;Klasycznie &#8211; \u00a0Artystycznie&#8221;.<\/span><\/li>\n<li><span style=\"font-family: georgia, palatino, serif;\">Dni ksi\u0105\u017cki i prasy &#8211; akademia, konkurs.<\/span><\/li>\n<li><span style=\"font-family: georgia, palatino, serif;\">Mi\u0119dzynarodowy Dzie\u0144 Dziecka &#8211; Dzie\u0144 Sportu &#8211; gry i zabawy, konkursy.<\/span><\/li>\n<li><span style=\"font-family: georgia, palatino, serif;\">Dzie\u0144 otwarty SOSW &#8211; festyn.<\/span><\/li>\n<li><span style=\"font-family: georgia, palatino, serif;\">Dzie\u0144 Rodziny &#8211; festyn.<\/span><\/li>\n<li><span style=\"font-family: 'times new roman', times, serif; font-size: 12pt;\"><span style=\"font-family: georgia, palatino, serif;\">Zako\u0144czenie Roku Szkolnego &#8211; akademia. \u00a0<\/span> \u00a0 \u00a0 \u00a0 \u00a0 \u00a0 \u00a0 \u00a0 \u00a0 \u00a0 \u00a0 \u00a0 \u00a0 \u00a0 \u00a0 \u00a0 \u00a0 \u00a0 \u00a0 \u00a0 \u00a0 \u00a0 \u00a0 \u00a0 \u00a0 \u00a0 \u00a0 \u00a0 \u00a0 \u00a0 \u00a0 \u00a0 \u00a0 \u00a0 \u00a0 \u00a0 \u00a0<\/span><span style=\"font-size: 12pt;\"><em>Wykonanie kartek okoliczno\u015bciowych (\u015bwi\u0105tecznych, na DEN, dla emeryt\u00f3w) \u00a0\u00a0<\/em><\/span><span style=\"font-size: 12pt;\"><em>Obs\u0142ug<\/em><\/span><em>a techniczna imprez.\u00a0 \u00a0 \u00a0 \u00a0 \u00a0 \u00a0 \u00a0 \u00a0 \u00a0 \u00a0 \u00a0 \u00a0 \u00a0 \u00a0 \u00a0 \u00a0 \u00a0 \u00a0\u00a0<\/em><\/li>\n<\/ol>\n","protected":false},"excerpt":{"rendered":"<p>Z POWODU PANDEMII\u00a0 NIEKT\u00d3RE UROCZYSTO\u015aCI W SOSW ZOSTA\u0141Y ZAWIESZONE. Uroczyste rozpocz\u0119cie roku szkolnego &#8211; akademia. Pasowanie na ucznia &#8211; przyj\u0119cie pierwszak\u00f3w w poczet uczni\u00f3w &#8211; akademia. Rajd pieszo-rowerowy Dzie\u0144 Edukacji Narodowej &#8211; akademia. Pszczo\u0142y &#8211; projekt. Mi\u0119dzynarodowy Dzie\u0144 Zwierz\u0105t Dzie\u0144 &hellip; <a href=\"https:\/\/soswtg.pl\/index.php\/uroczystosci-w-sosw\/\">Czytaj dalej <span class=\"meta-nav\">&rarr;<\/span><\/a><\/p>\n","protected":false},"author":1,"featured_media":0,"parent":0,"menu_order":0,"comment_status":"closed","ping_status":"closed","template":"","meta":{"footnotes":""},"class_list":["post-303","page","type-page","status-publish","hentry"],"_links":{"self":[{"href":"https:\/\/soswtg.pl\/index.php\/wp-json\/wp\/v2\/pages\/303"}],"collection":[{"href":"https:\/\/soswtg.pl\/index.php\/wp-json\/wp\/v2\/pages"}],"about":[{"href":"https:\/\/soswtg.pl\/index.php\/wp-json\/wp\/v2\/types\/page"}],"author":[{"embeddable":true,"href":"https:\/\/soswtg.pl\/index.php\/wp-json\/wp\/v2\/users\/1"}],"replies":[{"embeddable":true,"href":"https:\/\/soswtg.pl\/index.php\/wp-json\/wp\/v2\/comments?post=303"}],"version-history":[{"count":15,"href":"https:\/\/soswtg.pl\/index.php\/wp-json\/wp\/v2\/pages\/303\/revisions"}],"predecessor-version":[{"id":6274,"href":"https:\/\/soswtg.pl\/index.php\/wp-json\/wp\/v2\/pages\/303\/revisions\/6274"}],"wp:attachment":[{"href":"https:\/\/soswtg.pl\/index.php\/wp-json\/wp\/v2\/media?parent=303"}],"curies":[{"name":"wp","href":"https:\/\/api.w.org\/{rel}","templated":true}]}}