{"id":3022,"date":"2018-09-02T19:30:45","date_gmt":"2018-09-02T17:30:45","guid":{"rendered":"http:\/\/soswtg.pl\/?page_id=3022"},"modified":"2018-09-02T19:30:45","modified_gmt":"2018-09-02T17:30:45","slug":"kolko-teatralne","status":"publish","type":"page","link":"https:\/\/soswtg.pl\/index.php\/kolko-teatralne\/","title":{"rendered":"K\u00f3\u0142ko teatralne"},"content":{"rendered":"<p><span style=\"font-size: large;\"><i>K\u00f3\u0142ko teatralne<\/i><\/span><\/p>\n<p style=\"text-align: justify;\"><i><span style=\"font-size: large;\">Udzia\u0142 w teatrze umo\u017cliwia emocjonalny rozw\u00f3j dziecka, m\u0142odego cz\u0142owieka. Pozwala poznawa\u0107 siebie, swoje emocje i umiej\u0119tnie sobie z nimi radzi\u0107. Pozwala odkry\u0107 inny \u015bwiat (nie \u201edomowy\u201d, \u201epodw\u00f3rkowy\u201d, \u201elekcyjny\u201d), znale\u017a\u0107\u00a0motywacj\u0119 do \u017cycia, rozwin\u0105\u0107 wiar\u0119 w siebie. W takim rozumieniu teatr posiada niew\u0105tpliwie\u00a0<\/span><b style=\"font-size: large;\">walory terapeutyczne.<\/b><\/i><\/p>\n<p style=\"text-align: justify;\"><span style=\"font-size: large;\"><i>W naszej szkole od 2017 roku dzia\u0142a teatr \u201eRebus\u201d. Skupia wok\u00f3\u0142 siebie uczni\u00f3w utalentowanych aktorsko i muzycznie. Praca w grupie teatralnej uczy naszych m\u0142odych artyst\u00f3w odpowiedzialno\u015bci za siebie, za rol\u0119, za grup\u0119, prac\u0119 zespo\u0142u, za EFEKT.<\/i><\/span><\/p>\n<p style=\"text-align: justify;\"><span style=\"font-size: large;\"><i>Za nami pierwsze wzruszaj\u0105ce, autorskie przedstawienie pt. \u201e<b>\u015awiat\u0142o dla wszystkich\u201d<\/b>. Przedstawienie zadebiutowa\u0142o na deskach sceny Tarnog\u00f3rskiego Centrum Kultury podczas fina\u0142u Przegl\u0105du dla Dzieci i M\u0142odzie\u017cy \u201eKlasycznie \u2013 Artystycznie.<\/i><\/span><\/p>\n<p style=\"text-align: justify;\" align=\"LEFT\"><span style=\"font-size: large;\"><i>Pozosta\u0142e przedstawienia odby\u0142y si\u0119: podczas Dnia Otwartego w SOSW w Tarnowskich G\u00f3rach, w I Liceum Og\u00f3lnokszta\u0142c\u0105cym im. S. Sempo\u0142owskiej, w O\u015brodku Rehabilitacyjno \u2013 Edukacyjnym dla dzieci i m\u0142odzie\u017cy niepe\u0142nosprawnej w Rusinowicach, w Tarnog\u00f3rskim Centrum Kultury w Opatowicach.<\/i><\/span><\/p>\n<p style=\"text-align: justify;\" align=\"LEFT\"><span style=\"font-size: large;\"><i>Dzi\u0119kujemy wszystkim sympatykom i rodzicom za wsparcie i pomoc podczas przygotowa\u0144, a zainteresowanych uczni\u00f3w prosimy o aktywno\u015b\u0107.<\/i><\/span><\/p>\n<p style=\"text-align: justify;\" align=\"LEFT\"><span style=\"font-size: large;\"><i>Osoby odpowiedzialne za k\u00f3\u0142ko teatralne:<\/i><\/span><\/p>\n<p style=\"text-align: justify;\" align=\"LEFT\"><span style=\"font-size: large;\"><i>Jolanta Wrona<\/i><\/span><\/p>\n<p style=\"text-align: justify;\" align=\"LEFT\"><span style=\"font-size: large;\"><i>Marta Obszy\u0144ska<\/i><\/span><\/p>\n<p style=\"text-align: justify;\" align=\"LEFT\"><span style=\"font-size: large;\"><i>Sonia Matejczyk<\/i><\/span><\/p>\n<p align=\"LEFT\"><span style=\"font-size: 14pt;\"><em>Anna Paj\u0105k<\/em><\/span><\/p>\n<p align=\"LEFT\"><img loading=\"lazy\" decoding=\"async\" class=\"alignnone size-medium wp-image-3023\" src=\"https:\/\/soswtg.pl\/wp-content\/uploads\/2018\/09\/IMG_5483-300x225.jpg\" alt=\"\" width=\"300\" height=\"225\" srcset=\"https:\/\/soswtg.pl\/wp-content\/uploads\/2018\/09\/IMG_5483-300x225.jpg 300w, https:\/\/soswtg.pl\/wp-content\/uploads\/2018\/09\/IMG_5483-768x576.jpg 768w, https:\/\/soswtg.pl\/wp-content\/uploads\/2018\/09\/IMG_5483-1024x768.jpg 1024w\" sizes=\"(max-width: 300px) 100vw, 300px\" \/> <img loading=\"lazy\" decoding=\"async\" class=\"alignnone size-medium wp-image-3024\" src=\"https:\/\/soswtg.pl\/wp-content\/uploads\/2018\/09\/IMG_5493-300x225.jpg\" alt=\"\" width=\"300\" height=\"225\" srcset=\"https:\/\/soswtg.pl\/wp-content\/uploads\/2018\/09\/IMG_5493-300x225.jpg 300w, https:\/\/soswtg.pl\/wp-content\/uploads\/2018\/09\/IMG_5493-768x576.jpg 768w, https:\/\/soswtg.pl\/wp-content\/uploads\/2018\/09\/IMG_5493-1024x768.jpg 1024w\" sizes=\"(max-width: 300px) 100vw, 300px\" \/> <img loading=\"lazy\" decoding=\"async\" class=\"alignnone size-medium wp-image-3025\" src=\"https:\/\/soswtg.pl\/wp-content\/uploads\/2018\/09\/IMG_5480-300x225.jpg\" alt=\"\" width=\"300\" height=\"225\" srcset=\"https:\/\/soswtg.pl\/wp-content\/uploads\/2018\/09\/IMG_5480-300x225.jpg 300w, https:\/\/soswtg.pl\/wp-content\/uploads\/2018\/09\/IMG_5480-768x576.jpg 768w, https:\/\/soswtg.pl\/wp-content\/uploads\/2018\/09\/IMG_5480-1024x768.jpg 1024w\" sizes=\"(max-width: 300px) 100vw, 300px\" \/> <img loading=\"lazy\" decoding=\"async\" class=\"alignnone size-medium wp-image-3026\" src=\"https:\/\/soswtg.pl\/wp-content\/uploads\/2018\/09\/IMG_5430-300x225.jpg\" alt=\"\" width=\"300\" height=\"225\" srcset=\"https:\/\/soswtg.pl\/wp-content\/uploads\/2018\/09\/IMG_5430-300x225.jpg 300w, https:\/\/soswtg.pl\/wp-content\/uploads\/2018\/09\/IMG_5430-768x576.jpg 768w, https:\/\/soswtg.pl\/wp-content\/uploads\/2018\/09\/IMG_5430-1024x768.jpg 1024w\" sizes=\"(max-width: 300px) 100vw, 300px\" \/> <img loading=\"lazy\" decoding=\"async\" class=\"alignnone size-medium wp-image-3027\" src=\"https:\/\/soswtg.pl\/wp-content\/uploads\/2018\/09\/IMG_5441-300x169.jpg\" alt=\"\" width=\"300\" height=\"169\" srcset=\"https:\/\/soswtg.pl\/wp-content\/uploads\/2018\/09\/IMG_5441-300x169.jpg 300w, https:\/\/soswtg.pl\/wp-content\/uploads\/2018\/09\/IMG_5441-768x432.jpg 768w, https:\/\/soswtg.pl\/wp-content\/uploads\/2018\/09\/IMG_5441-1024x576.jpg 1024w\" sizes=\"(max-width: 300px) 100vw, 300px\" \/> <img loading=\"lazy\" decoding=\"async\" class=\"alignnone size-medium wp-image-3028\" src=\"https:\/\/soswtg.pl\/wp-content\/uploads\/2018\/09\/IMG_5410-300x300.jpg\" alt=\"\" width=\"300\" height=\"300\" srcset=\"https:\/\/soswtg.pl\/wp-content\/uploads\/2018\/09\/IMG_5410-300x300.jpg 300w, https:\/\/soswtg.pl\/wp-content\/uploads\/2018\/09\/IMG_5410-150x150.jpg 150w, https:\/\/soswtg.pl\/wp-content\/uploads\/2018\/09\/IMG_5410-768x768.jpg 768w, https:\/\/soswtg.pl\/wp-content\/uploads\/2018\/09\/IMG_5410-1024x1024.jpg 1024w\" sizes=\"(max-width: 300px) 100vw, 300px\" \/> <img loading=\"lazy\" decoding=\"async\" class=\"alignnone size-medium wp-image-3029\" src=\"https:\/\/soswtg.pl\/wp-content\/uploads\/2018\/09\/IMG_5420-\u2014-kopia-1-300x300.jpg\" alt=\"\" width=\"300\" height=\"300\" srcset=\"https:\/\/soswtg.pl\/wp-content\/uploads\/2018\/09\/IMG_5420-\u2014-kopia-1-300x300.jpg 300w, https:\/\/soswtg.pl\/wp-content\/uploads\/2018\/09\/IMG_5420-\u2014-kopia-1-150x150.jpg 150w, https:\/\/soswtg.pl\/wp-content\/uploads\/2018\/09\/IMG_5420-\u2014-kopia-1-768x768.jpg 768w, https:\/\/soswtg.pl\/wp-content\/uploads\/2018\/09\/IMG_5420-\u2014-kopia-1-1024x1024.jpg 1024w\" sizes=\"(max-width: 300px) 100vw, 300px\" \/> <img loading=\"lazy\" decoding=\"async\" class=\"alignnone size-medium wp-image-3030\" src=\"https:\/\/soswtg.pl\/wp-content\/uploads\/2018\/09\/IMG_5425-225x300.jpg\" alt=\"\" width=\"225\" height=\"300\" srcset=\"https:\/\/soswtg.pl\/wp-content\/uploads\/2018\/09\/IMG_5425-225x300.jpg 225w, https:\/\/soswtg.pl\/wp-content\/uploads\/2018\/09\/IMG_5425-768x1024.jpg 768w\" sizes=\"(max-width: 225px) 100vw, 225px\" \/> <img loading=\"lazy\" decoding=\"async\" class=\"alignnone size-medium wp-image-3031\" src=\"https:\/\/soswtg.pl\/wp-content\/uploads\/2018\/09\/IMG_5417-300x300.jpg\" alt=\"\" width=\"300\" height=\"300\" srcset=\"https:\/\/soswtg.pl\/wp-content\/uploads\/2018\/09\/IMG_5417-300x300.jpg 300w, https:\/\/soswtg.pl\/wp-content\/uploads\/2018\/09\/IMG_5417-150x150.jpg 150w, https:\/\/soswtg.pl\/wp-content\/uploads\/2018\/09\/IMG_5417-768x768.jpg 768w, https:\/\/soswtg.pl\/wp-content\/uploads\/2018\/09\/IMG_5417-1024x1024.jpg 1024w\" sizes=\"(max-width: 300px) 100vw, 300px\" \/><\/p>\n","protected":false},"excerpt":{"rendered":"<p>K\u00f3\u0142ko teatralne Udzia\u0142 w teatrze umo\u017cliwia emocjonalny rozw\u00f3j dziecka, m\u0142odego cz\u0142owieka. Pozwala poznawa\u0107 siebie, swoje emocje i umiej\u0119tnie sobie z nimi radzi\u0107. Pozwala odkry\u0107 inny \u015bwiat (nie \u201edomowy\u201d, \u201epodw\u00f3rkowy\u201d, \u201elekcyjny\u201d), znale\u017a\u0107\u00a0motywacj\u0119 do \u017cycia, rozwin\u0105\u0107 wiar\u0119 w siebie. W takim rozumieniu &hellip; <a href=\"https:\/\/soswtg.pl\/index.php\/kolko-teatralne\/\">Czytaj dalej <span class=\"meta-nav\">&rarr;<\/span><\/a><\/p>\n","protected":false},"author":1,"featured_media":0,"parent":0,"menu_order":0,"comment_status":"closed","ping_status":"closed","template":"","meta":{"footnotes":""},"class_list":["post-3022","page","type-page","status-publish","hentry"],"_links":{"self":[{"href":"https:\/\/soswtg.pl\/index.php\/wp-json\/wp\/v2\/pages\/3022"}],"collection":[{"href":"https:\/\/soswtg.pl\/index.php\/wp-json\/wp\/v2\/pages"}],"about":[{"href":"https:\/\/soswtg.pl\/index.php\/wp-json\/wp\/v2\/types\/page"}],"author":[{"embeddable":true,"href":"https:\/\/soswtg.pl\/index.php\/wp-json\/wp\/v2\/users\/1"}],"replies":[{"embeddable":true,"href":"https:\/\/soswtg.pl\/index.php\/wp-json\/wp\/v2\/comments?post=3022"}],"version-history":[{"count":1,"href":"https:\/\/soswtg.pl\/index.php\/wp-json\/wp\/v2\/pages\/3022\/revisions"}],"predecessor-version":[{"id":3032,"href":"https:\/\/soswtg.pl\/index.php\/wp-json\/wp\/v2\/pages\/3022\/revisions\/3032"}],"wp:attachment":[{"href":"https:\/\/soswtg.pl\/index.php\/wp-json\/wp\/v2\/media?parent=3022"}],"curies":[{"name":"wp","href":"https:\/\/api.w.org\/{rel}","templated":true}]}}