{"id":295,"date":"2017-03-20T17:45:37","date_gmt":"2017-03-20T16:45:37","guid":{"rendered":"http:\/\/soswtg.pl\/?page_id=295"},"modified":"2017-04-09T10:36:29","modified_gmt":"2017-04-09T08:36:29","slug":"wolontariat","status":"publish","type":"page","link":"https:\/\/soswtg.pl\/index.php\/wolontariat\/","title":{"rendered":"Wolontariat"},"content":{"rendered":"<p style=\"text-align: center;\">W Specjalnym O\u015brodku Szkolno-Wychowawczym<br \/>\nw Tarnowskich G\u00f3rach<br \/>\nusankcjonowa\u0142a si\u0119 dzia\u0142alno\u015b\u0107 charytatywna na rzecz os\u00f3b niepe\u0142nosprawnych<br \/>\n<span style=\"color: #3366ff;\"><strong>Hominem Quero<\/strong><\/span><\/p>\n<p style=\"text-align: left;\"><span style=\"font-size: 12pt; font-family: 'times new roman', times, serif;\">\u00a0Opieka nad wolontariatem: \u00a0 \u00a0 \u00a0 \u00a0 \u00a0 \u00a0 \u00a0 \u00a0 \u00a0 \u00a0 \u00a0 \u00a0 \u00a0 \u00a0 \u00a0 \u00a0 \u00a0 \u00a0 \u00a0 \u00a0 \u00a0 \u00a0 \u00a0 \u00a0 \u00a0 \u00a0 \u00a0 \u00a0 \u00a0 \u00a0 \u00a0 \u00a0 \u00a0 \u00a0 <a href=\"https:\/\/soswtg.pl\/index.php\/wolontariat-aktualnosci\/\">Bie\u017c\u0105ca dzia\u0142alno\u015b\u0107<\/a><\/span><\/p>\n<ul style=\"list-style-type: circle;\">\n<li style=\"text-align: left;\"><span style=\"font-size: 10pt; font-family: 'times new roman', times, serif;\"><strong>Janina Stepek<\/strong><\/span><\/li>\n<li style=\"text-align: left;\"><span style=\"font-size: 10pt; font-family: 'times new roman', times, serif;\"><strong>Renata Rychter<\/strong><\/span><\/li>\n<li style=\"text-align: left;\"><span style=\"font-size: 10pt; font-family: 'times new roman', times, serif;\"><strong>Katarzyna Kurzeja<\/strong><\/span><\/li>\n<\/ul>\n<p style=\"text-align: justify;\"><span style=\"font-size: 12pt; font-family: 'times new roman', times, serif;\">Struktura dzia\u0142a\u0144 w wolontariacie obejmuje dzia\u0142alno\u015b\u0107 pomocow\u0105 m\u0142odzie\u017cy na rzecz os\u00f3b niepe\u0142nosprawnych i\u00a0starszych w Domu Pomocy Spo\u0142ecznej.\u00a0<\/span><span style=\"font-size: 12pt; font-family: 'times new roman', times, serif;\">W za\u0142o\u017ceniach dzia\u0142alno\u015bci Wolontariatu \u201eHominem Quero\u201d jest \u00a0praca spo\u0142eczna na rzecz innych, praca w\u015br\u00f3d m\u0142odzie\u017cy nad wzbudzaniem \u015bwiadomo\u015bci otwarcia na potrzeby drugiego cz\u0142owieka oraz uczenie wra\u017cliwo\u015bci i postawy dawcy wobec os\u00f3b niepe\u0142nosprawnych, poszkodowanych przez los, niezaradnych i\u00a0s\u0142abszych. \u00a0 \u00a0 \u00a0 \u00a0 \u00a0 \u00a0 \u00a0 \u00a0 \u00a0 \u00a0 \u00a0 \u00a0 \u00a0 \u00a0 \u00a0 \u00a0 \u00a0 \u00a0 \u00a0 \u00a0 \u00a0 \u00a0 \u00a0 \u00a0 \u00a0 \u00a0 \u00a0 \u00a0 \u00a0 \u00a0 \u00a0 \u00a0 \u00a0 \u00a0 \u00a0 \u00a0 \u00a0 \u00a0 \u00a0 \u00a0 \u00a0 \u00a0 \u00a0 \u00a0 \u00a0 \u00a0 \u00a0 \u00a0 \u00a0 \u00a0 \u00a0 \u00a0 \u00a0 \u00a0 \u00a0 \u00a0 \u00a0 \u00a0 \u00a0 \u00a0 \u00a0 \u00a0 \u00a0 \u00a0 \u00a0 \u00a0 \u00a0 \u00a0 <\/span><span style=\"font-size: 12pt; font-family: 'times new roman', times, serif; color: #000000;\">Idea dzia\u0142a\u0144 na rzecz os\u00f3b starszych i niepe\u0142nosprawnych zrodzi\u0142a sie w 1999 roku. M\u0142odzie\u017c Zasadniczej Szko\u0142y Zawodowej w naszym o\u015brodku pod opiek\u0105 nauczycieli opiekun\u00f3w uczy\u0142a si\u0119 pomaga\u0107, wspiera\u0107 osoby w<span lang=\"en\">\u00a0<\/span>DPS\u00a0 po\u015bwi\u0119caj\u0105c sw\u00f3j wolny czas na wsp\u00f3lnym czytaniu, siedzeniu przy \u0142\u00f3\u017cku ci\u0119\u017cko chorych, czy przez dokonywanie potrzebuj\u0105cym drobnych sprawunk\u00f3w w mie\u015bcie. \u00a0 \u00a0 \u00a0 \u00a0 \u00a0 \u00a0 \u00a0 \u00a0 \u00a0 \u00a0 \u00a0 \u00a0 \u00a0 \u00a0 \u00a0 \u00a0 \u00a0 \u00a0 \u00a0 \u00a0 \u00a0 \u00a0 \u00a0 \u00a0 \u00a0 \u00a0 \u00a0 \u00a0 \u00a0 \u00a0 \u00a0 \u00a0 \u00a0 \u00a0 \u00a0 \u00a0 \u00a0 \u00a0 \u00a0 \u00a0 \u00a0 \u00a0 \u00a0 \u00a0 \u00a0 \u00a0 \u00a0 \u00a0 \u00a0 \u00a0 \u00a0 \u00a0 \u00a0 \u00a0 \u00a0 \u00a0 \u00a0 \u00a0 \u00a0 \u00a0 \u00a0 \u00a0 \u00a0 \u00a0 \u00a0 \u00a0 \u00a0 \u00a0 \u00a0 <\/span><span style=\"font-size: 12pt; font-family: 'times new roman', times, serif; color: #000000;\">Dzieci ze szko\u0142y podstawowej przygotowywa\u0142y pod kierunkiem swoich wychowawc\u00f3w z r\u00f3\u017cnych okazji\u00a0 upominki, prace w\u0142asnych r\u0105k. \u00a0 \u00a0 \u00a0 \u00a0 \u00a0 \u00a0 \u00a0 \u00a0 \u00a0 \u00a0 \u00a0 \u00a0 \u00a0 \u00a0 \u00a0 \u00a0 \u00a0 \u00a0 \u00a0 \u00a0 \u00a0 \u00a0 \u00a0 \u00a0 \u00a0 \u00a0 \u00a0 \u00a0 \u00a0 \u00a0 \u00a0 \u00a0 \u00a0 \u00a0 \u00a0 \u00a0 \u00a0 \u00a0 \u00a0 \u00a0 \u00a0 \u00a0 \u00a0 <\/span><span style=\"font-size: 12pt; color: #000000; font-family: 'times new roman', times, serif;\">Kolejne lata to czas wsp\u00f3lnych spotka\u0144 w Domu pomocy spo\u0142ecznej u si\u00f3str Boromeuszek w<span lang=\"en\">\u00a0<\/span>tamtejszej \u015bwietlicy.<\/span><br \/>\n<span style=\"font-size: 12pt; color: #000000; font-family: 'times new roman', times, serif;\"> Dzieci ze swoimi nauczycielami przygotowywa\u0142y przedstawienia teatralne, inscenizacje, monta\u017ce s\u0142owno -muzyczne na okoliczne \u015bwi\u0119ta. \u00a0 \u00a0 \u00a0 \u00a0 \u00a0 \u00a0 \u00a0 \u00a0 \u00a0 \u00a0 \u00a0 \u00a0 \u00a0 \u00a0 \u00a0 \u00a0 \u00a0 \u00a0 \u00a0 \u00a0 \u00a0 \u00a0 \u00a0 \u00a0 \u00a0 \u00a0 \u00a0 \u00a0 \u00a0 \u00a0 \u00a0 \u00a0 \u00a0 \u00a0 \u00a0 \u00a0 \u00a0 \u00a0 \u00a0 \u00a0 \u00a0 \u00a0 \u00a0 \u00a0 \u00a0 \u00a0 <\/span><span style=\"font-size: 12pt; color: #000000; font-family: 'times new roman', times, serif;\">Ostatnie lata to wzajemne odwiedziny z okazji Dni Papieskich, Jase\u0142ek, Andrzejek, zabaw w karnawale i<span lang=\"en\">\u00a0<\/span>przemi\u0142e ciep\u0142e spotkania w szkole i w M\u0142odzie\u017cowym Domu Kultury z okazji Dnia Babci, Dnia Matki, Dnia Dziecka czy z okazji Dni Ksi\u0105\u017cki. \u00a0 \u00a0 \u00a0 \u00a0 \u00a0 \u00a0 \u00a0 \u00a0 \u00a0 \u00a0 \u00a0 \u00a0 \u00a0 \u00a0 \u00a0 \u00a0 \u00a0 \u00a0 \u00a0 \u00a0 \u00a0 \u00a0 \u00a0 \u00a0 \u00a0 \u00a0 \u00a0 \u00a0 <\/span><span style=\"font-size: 12pt; color: #000000; font-family: 'times new roman', times, serif;\">Przez lata takich dzia\u0142a\u0144 dzieci poczu\u0142y \u017ce s\u0105 osoby, kt\u00f3re na nie czekaj\u0105 z ut\u0119sknieniem, a nios\u0105c u\u015bmiech powoduj\u0105 u\u015bmiech na twarzach pensjonariuszek os\u00f3b cz\u0119sto zapomnianych przez w\u0142asne rodziny.<\/span><\/p>\n<p>&nbsp;<\/p>\n","protected":false},"excerpt":{"rendered":"<p>W Specjalnym O\u015brodku Szkolno-Wychowawczym w Tarnowskich G\u00f3rach usankcjonowa\u0142a si\u0119 dzia\u0142alno\u015b\u0107 charytatywna na rzecz os\u00f3b niepe\u0142nosprawnych Hominem Quero \u00a0Opieka nad wolontariatem: \u00a0 \u00a0 \u00a0 \u00a0 \u00a0 \u00a0 \u00a0 \u00a0 \u00a0 \u00a0 \u00a0 \u00a0 \u00a0 \u00a0 \u00a0 \u00a0 \u00a0 \u00a0 \u00a0 \u00a0 &hellip; <a href=\"https:\/\/soswtg.pl\/index.php\/wolontariat\/\">Czytaj dalej <span class=\"meta-nav\">&rarr;<\/span><\/a><\/p>\n","protected":false},"author":1,"featured_media":0,"parent":0,"menu_order":0,"comment_status":"closed","ping_status":"closed","template":"","meta":{"footnotes":""},"class_list":["post-295","page","type-page","status-publish","hentry"],"_links":{"self":[{"href":"https:\/\/soswtg.pl\/index.php\/wp-json\/wp\/v2\/pages\/295"}],"collection":[{"href":"https:\/\/soswtg.pl\/index.php\/wp-json\/wp\/v2\/pages"}],"about":[{"href":"https:\/\/soswtg.pl\/index.php\/wp-json\/wp\/v2\/types\/page"}],"author":[{"embeddable":true,"href":"https:\/\/soswtg.pl\/index.php\/wp-json\/wp\/v2\/users\/1"}],"replies":[{"embeddable":true,"href":"https:\/\/soswtg.pl\/index.php\/wp-json\/wp\/v2\/comments?post=295"}],"version-history":[{"count":10,"href":"https:\/\/soswtg.pl\/index.php\/wp-json\/wp\/v2\/pages\/295\/revisions"}],"predecessor-version":[{"id":791,"href":"https:\/\/soswtg.pl\/index.php\/wp-json\/wp\/v2\/pages\/295\/revisions\/791"}],"wp:attachment":[{"href":"https:\/\/soswtg.pl\/index.php\/wp-json\/wp\/v2\/media?parent=295"}],"curies":[{"name":"wp","href":"https:\/\/api.w.org\/{rel}","templated":true}]}}