{"id":2875,"date":"2018-06-14T15:51:00","date_gmt":"2018-06-14T13:51:00","guid":{"rendered":"http:\/\/soswtg.pl\/?page_id=2875"},"modified":"2021-06-14T22:02:39","modified_gmt":"2021-06-14T20:02:39","slug":"rodo","status":"publish","type":"page","link":"https:\/\/soswtg.pl\/index.php\/rodo\/","title":{"rendered":"RODO"},"content":{"rendered":"<p><a href=\"https:\/\/soswtg.pl\/wp-content\/uploads\/2021\/06\/Klauzula-COVID-19.doc\">Klauzula COVID-19<\/a><\/p>\n<p><a href=\"https:\/\/soswtg.pl\/wp-content\/uploads\/2021\/06\/Klauzula-PPK.doc\">Klauzula PPK<\/a><\/p>\n<p><a href=\"https:\/\/soswtg.pl\/wp-content\/uploads\/2021\/06\/RODO-SOSW.doc\">RODO SOSW<\/a><\/p>\n<p>Komunikat Dyrektora Specjalnego O\u015brodka Szkolno &#8211; Wychowawczego:<\/p>\n<p>&#8222;Na podstawie art. 37.7 RODO informuj\u0119, \u017ce Inspektorem ochrony danych (IOD) jest Pan Adam Korzuch, mail: korzuch@infoic.pl&#8221;<\/p>\n<p><\/p>\n\n","protected":false},"excerpt":{"rendered":"<p>Klauzula COVID-19 Klauzula PPK RODO SOSW Komunikat Dyrektora Specjalnego O\u015brodka Szkolno &#8211; Wychowawczego: &#8222;Na podstawie art. 37.7 RODO informuj\u0119, \u017ce Inspektorem ochrony danych (IOD) jest Pan Adam Korzuch, mail: korzuch@infoic.pl&#8221;<\/p>\n","protected":false},"author":1,"featured_media":0,"parent":0,"menu_order":0,"comment_status":"closed","ping_status":"closed","template":"","meta":{"footnotes":""},"class_list":["post-2875","page","type-page","status-publish","hentry"],"_links":{"self":[{"href":"https:\/\/soswtg.pl\/index.php\/wp-json\/wp\/v2\/pages\/2875"}],"collection":[{"href":"https:\/\/soswtg.pl\/index.php\/wp-json\/wp\/v2\/pages"}],"about":[{"href":"https:\/\/soswtg.pl\/index.php\/wp-json\/wp\/v2\/types\/page"}],"author":[{"embeddable":true,"href":"https:\/\/soswtg.pl\/index.php\/wp-json\/wp\/v2\/users\/1"}],"replies":[{"embeddable":true,"href":"https:\/\/soswtg.pl\/index.php\/wp-json\/wp\/v2\/comments?post=2875"}],"version-history":[{"count":4,"href":"https:\/\/soswtg.pl\/index.php\/wp-json\/wp\/v2\/pages\/2875\/revisions"}],"predecessor-version":[{"id":6105,"href":"https:\/\/soswtg.pl\/index.php\/wp-json\/wp\/v2\/pages\/2875\/revisions\/6105"}],"wp:attachment":[{"href":"https:\/\/soswtg.pl\/index.php\/wp-json\/wp\/v2\/media?parent=2875"}],"curies":[{"name":"wp","href":"https:\/\/api.w.org\/{rel}","templated":true}]}}