{"id":287,"date":"2019-09-16T16:07:17","date_gmt":"2019-09-16T14:07:17","guid":{"rendered":"http:\/\/soswtg.pl\/?page_id=287"},"modified":"2020-09-11T22:44:12","modified_gmt":"2020-09-11T20:44:12","slug":"kalendarz-roku-szkolnego-20162017","status":"publish","type":"page","link":"https:\/\/soswtg.pl\/index.php\/kalendarz-roku-szkolnego-20162017\/","title":{"rendered":"Kalendarz roku szkolnego 2020\/2021"},"content":{"rendered":"<p style=\"text-align: center;\"><a href=\"https:\/\/soswtg.pl\/wp-content\/uploads\/2020\/09\/Kalendarz-roku-szkolnego-2020-2021.doc\"><span style=\"font-size: 18pt;\">Kalendarz roku szkolnego 2020-2021<\/span><\/a><\/p>\n<p style=\"text-align: center;\"><strong>Dodatkowe dni wolne od zaj\u0119\u0107 dydaktyczno-wychowawczych<\/strong><\/p>\n<p style=\"text-align: center;\"><strong>w roku szkolnym 2020\/2021<\/strong><\/p>\n<p style=\"text-align: center;\"><strong>pozytywnie zaopiniowane przez Rad\u0119 Pedagogiczn\u0105 Specjalnego O\u015brodka Szkolno-Wychowawczego<\/strong><br \/>\nw Tarnowskich G\u00f3rach na posiedzeniu w dniu 28 sierpnia 2020 roku<\/p>\n<table>\n<tbody>\n<tr>\n<td width=\"187\"><strong>Szko\u0142a Podstawowa<\/strong><\/td>\n<td width=\"208\"><strong>Bran\u017cowa Szko\u0142a Zawodowa<\/strong><\/td>\n<td width=\"189\"><strong>Szko\u0142a Przysposabiaj\u0105ca <\/strong><\/p>\n<p><strong>do Pracy<\/strong><\/td>\n<\/tr>\n<tr>\n<td width=\"187\">16 pa\u017adziernika 2020r.<\/td>\n<td width=\"208\">16 pa\u017adziernika 2020r.<\/td>\n<td width=\"189\">16 pa\u017adziernika 2020r.<\/td>\n<\/tr>\n<tr>\n<td width=\"187\">4,5 &nbsp;stycznia 2021r.<\/td>\n<td width=\"208\">4,5 stycznia 2021r.<\/td>\n<td width=\"189\">4,5 stycznia 2021r.<\/td>\n<\/tr>\n<tr>\n<td width=\"187\">egzamin \u00f3smoklasisty&nbsp; &#8211;<\/p>\n<p>25 maja 2021r.<\/p>\n<p>j\u0119zyk polski<\/td>\n<td width=\"208\">&#8212;&#8212;&#8212;&#8212;&#8212;&#8212;&#8212;&#8212;&#8212;<\/td>\n<td width=\"189\">&#8212;&#8212;&#8212;&#8212;&#8212;&#8212;&#8212;&#8212;&#8212;&#8211;<\/td>\n<\/tr>\n<tr>\n<td width=\"187\">egzamin \u00f3smoklasisty \u2013<\/p>\n<p>26 maja 2021r.<\/p>\n<p>matematyka<\/td>\n<td width=\"208\">&#8212;&#8212;&#8212;&#8212;&#8212;&#8212;&#8212;&#8212;&#8212;<\/td>\n<td width=\"189\">&#8212;&#8212;&#8212;&#8212;&#8212;&#8212;&#8212;&#8212;&#8212;&#8211;<\/td>\n<\/tr>\n<tr>\n<td width=\"187\">egzamin \u00f3smoklasisty \u2013<\/p>\n<p>27 maja 2021r.<\/p>\n<p>j\u0119zyk obcy nowo\u017cytny<\/td>\n<td width=\"208\">&#8212;&#8212;&#8212;&#8212;&#8212;&#8212;&#8212;&#8212;&#8212;-<\/td>\n<td width=\"189\">&#8212;&#8212;&#8212;&#8212;&#8212;&#8212;&#8212;&#8212;&#8212;&#8211;<\/td>\n<\/tr>\n<tr>\n<td width=\"187\">4 czerwca&nbsp; 2021r.<\/td>\n<td width=\"208\">4 czerwca&nbsp; 2021r.<\/td>\n<td width=\"189\">&nbsp;4 czerwca&nbsp; 2021r.<\/td>\n<\/tr>\n<\/tbody>\n<\/table>\n<p style=\"text-align: center;\">KALENDARZ ROKU SZKOLNEGO 2020\/2021<\/p>\n<table>\n<tbody>\n<tr>\n<td width=\"36\">lp.<\/td>\n<td width=\"350\"><strong>wydarzenie<\/strong><\/td>\n<td width=\"229\"><strong>data<\/strong><\/td>\n<\/tr>\n<tr>\n<td width=\"36\">1.<\/td>\n<td width=\"350\">Rozpocz\u0119cie zaj\u0119\u0107 dydaktyczno-wychowawczych<\/td>\n<td width=\"229\">01.09.2020 r.<\/td>\n<\/tr>\n<tr>\n<td width=\"36\">2.<\/td>\n<td width=\"350\">Dzie\u0144 Edukacji<\/td>\n<td width=\"229\">14.10.2020 r.<\/td>\n<\/tr>\n<tr>\n<td width=\"36\">3.<\/td>\n<td width=\"350\">Dzie\u0144 Wszystkich \u015awi\u0119tych<\/td>\n<td width=\"229\">01.11.2020 r.<\/td>\n<\/tr>\n<tr>\n<td width=\"36\">4.<\/td>\n<td width=\"350\">Narodowe \u015awi\u0119to Niepodleg\u0142o\u015bci<\/td>\n<td width=\"229\">11.11.2020 r.<\/td>\n<\/tr>\n<tr>\n<td width=\"36\">5.<\/td>\n<td width=\"350\">Zimowa przerwa \u015bwi\u0105teczna<\/td>\n<td width=\"229\">23 &#8211; 31.12.2020 r.<\/td>\n<\/tr>\n<tr>\n<td width=\"36\">6.<\/td>\n<td width=\"350\">Nowy Rok<\/td>\n<td width=\"229\">01.01.2021 r.<\/td>\n<\/tr>\n<tr>\n<td width=\"36\">7.<\/td>\n<td width=\"350\">\u015awi\u0119to Trzech Kr\u00f3li<\/td>\n<td width=\"229\">06.01.2021 r.<\/td>\n<\/tr>\n<tr>\n<td width=\"36\">8.<\/td>\n<td width=\"350\">Ferie zimowe<\/td>\n<td width=\"229\">01 &#8211; 14.02.2021 r.<\/td>\n<\/tr>\n<tr>\n<td width=\"36\">9.<\/td>\n<td width=\"350\">Wiosenna przerwa \u015bwi\u0105teczna<\/td>\n<td width=\"229\">01 &#8211; 06.04.2021 r.<\/td>\n<\/tr>\n<tr>\n<td width=\"36\">10.<\/td>\n<td width=\"350\">Egzamin \u00f3smoklasisty \u2013 j\u0119zyk polski<\/td>\n<td width=\"229\">25.05.2021r.<\/p>\n<p>(16.06-termin poprawkowy)<\/td>\n<\/tr>\n<tr>\n<td width=\"36\">11.<\/td>\n<td width=\"350\">Egzamin \u00f3smoklasisty \u2013 matematyka<\/td>\n<td width=\"229\">26.05.2021r.<\/p>\n<p>(17.06-termin poprawkowy)<\/td>\n<\/tr>\n<tr>\n<td width=\"36\">12.<\/td>\n<td width=\"350\">Egzamin \u00f3smoklasisty \u2013 j\u0119zyk obcy nowo\u017cytny<\/td>\n<td width=\"229\">27.05.2021r.<\/p>\n<p>(18.06-termin poprawkowy)<\/td>\n<\/tr>\n<tr>\n<td width=\"36\">13.<\/td>\n<td width=\"350\">\u015awi\u0119to Pracy<\/td>\n<td width=\"229\">01.05.2021 r.<\/td>\n<\/tr>\n<tr>\n<td width=\"36\">14.<\/td>\n<td width=\"350\">\u015awi\u0119to Konstytucji 3 Maja<\/td>\n<td width=\"229\">03.05.2021 r.<\/td>\n<\/tr>\n<tr>\n<td width=\"36\">15.<\/td>\n<td width=\"350\">Bo\u017ce Cia\u0142o<\/td>\n<td width=\"229\">03.06.2021 r.<\/td>\n<\/tr>\n<tr>\n<td width=\"36\">16.<\/td>\n<td width=\"350\">Egzamin zawodowy &#8211; pisemny<\/td>\n<td width=\"229\"><\/td>\n<\/tr>\n<tr>\n<td width=\"36\">17.<\/td>\n<td width=\"350\">Zako\u0144czenie zaj\u0119\u0107<br \/>\ndydaktyczno-wychowawczych<\/td>\n<td width=\"229\">25.06.2021 r.<\/td>\n<\/tr>\n<\/tbody>\n<\/table>\n<p><strong>&nbsp;<\/strong><\/p>\n","protected":false},"excerpt":{"rendered":"<p>Kalendarz roku szkolnego 2020-2021 Dodatkowe dni wolne od zaj\u0119\u0107 dydaktyczno-wychowawczych w roku szkolnym 2020\/2021 pozytywnie zaopiniowane przez Rad\u0119 Pedagogiczn\u0105 Specjalnego O\u015brodka Szkolno-Wychowawczego w Tarnowskich G\u00f3rach na posiedzeniu w dniu 28 sierpnia 2020 roku Szko\u0142a Podstawowa Bran\u017cowa Szko\u0142a Zawodowa Szko\u0142a Przysposabiaj\u0105ca &hellip; <a href=\"https:\/\/soswtg.pl\/index.php\/kalendarz-roku-szkolnego-20162017\/\">Czytaj dalej <span class=\"meta-nav\">&rarr;<\/span><\/a><\/p>\n","protected":false},"author":1,"featured_media":0,"parent":0,"menu_order":0,"comment_status":"closed","ping_status":"closed","template":"","meta":{"footnotes":""},"class_list":["post-287","page","type-page","status-publish","hentry"],"_links":{"self":[{"href":"https:\/\/soswtg.pl\/index.php\/wp-json\/wp\/v2\/pages\/287"}],"collection":[{"href":"https:\/\/soswtg.pl\/index.php\/wp-json\/wp\/v2\/pages"}],"about":[{"href":"https:\/\/soswtg.pl\/index.php\/wp-json\/wp\/v2\/types\/page"}],"author":[{"embeddable":true,"href":"https:\/\/soswtg.pl\/index.php\/wp-json\/wp\/v2\/users\/1"}],"replies":[{"embeddable":true,"href":"https:\/\/soswtg.pl\/index.php\/wp-json\/wp\/v2\/comments?post=287"}],"version-history":[{"count":17,"href":"https:\/\/soswtg.pl\/index.php\/wp-json\/wp\/v2\/pages\/287\/revisions"}],"predecessor-version":[{"id":5624,"href":"https:\/\/soswtg.pl\/index.php\/wp-json\/wp\/v2\/pages\/287\/revisions\/5624"}],"wp:attachment":[{"href":"https:\/\/soswtg.pl\/index.php\/wp-json\/wp\/v2\/media?parent=287"}],"curies":[{"name":"wp","href":"https:\/\/api.w.org\/{rel}","templated":true}]}}