{"id":278,"date":"2017-03-20T15:29:10","date_gmt":"2017-03-20T14:29:10","guid":{"rendered":"http:\/\/soswtg.pl\/?page_id=278"},"modified":"2017-03-31T09:21:08","modified_gmt":"2017-03-31T07:21:08","slug":"internat","status":"publish","type":"page","link":"https:\/\/soswtg.pl\/index.php\/internat\/","title":{"rendered":"Internat o\u015brodka"},"content":{"rendered":"<p style=\"text-align: justify;\">Budynek internatu jest nowoczesnym obiektem w pe\u0142ni przystosowanym do potrzeb os\u00f3b niepe\u0142nosprawnych ruchowo. Wyposa\u017cony jest m.in. w nowoczesne windy, odpowiednie sanitariaty oraz przestronne korytarze i sale do zaj\u0119\u0107 dydaktyczno &#8211; wychowawczych, nie ma \u017cadnych barier architektonicznych.<\/p>\n<p style=\"text-align: justify;\"><img loading=\"lazy\" decoding=\"async\" class=\"alignnone size-medium wp-image-540\" src=\"https:\/\/soswtg.pl\/wp-content\/uploads\/2017\/03\/100_1271-2-300x210.jpg\" alt=\"\" width=\"300\" height=\"210\" srcset=\"https:\/\/soswtg.pl\/wp-content\/uploads\/2017\/03\/100_1271-2-300x210.jpg 300w, https:\/\/soswtg.pl\/wp-content\/uploads\/2017\/03\/100_1271-2-768x538.jpg 768w, https:\/\/soswtg.pl\/wp-content\/uploads\/2017\/03\/100_1271-2-1024x718.jpg 1024w, https:\/\/soswtg.pl\/wp-content\/uploads\/2017\/03\/100_1271-2.jpg 1512w\" sizes=\"(max-width: 300px) 100vw, 300px\" \/> <img loading=\"lazy\" decoding=\"async\" class=\"alignnone size-medium wp-image-541\" src=\"https:\/\/soswtg.pl\/wp-content\/uploads\/2017\/03\/100_1266-300x204.jpg\" alt=\"\" width=\"300\" height=\"204\" srcset=\"https:\/\/soswtg.pl\/wp-content\/uploads\/2017\/03\/100_1266-300x204.jpg 300w, https:\/\/soswtg.pl\/wp-content\/uploads\/2017\/03\/100_1266-768x523.jpg 768w, https:\/\/soswtg.pl\/wp-content\/uploads\/2017\/03\/100_1266-1024x698.jpg 1024w, https:\/\/soswtg.pl\/wp-content\/uploads\/2017\/03\/100_1266.jpg 1587w\" sizes=\"(max-width: 300px) 100vw, 300px\" \/><br \/>\nInternat wchodzi w sk\u0142ad Specjalnego O\u015brodka Szkolno &#8211; Wychowawczego, a dzieci obj\u0119te s\u0105 opiek\u0105 w dni nauki szkolnej. Obiekt usytuowany jest niedaleko centrum miasta Tarnowskie G\u00f3ry. W odleg\u0142o\u015bci oko\u0142o 200 m. od internatu mie\u015bci si\u0119 przystanek autobusowy, co pozwala na dobre po\u0142\u0105czenie komunikacyjne z miastem i dworcem PKP \u00a0 \u00a0 \u00a0 i PKS. Teren internatu jest dobrze zagospodarowany i ogrodzony. Na tym terenie mie\u015bci si\u0119 sad i boisko szkolne.<\/p>\n<p style=\"text-align: justify;\"><img loading=\"lazy\" decoding=\"async\" class=\"alignnone size-medium wp-image-542\" src=\"https:\/\/soswtg.pl\/wp-content\/uploads\/2017\/03\/100_1268-300x195.jpg\" alt=\"\" width=\"300\" height=\"195\" srcset=\"https:\/\/soswtg.pl\/wp-content\/uploads\/2017\/03\/100_1268-300x195.jpg 300w, https:\/\/soswtg.pl\/wp-content\/uploads\/2017\/03\/100_1268-768x498.jpg 768w, https:\/\/soswtg.pl\/wp-content\/uploads\/2017\/03\/100_1268-1024x664.jpg 1024w, https:\/\/soswtg.pl\/wp-content\/uploads\/2017\/03\/100_1268.jpg 1669w\" sizes=\"(max-width: 300px) 100vw, 300px\" \/><br \/>\nInternat zapewnia wszechstronny, harmonijny, rozw\u00f3j ka\u017cdego dziecka, przygotowuje \u00a0 \u00a0 \u00a0 \u00a0 do samodzielnego udzia\u0142u w \u017cyciu spo\u0142ecznym w integracji ze \u015brodowiskiem. Internat wykonuje swoje zadania poprzez zespo\u0142ow\u0105 dzia\u0142alno\u015b\u0107 rewalidacyjn\u0105 wychowawc\u00f3w, psychologa i pedagoga oraz dyrekcji o\u015brodka.<br \/>\nPersonel pedagogiczny stanowi\u0105 wszyscy wychowawcy internatu, psycholog i pedagog o\u015brodka. S\u0105 to pracownicy posiadaj\u0105cy pe\u0142ne kwalifikacje do pracy z dzieckiem o obni\u017conej sprawno\u015bci intelektualnej.<br \/>\nPodstawow\u0105 jednostk\u0105 organizacyjn\u0105 w internacie jest grupa wychowawcza z\u0142o\u017cona z wychowank\u00f3w, kt\u00f3rzy z racji swojej niepe\u0142nosprawno\u015bci, nie mog\u0105 ucz\u0119szcza\u0107 do szko\u0142y w miejscu zamieszkania. Nad ka\u017cd\u0105 grup\u0105 wychowawcz\u0105 piecz\u0119 sprawuje dwoje wychowawc\u00f3w, ka\u017cda grupa wychowank\u00f3w przydzielon\u0105 ma uczelni\u0119 oraz szereg pokoi sypialnianych.<br \/>\nWychowankowie internatu maj\u0105 zapewnion\u0105 w\u0142a\u015bciw\u0105 opiek\u0119, obj\u0119ci s\u0105 procesem rewalidacji oraz procesem kszta\u0142cenia zgodnie z zasadami oligofrenopedagogiki. Ponadto zapewnione jest wszelkie bezpiecze\u0144stwo dziecka i ochrona przed wszelkimi formami przemocy fizycznej b\u0105d\u017a psychicznej. Dbamy o \u017cyczliwe traktowanie, swobodne wyra\u017canie my\u015bli i pogl\u0105d\u00f3w, staramy si\u0119 o warunki sprzyjaj\u0105ce rozwijaniu wszelkich zainteresowa\u0144 dziecka.<br \/>\nWychowankowie maj\u0105 tak\u017ce obowi\u0105zek realizowania obowi\u0105zku szkolnego i pracy nad powi\u0119kszaniem swojej wiedzy i umiej\u0119tno\u015bci. Dzieci powinny uczestniczy\u0107 w organizowanych zaj\u0119ciach na terenie internatu, dba\u0107 o kultur\u0119 zachowania, mienie internatu i jego wygl\u0105d. Ponad to maj\u0105 obowi\u0105zek unikania wszelkich na\u0142og\u00f3w, przestrzegania zasad kultury wsp\u00f3\u0142\u017cycia w odniesieniu do nauczycieli, wychowawc\u00f3w i innych pracownik\u00f3w o\u015brodka oraz w stosunku do swoich koleg\u00f3w i kole\u017canek.<br \/>\nFormy i metody pracy opieku\u0144czo &#8211; wychowawczej i rewalidacyjnej z wychowankami, s\u0105 dostosowane do mo\u017cliwo\u015bci psychofizycznych dzieci. Oddzia\u0142ywania wychowawc\u00f3w wzgl\u0119dem wychowanka prowadzone s\u0105 w ramach zaj\u0119\u0107 dydaktycznych i wychowawczych, min. zaj\u0119cia \u015bwietlicowe, kulturalno &#8211; o\u015bwiatowe, teatralno &#8211; muzyczne, plastyczne, rekreacyjno &#8211; sportowe, higieniczno &#8211; porz\u0105dkowe, logopedyczne i nauki w\u0142asnej.<br \/>\nDu\u017ce znaczenie ma wsp\u00f3\u0142praca internatu ze \u015brodowiskiem lokalnym. Do udzia\u0142u w procesie pracy z dzieckiem niepe\u0142nosprawnym intelektualnie, w\u0142\u0105czane s\u0105 r\u00f3\u017cne organizacje spo\u0142eczne i instytucje dzia\u0142aj\u0105ce na terenie Tarnowskich G\u00f3r. Do nich nale\u017c\u0105 min. Powiatowe Centrum Pomocy Rodzinie, Tarnog\u00f3rski O\u015brodek Terapii Uzale\u017cnie\u0144, Miejski O\u015brodek Pomocy Spo\u0142ecznej, Komenda Powiatowa Policji i wiele innych, kt\u00f3re wspomagaj\u0105 funkcjonowanie naszego internatu.<\/p>\n","protected":false},"excerpt":{"rendered":"<p>Budynek internatu jest nowoczesnym obiektem w pe\u0142ni przystosowanym do potrzeb os\u00f3b niepe\u0142nosprawnych ruchowo. Wyposa\u017cony jest m.in. w nowoczesne windy, odpowiednie sanitariaty oraz przestronne korytarze i sale do zaj\u0119\u0107 dydaktyczno &#8211; wychowawczych, nie ma \u017cadnych barier architektonicznych. Internat wchodzi w sk\u0142ad &hellip; <a href=\"https:\/\/soswtg.pl\/index.php\/internat\/\">Czytaj dalej <span class=\"meta-nav\">&rarr;<\/span><\/a><\/p>\n","protected":false},"author":1,"featured_media":0,"parent":0,"menu_order":0,"comment_status":"closed","ping_status":"closed","template":"","meta":{"footnotes":""},"class_list":["post-278","page","type-page","status-publish","hentry"],"_links":{"self":[{"href":"https:\/\/soswtg.pl\/index.php\/wp-json\/wp\/v2\/pages\/278"}],"collection":[{"href":"https:\/\/soswtg.pl\/index.php\/wp-json\/wp\/v2\/pages"}],"about":[{"href":"https:\/\/soswtg.pl\/index.php\/wp-json\/wp\/v2\/types\/page"}],"author":[{"embeddable":true,"href":"https:\/\/soswtg.pl\/index.php\/wp-json\/wp\/v2\/users\/1"}],"replies":[{"embeddable":true,"href":"https:\/\/soswtg.pl\/index.php\/wp-json\/wp\/v2\/comments?post=278"}],"version-history":[{"count":5,"href":"https:\/\/soswtg.pl\/index.php\/wp-json\/wp\/v2\/pages\/278\/revisions"}],"predecessor-version":[{"id":654,"href":"https:\/\/soswtg.pl\/index.php\/wp-json\/wp\/v2\/pages\/278\/revisions\/654"}],"wp:attachment":[{"href":"https:\/\/soswtg.pl\/index.php\/wp-json\/wp\/v2\/media?parent=278"}],"curies":[{"name":"wp","href":"https:\/\/api.w.org\/{rel}","templated":true}]}}