{"id":265,"date":"2021-09-18T14:13:58","date_gmt":"2021-09-18T12:13:58","guid":{"rendered":"http:\/\/soswtg.pl\/?page_id=265"},"modified":"2021-09-19T22:41:51","modified_gmt":"2021-09-19T20:41:51","slug":"biblioteka","status":"publish","type":"page","link":"https:\/\/soswtg.pl\/index.php\/biblioteka\/","title":{"rendered":"Biblioteka"},"content":{"rendered":"<p style=\"text-align: center;\"><strong>KOCHANI UCZNIOWIE\u00a0 DRODZY RODZICE I NAUCZYCELE,<\/strong><\/p>\n<p style=\"text-align: center;\">Od ubieg\u0142ego roku szkolnego nasza biblioteka uczestniczy w <strong>&#8222;NARODOWYM PROGRAMUE ROZWOJU CZYTELNICTWA&#8221;.<\/strong><\/p>\n<p style=\"text-align: center;\">Dzi\u0119ki temu trafi\u0142o do nas w ostatnich miesi\u0105cach ponad 200 nowych pozycji. S\u0105 to bajki i wiersze dla dzieci, lektury, ksi\u0105\u017cki do nauki czytania, audiobooki.<\/p>\n<p style=\"text-align: center;\">Nowe publikacje zosta\u0142y ju\u017c skatalogowane i czekaj\u0105 na Was:)<\/p>\n<p style=\"text-align: center;\">Biblioteka wypo\u017cycza je na okres miesi\u0105ca, aby jak najwi\u0119cej os\u00f3b mog\u0142o skorzysta\u0107.<\/p>\n<p style=\"text-align: center;\">SERDECZNIE ZAPRASZAMY \ud83d\ude09<\/p>\n<p style=\"text-align: justify;\"><span style=\"font-family: 'times new roman', times, serif; font-size: 12pt;\"><strong>Biblioteka szkolna<\/strong> \u00a0Specjalnego O\u015brodka Szkolno -Wychowawczego w Tarnowskich G\u00f3rach jest pracowni\u0105 interdyscyplinarn\u0105 s\u0142u\u017c\u0105c\u0105 realizacji potrzeb i zainteresowa\u0144 uczni\u00f3w, doskonaleniu warsztatu pracy nauczyciela. \u00a0Biblioteka \u00a0jest czynna w czasie trwania zaj\u0119\u0107 dydaktycznych, zgodnie z organizacj\u0105 roku szkolnego. Ze zbior\u00f3w biblioteki szkolnej mog\u0105\u00a0 korzysta\u0107 uczniowie, \u00a0nauczyciele i inni pracownicy szko\u0142y. Dzi\u0119ki systematycznemu wzbogacaniu ksi\u0119gozbioru biblioteki o nowe, ciekawe ksi\u0105\u017cki i czasopisma z roku na rok ro\u015bnie zainteresowanie ksi\u0105\u017ck\u0105 m\u0142odych czytelnik\u00f3w.<\/span><\/p>\n<p style=\"text-align: justify;\"><span style=\"font-family: 'times new roman', times, serif; font-size: 12pt;\">\u00a0\u00a0\u00a0\u00a0\u00a0\u00a0\u00a0\u00a0\u00a0\u00a0\u00a0\u00a0\u00a0\u00a0\u00a0\u00a0\u00a0 Biblioteka szkolna pracuje\u00a0 nad\u00a0 rozwijaniem indywidualnych zainteresowa\u0144 uczni\u00f3w oraz wyrabianiem i pog\u0142\u0119bianiem nawyku czytania i uczenia si\u0119. Wspomaga realizacj\u0119 zada\u0144 dydaktyczno-wychowawczych szko\u0142y, poprzez udost\u0119pnianie informacji oraz popularyzacj\u0119 wiedzy w\u015br\u00f3d uczni\u00f3w i nauczycieli. Podniesieniu czytelnictwa s\u0142u\u017c\u0105 tak\u017ce organizowane w bibliotece konkursy czytelnicze, plastyczne, g\u0142o\u015bne czytanie dzieciom. Biblioteka szkolna wzbogaca na bie\u017c\u0105co swoje zbiory o warto\u015bciowe pozycje z zakresu pedagogiki, psychologii i metodyki nauczania oraz ksi\u0105\u017cki dla dzieci i m\u0142odzie\u017cy.<\/span><\/p>\n<p style=\"text-align: justify;\"><span style=\"font-family: 'times new roman', times, serif; font-size: 12pt;\">W ramach dzia\u0142alno\u015bci pedagogicznej biblioteka szkolna:<\/span><\/p>\n<ul>\n<li><span style=\"font-family: 'times new roman', times, serif; font-size: 12pt;\">udost\u0119pnia zbiory biblioteczne w wypo\u017cyczalni i czytelni;<\/span><\/li>\n<li><span style=\"font-family: 'times new roman', times, serif; font-size: 12pt;\">udziela informacji bibliotecznych uczniom i nauczycielom<\/span><\/li>\n<li><span style=\"font-family: 'times new roman', times, serif; font-size: 12pt;\">udost\u0119pnia potrzebne materia\u0142y na poszczeg\u00f3lne lekcje<\/span><\/li>\n<li><span style=\"font-family: 'times new roman', times, serif; font-size: 12pt;\">kszta\u0142tuje umiej\u0119tno\u015bci uczni\u00f3w w samodzielnym wyszukiwaniu informacji na okre\u015blony temat<\/span><\/li>\n<li><span style=\"font-family: 'times new roman', times, serif; font-size: 12pt;\">rozwija kultur\u0119 czytelnicz\u0105 poprzez doradztwo w wyborach czytelniczych<\/span><\/li>\n<\/ul>\n<p><span style=\"font-family: 'times new roman', times, serif; font-size: 12pt;\"><strong>\u00a0<\/strong><\/span><\/p>\n<p><span style=\"font-family: 'times new roman', times, serif; font-size: 12pt;\"><strong>STATYSTYKA CZYTELNICZA<\/strong><\/span><\/p>\n<p><span style=\"font-family: 'times new roman', times, serif; font-size: 12pt;\"><strong>ROK SZKOLNY 2016\/2017<\/strong><\/span><\/p>\n<table>\n<tbody>\n<tr>\n<td width=\"181\"><span style=\"font-family: 'times new roman', times, serif; font-size: 12pt;\"><strong>Klasa<\/strong><\/span><\/td>\n<td width=\"59\"><span style=\"font-family: 'times new roman', times, serif; font-size: 12pt;\">2p<\/span><\/td>\n<td width=\"57\"><span style=\"font-family: 'times new roman', times, serif; font-size: 12pt;\">4p<\/span><\/td>\n<td width=\"62\"><span style=\"font-family: 'times new roman', times, serif; font-size: 12pt;\">5p<\/span><\/td>\n<td width=\"65\"><span style=\"font-family: 'times new roman', times, serif; font-size: 12pt;\">1g<\/span><\/td>\n<td width=\"71\"><span style=\"font-family: 'times new roman', times, serif; font-size: 12pt;\">2g<\/span><\/td>\n<td width=\"71\"><span style=\"font-family: 'times new roman', times, serif; font-size: 12pt;\">3g<\/span><\/td>\n<td width=\"57\"><span style=\"font-family: 'times new roman', times, serif; font-size: 12pt;\">1z<\/span><\/td>\n<td width=\"71\"><span style=\"font-family: 'times new roman', times, serif; font-size: 12pt;\">2z<\/span><\/td>\n<td width=\"55\"><span style=\"font-family: 'times new roman', times, serif; font-size: 12pt;\">3z<\/span><\/td>\n<td width=\"57\"><span style=\"font-family: 'times new roman', times, serif; font-size: 12pt;\">2P<\/span><\/td>\n<td width=\"71\"><span style=\"font-family: 'times new roman', times, serif; font-size: 12pt;\">3P<\/span><\/td>\n<\/tr>\n<tr>\n<td width=\"181\"><span style=\"font-family: 'times new roman', times, serif; font-size: 12pt;\"><strong>Ilo\u015b\u0107 wypo\u017cycze\u0144<\/strong><\/span><\/td>\n<td width=\"59\"><span style=\"font-family: 'times new roman', times, serif; font-size: 12pt;\">23<\/span><\/td>\n<td width=\"57\"><span style=\"font-family: 'times new roman', times, serif; font-size: 12pt;\">49<\/span><\/td>\n<td width=\"62\"><span style=\"font-family: 'times new roman', times, serif; font-size: 12pt;\">16<\/span><\/td>\n<td width=\"65\"><span style=\"font-family: 'times new roman', times, serif; font-size: 12pt;\">6<\/span><\/td>\n<td width=\"71\"><span style=\"font-family: 'times new roman', times, serif; font-size: 12pt;\">3<\/span><\/td>\n<td width=\"71\"><span style=\"font-family: 'times new roman', times, serif; font-size: 12pt;\">4<\/span><\/td>\n<td width=\"57\"><span style=\"font-family: 'times new roman', times, serif; font-size: 12pt;\">4<\/span><\/td>\n<td width=\"71\"><span style=\"font-family: 'times new roman', times, serif; font-size: 12pt;\">10<\/span><\/td>\n<td width=\"55\"><span style=\"font-family: 'times new roman', times, serif; font-size: 12pt;\">&#8211;<\/span><\/td>\n<td width=\"57\"><span style=\"font-family: 'times new roman', times, serif; font-size: 12pt;\">5<\/span><\/td>\n<td width=\"71\"><span style=\"font-family: 'times new roman', times, serif; font-size: 12pt;\">2<\/span><\/td>\n<\/tr>\n<tr>\n<td width=\"181\"><span style=\"font-family: 'times new roman', times, serif; font-size: 12pt;\"><strong>\u015arednia na ucznia w klasie<\/strong><\/span><\/td>\n<td width=\"59\"><span style=\"font-family: 'times new roman', times, serif; font-size: 12pt;\">3,8<\/span><\/td>\n<td width=\"57\"><span style=\"font-family: 'times new roman', times, serif; font-size: 12pt;\">7,0<\/span><\/td>\n<td width=\"62\"><span style=\"font-family: 'times new roman', times, serif; font-size: 12pt;\">1,7<\/span><\/td>\n<td width=\"65\"><span style=\"font-family: 'times new roman', times, serif; font-size: 12pt;\">0,75<\/span><\/td>\n<td width=\"71\"><span style=\"font-family: 'times new roman', times, serif; font-size: 12pt;\">0,4<\/span><\/td>\n<td width=\"71\"><span style=\"font-family: 'times new roman', times, serif; font-size: 12pt;\">0,3<\/span><\/td>\n<td width=\"57\"><span style=\"font-family: 'times new roman', times, serif; font-size: 12pt;\">0,6<\/span><\/td>\n<td width=\"71\"><span style=\"font-family: 'times new roman', times, serif; font-size: 12pt;\">0,9<\/span><\/td>\n<td width=\"55\"><span style=\"font-family: 'times new roman', times, serif; font-size: 12pt;\">&#8211;<\/span><\/td>\n<td width=\"57\"><span style=\"font-family: 'times new roman', times, serif; font-size: 12pt;\">1,0<\/span><\/td>\n<td width=\"71\"><span style=\"font-family: 'times new roman', times, serif; font-size: 12pt;\">0,3<\/span><\/td>\n<\/tr>\n<\/tbody>\n<\/table>\n<table width=\"870\">\n<tbody>\n<tr>\n<td width=\"224\"><span style=\"font-family: 'times new roman', times, serif; font-size: 12pt;\"><strong>Klasa<\/strong><\/span><\/td>\n<td width=\"71\"><span style=\"font-family: 'times new roman', times, serif; font-size: 12pt;\">4P<\/span><\/td>\n<td width=\"71\"><span style=\"font-family: 'times new roman', times, serif; font-size: 12pt;\">5P<\/span><\/td>\n<td width=\"57\"><span style=\"font-family: 'times new roman', times, serif; font-size: 12pt;\">6P<\/span><\/td>\n<td width=\"57\"><span style=\"font-family: 'times new roman', times, serif; font-size: 12pt;\">1G<\/span><\/td>\n<td width=\"71\"><span style=\"font-family: 'times new roman', times, serif; font-size: 12pt;\">3Ga<\/span><\/td>\n<td width=\"71\"><span style=\"font-family: 'times new roman', times, serif; font-size: 12pt;\">3Gb<\/span><\/td>\n<td width=\"57\"><span style=\"font-family: 'times new roman', times, serif; font-size: 12pt;\">1S<\/span><\/td>\n<td width=\"68\"><span style=\"font-family: 'times new roman', times, serif; font-size: 12pt;\">2s<\/span><\/td>\n<td width=\"58\"><span style=\"font-family: 'times new roman', times, serif; font-size: 12pt;\">3Sa<\/span><\/td>\n<td width=\"68\"><span style=\"font-family: 'times new roman', times, serif; font-size: 12pt;\">3Sb<\/span><\/td>\n<\/tr>\n<tr>\n<td width=\"224\"><span style=\"font-family: 'times new roman', times, serif; font-size: 12pt;\"><strong>Ilo\u015b\u0107 wypo\u017cycze\u0144<\/strong><\/span><\/td>\n<td width=\"71\"><span style=\"font-family: 'times new roman', times, serif; font-size: 12pt;\">&#8211;<\/span><\/td>\n<td width=\"71\"><span style=\"font-family: 'times new roman', times, serif; font-size: 12pt;\">&#8211;<\/span><\/td>\n<td width=\"57\"><span style=\"font-family: 'times new roman', times, serif; font-size: 12pt;\">&#8211;<\/span><\/td>\n<td width=\"57\"><span style=\"font-family: 'times new roman', times, serif; font-size: 12pt;\">&#8211;<\/span><\/td>\n<td width=\"71\"><span style=\"font-family: 'times new roman', times, serif; font-size: 12pt;\">20<\/span><\/td>\n<td width=\"71\"><span style=\"font-family: 'times new roman', times, serif; font-size: 12pt;\">&#8211;<\/span><\/td>\n<td width=\"57\"><span style=\"font-family: 'times new roman', times, serif; font-size: 12pt;\">&#8211;<\/span><\/td>\n<td width=\"68\"><span style=\"font-family: 'times new roman', times, serif; font-size: 12pt;\">&#8211;<\/span><\/td>\n<td width=\"58\"><span style=\"font-family: 'times new roman', times, serif; font-size: 12pt;\">4<\/span><\/td>\n<td width=\"68\"><span style=\"font-family: 'times new roman', times, serif; font-size: 12pt;\">&#8211;<\/span><\/td>\n<\/tr>\n<tr>\n<td width=\"224\"><span style=\"font-family: 'times new roman', times, serif; font-size: 12pt;\"><strong>\u015arednia na ucznia w klasie<\/strong><\/span><\/td>\n<td width=\"71\"><span style=\"font-family: 'times new roman', times, serif; font-size: 12pt;\">&#8211;<\/span><\/td>\n<td width=\"71\"><span style=\"font-family: 'times new roman', times, serif; font-size: 12pt;\">&#8211;<\/span><\/td>\n<td width=\"57\"><span style=\"font-family: 'times new roman', times, serif; font-size: 12pt;\">&#8211;<\/span><\/td>\n<td width=\"57\"><span style=\"font-family: 'times new roman', times, serif; font-size: 12pt;\">&#8211;<\/span><\/td>\n<td width=\"71\"><span style=\"font-family: 'times new roman', times, serif; font-size: 12pt;\">3,3<\/span><\/td>\n<td width=\"71\"><span style=\"font-family: 'times new roman', times, serif; font-size: 12pt;\">&#8211;<\/span><\/td>\n<td width=\"57\"><span style=\"font-family: 'times new roman', times, serif; font-size: 12pt;\">&#8211;<\/span><\/td>\n<td width=\"68\"><span style=\"font-family: 'times new roman', times, serif; font-size: 12pt;\">&#8211;<\/span><\/td>\n<td width=\"58\"><span style=\"font-family: 'times new roman', times, serif; font-size: 12pt;\">0,5<\/span><\/td>\n<td width=\"68\"><span style=\"font-family: 'times new roman', times, serif; font-size: 12pt;\">&#8211;<\/span><\/td>\n<\/tr>\n<\/tbody>\n<\/table>\n<table>\n<tbody>\n<tr>\n<td width=\"294\"><span style=\"font-family: 'times new roman', times, serif; font-size: 12pt;\">Wypo\u017cyczenia uczni\u00f3w<\/span><\/td>\n<td width=\"231\"><span style=\"font-family: 'times new roman', times, serif; font-size: 12pt;\">180<\/span><\/td>\n<\/tr>\n<tr>\n<td width=\"294\"><span style=\"font-family: 'times new roman', times, serif; font-size: 12pt;\">Wypo\u017cyczenia nauczycieli<\/span><\/td>\n<td width=\"231\"><span style=\"font-family: 'times new roman', times, serif; font-size: 12pt;\">365<\/span><\/td>\n<\/tr>\n<tr>\n<td width=\"294\"><span style=\"font-family: 'times new roman', times, serif; font-size: 12pt;\">Wypo\u017cyczenia razem<\/span><\/td>\n<td width=\"231\"><span style=\"font-family: 'times new roman', times, serif; font-size: 12pt;\">545<\/span><\/td>\n<\/tr>\n<\/tbody>\n<\/table>\n<p><span style=\"font-family: 'times new roman', times, serif; font-size: 12pt;\"><strong>NAJLEPSI CZYTELNICY W SZKOLE <\/strong><\/span><\/p>\n<table>\n<tbody>\n<tr>\n<td width=\"110\"><span style=\"font-family: 'times new roman', times, serif; font-size: 12pt;\"><strong>Miejsce w szkole<\/strong><\/span><\/td>\n<td width=\"250\"><span style=\"font-family: 'times new roman', times, serif; font-size: 12pt;\"><strong>Nazwisko i imi\u0119<\/strong><\/span><\/td>\n<td width=\"119\"><span style=\"font-family: 'times new roman', times, serif; font-size: 12pt;\"><strong>Klasa<\/strong><\/span><\/td>\n<td width=\"156\"><span style=\"font-family: 'times new roman', times, serif; font-size: 12pt;\"><strong>Ilo\u015b\u0107 ksi\u0105\u017cek<\/strong><\/span><\/td>\n<\/tr>\n<tr>\n<td width=\"110\"><span style=\"font-family: 'times new roman', times, serif; font-size: 12pt;\">1.<\/span><\/td>\n<td width=\"250\"><span style=\"font-family: 'times new roman', times, serif; font-size: 12pt;\">Miska Angelika<\/span><\/td>\n<td width=\"119\"><span style=\"font-family: 'times new roman', times, serif; font-size: 12pt;\">3Gb<\/span><\/td>\n<td width=\"156\"><span style=\"font-family: 'times new roman', times, serif; font-size: 12pt;\">20<\/span><\/td>\n<\/tr>\n<tr>\n<td width=\"110\"><span style=\"font-family: 'times new roman', times, serif; font-size: 12pt;\">2.<\/span><\/td>\n<td width=\"250\"><span style=\"font-family: 'times new roman', times, serif; font-size: 12pt;\">Galik Karolina<\/span><\/td>\n<td width=\"119\"><span style=\"font-family: 'times new roman', times, serif; font-size: 12pt;\">2p<\/span><\/td>\n<td width=\"156\"><span style=\"font-family: 'times new roman', times, serif; font-size: 12pt;\">16<\/span><\/td>\n<\/tr>\n<tr>\n<td width=\"110\"><span style=\"font-family: 'times new roman', times, serif; font-size: 12pt;\">3.<\/span><\/td>\n<td width=\"250\"><span style=\"font-family: 'times new roman', times, serif; font-size: 12pt;\">S\u0142owik Barbara<\/span><\/td>\n<td width=\"119\"><span style=\"font-family: 'times new roman', times, serif; font-size: 12pt;\">4p<\/span><\/td>\n<td width=\"156\"><span style=\"font-family: 'times new roman', times, serif; font-size: 12pt;\">15<\/span><\/td>\n<\/tr>\n<tr>\n<td width=\"110\"><span style=\"font-family: 'times new roman', times, serif; font-size: 12pt;\">4.<\/span><\/td>\n<td width=\"250\"><span style=\"font-family: 'times new roman', times, serif; font-size: 12pt;\">Kupka Karol<\/span><\/td>\n<td width=\"119\"><span style=\"font-family: 'times new roman', times, serif; font-size: 12pt;\">4p<\/span><\/td>\n<td width=\"156\"><span style=\"font-family: 'times new roman', times, serif; font-size: 12pt;\">13<\/span><\/td>\n<\/tr>\n<tr>\n<td width=\"110\"><span style=\"font-family: 'times new roman', times, serif; font-size: 12pt;\">5.<\/span><\/td>\n<td width=\"250\"><span style=\"font-family: 'times new roman', times, serif; font-size: 12pt;\">Pi\u0119tka Julia<\/span><\/td>\n<td width=\"119\"><span style=\"font-family: 'times new roman', times, serif; font-size: 12pt;\">5p<\/span><\/td>\n<td width=\"156\"><span style=\"font-family: 'times new roman', times, serif; font-size: 12pt;\">7<\/span><\/td>\n<\/tr>\n<tr>\n<td width=\"110\"><span style=\"font-family: 'times new roman', times, serif; font-size: 12pt;\">6.<\/span><\/td>\n<td width=\"250\"><span style=\"font-family: 'times new roman', times, serif; font-size: 12pt;\">G\u0142az Aleksandra<\/span><\/td>\n<td width=\"119\"><span style=\"font-family: 'times new roman', times, serif; font-size: 12pt;\">2z<\/span><\/td>\n<td width=\"156\"><span style=\"font-family: 'times new roman', times, serif; font-size: 12pt;\">5<\/span><\/td>\n<\/tr>\n<tr>\n<td width=\"110\"><span style=\"font-family: 'times new roman', times, serif; font-size: 12pt;\">7.<\/span><\/td>\n<td width=\"250\"><span style=\"font-family: 'times new roman', times, serif; font-size: 12pt;\">Przypek Klaudia<\/span><\/td>\n<td width=\"119\"><span style=\"font-family: 'times new roman', times, serif; font-size: 12pt;\">3Sa<\/span><\/td>\n<td width=\"156\"><span style=\"font-family: 'times new roman', times, serif; font-size: 12pt;\">4<\/span><\/td>\n<\/tr>\n<\/tbody>\n<\/table>\n","protected":false},"excerpt":{"rendered":"<p>KOCHANI UCZNIOWIE\u00a0 DRODZY RODZICE I NAUCZYCELE, Od ubieg\u0142ego roku szkolnego nasza biblioteka uczestniczy w &#8222;NARODOWYM PROGRAMUE ROZWOJU CZYTELNICTWA&#8221;. Dzi\u0119ki temu trafi\u0142o do nas w ostatnich miesi\u0105cach ponad 200 nowych pozycji. S\u0105 to bajki i wiersze dla dzieci, lektury, ksi\u0105\u017cki do &hellip; <a href=\"https:\/\/soswtg.pl\/index.php\/biblioteka\/\">Czytaj dalej <span class=\"meta-nav\">&rarr;<\/span><\/a><\/p>\n","protected":false},"author":1,"featured_media":0,"parent":0,"menu_order":0,"comment_status":"closed","ping_status":"closed","template":"","meta":{"footnotes":""},"class_list":["post-265","page","type-page","status-publish","hentry"],"_links":{"self":[{"href":"https:\/\/soswtg.pl\/index.php\/wp-json\/wp\/v2\/pages\/265"}],"collection":[{"href":"https:\/\/soswtg.pl\/index.php\/wp-json\/wp\/v2\/pages"}],"about":[{"href":"https:\/\/soswtg.pl\/index.php\/wp-json\/wp\/v2\/types\/page"}],"author":[{"embeddable":true,"href":"https:\/\/soswtg.pl\/index.php\/wp-json\/wp\/v2\/users\/1"}],"replies":[{"embeddable":true,"href":"https:\/\/soswtg.pl\/index.php\/wp-json\/wp\/v2\/comments?post=265"}],"version-history":[{"count":5,"href":"https:\/\/soswtg.pl\/index.php\/wp-json\/wp\/v2\/pages\/265\/revisions"}],"predecessor-version":[{"id":6278,"href":"https:\/\/soswtg.pl\/index.php\/wp-json\/wp\/v2\/pages\/265\/revisions\/6278"}],"wp:attachment":[{"href":"https:\/\/soswtg.pl\/index.php\/wp-json\/wp\/v2\/media?parent=265"}],"curies":[{"name":"wp","href":"https:\/\/api.w.org\/{rel}","templated":true}]}}