{"id":259,"date":"2022-09-01T14:11:00","date_gmt":"2022-09-01T12:11:00","guid":{"rendered":"http:\/\/soswtg.pl\/?page_id=259"},"modified":"2022-09-04T20:56:14","modified_gmt":"2022-09-04T18:56:14","slug":"kola-zainteresowan","status":"publish","type":"page","link":"https:\/\/soswtg.pl\/index.php\/kola-zainteresowan\/","title":{"rendered":"Ko\u0142a zainteresowa\u0144 i organizacje"},"content":{"rendered":"<p><strong>Ko\u0142a zainteresowa\u0144\u00a0 w 2022\/2023<\/strong><\/p>\n<p><strong><a href=\"https:\/\/soswtg.pl\/wp-content\/uploads\/2022\/09\/Zajecia-pozalekcyjne-2022-23-1.docx\">https:\/\/soswtg.pl\/wp-content\/uploads\/2022\/09\/Zajecia-pozalekcyjne-2022-23-1.docx<\/a><\/strong><\/p>\n<ul style=\"list-style-type: disc;\">\n<li><a href=\"https:\/\/soswtg.pl\/index.php\/druzyna-harcerska\/\">7 Dru\u017cyna harcerska\u00a0 Nieprzetartego Szlaku &#8222;Z\u0142ote D\u0119by&#8221;<\/a><\/li>\n<li><a href=\"https:\/\/soswtg.pl\/index.php\/kolo-przyrodnicze\/\">Szkolne Ko\u0142o\u00a0 Przyrodnicze<\/a><\/li>\n<li><a href=\"https:\/\/soswtg.pl\/index.php\/zajecia-informatyczne\/\">\u00a0Infoterapia<\/a><\/li>\n<li><a href=\"https:\/\/soswtg.pl\/index.php\/liga-ochrony-przyrody\/\">Liga Ochrony Przyrody<\/a><\/li>\n<li><a href=\"https:\/\/soswtg.pl\/index.php\/kolko-teatralne\/\">K\u00f3\u0142ko teatralne &#8222;Rebus&#8221;<\/a><\/li>\n<li>Szkolne ko\u0142o turystyczne &#8222;W\u0142\u00f3czykije&#8221;<\/li>\n<li>K\u00f3\u0142ko rekreacyjno-zdrowotne z elementami gimnastyki korekcyjnej<\/li>\n<\/ul>\n","protected":false},"excerpt":{"rendered":"<p>Ko\u0142a zainteresowa\u0144\u00a0 w 2022\/2023 https:\/\/soswtg.pl\/wp-content\/uploads\/2022\/09\/Zajecia-pozalekcyjne-2022-23-1.docx 7 Dru\u017cyna harcerska\u00a0 Nieprzetartego Szlaku &#8222;Z\u0142ote D\u0119by&#8221; Szkolne Ko\u0142o\u00a0 Przyrodnicze \u00a0Infoterapia Liga Ochrony Przyrody K\u00f3\u0142ko teatralne &#8222;Rebus&#8221; Szkolne ko\u0142o turystyczne &#8222;W\u0142\u00f3czykije&#8221; K\u00f3\u0142ko rekreacyjno-zdrowotne z elementami gimnastyki korekcyjnej<\/p>\n","protected":false},"author":1,"featured_media":0,"parent":0,"menu_order":0,"comment_status":"closed","ping_status":"closed","template":"","meta":{"footnotes":""},"class_list":["post-259","page","type-page","status-publish","hentry"],"_links":{"self":[{"href":"https:\/\/soswtg.pl\/index.php\/wp-json\/wp\/v2\/pages\/259"}],"collection":[{"href":"https:\/\/soswtg.pl\/index.php\/wp-json\/wp\/v2\/pages"}],"about":[{"href":"https:\/\/soswtg.pl\/index.php\/wp-json\/wp\/v2\/types\/page"}],"author":[{"embeddable":true,"href":"https:\/\/soswtg.pl\/index.php\/wp-json\/wp\/v2\/users\/1"}],"replies":[{"embeddable":true,"href":"https:\/\/soswtg.pl\/index.php\/wp-json\/wp\/v2\/comments?post=259"}],"version-history":[{"count":23,"href":"https:\/\/soswtg.pl\/index.php\/wp-json\/wp\/v2\/pages\/259\/revisions"}],"predecessor-version":[{"id":7158,"href":"https:\/\/soswtg.pl\/index.php\/wp-json\/wp\/v2\/pages\/259\/revisions\/7158"}],"wp:attachment":[{"href":"https:\/\/soswtg.pl\/index.php\/wp-json\/wp\/v2\/media?parent=259"}],"curies":[{"name":"wp","href":"https:\/\/api.w.org\/{rel}","templated":true}]}}