{"id":256,"date":"2017-03-20T14:07:00","date_gmt":"2017-03-20T13:07:00","guid":{"rendered":"http:\/\/soswtg.pl\/?page_id=256"},"modified":"2017-03-28T16:32:26","modified_gmt":"2017-03-28T14:32:26","slug":"samorzad-uczniowski","status":"publish","type":"page","link":"https:\/\/soswtg.pl\/index.php\/samorzad-uczniowski\/","title":{"rendered":"Samorz\u0105d uczniowski"},"content":{"rendered":"<p style=\"text-align: justify;\"><span style=\"font-family: 'times new roman', times, serif; color: #0000ff; font-size: 18pt;\">Samorz\u0105d uczniowski<\/span> &#8211; organizacja uczni\u00f3w szko\u0142y obejmuj\u0105ca ca\u0142\u0105 spo\u0142eczno\u015b\u0107 uczniowsk\u0105. Uczniowie w demokratycznych wyborach wybieraj\u0105 swoich przedstawicieli zasiadaj\u0105cych w organach samorz\u0105du uczniowskiego. Uczniowie maj\u0105 prawo do przedstawiania propozycji do planu dydaktyczno &#8211; wychowawczego szko\u0142y wynikaj\u0105ce z potrzeb i zainteresowa\u0144 uczni\u00f3w. Wyra\u017caj\u0105 \u00a0opinii \u00a0dotycz\u0105cej problem\u00f3w m\u0142odzie\u017cy, branie udzia\u0142u \u00a0 w formowaniu przepis\u00f3w wewn\u0119trznych reguluj\u0105cych \u017cycie spo\u0142eczno\u015bci uczniowskiej.Mo\u017cliwo\u015b\u0107 przedstawienia Radzie Rodzic\u00f3w, Radzie Pedagogicznej oraz dyrektorowi szko\u0142y wniosk\u00f3w i opinii we wszystkich sprawach szko\u0142y, w szczeg\u00f3lno\u015bci dotycz\u0105cych realizacji podstawowych praw uczni\u00f3w nale\u017cy do zada\u0144 samorz\u0105du .Samorz\u0105d uczniowski ma za zadanie rozwijanie zainteresowa\u0144 naukowych, kulturalnych, sportowych, turystycznych, organizowanie rozrywki.Organizowanie imprez o charakterze powa\u017cnym \u00a0i rozrywkowym ( za przebieg dyskotek, spotka\u0144 na terenie szko\u0142y odpowiedzialny jest samorz\u0105d ).Organizowanie pomocy kole\u017ce\u0144skiej uczniom napotykaj\u0105cym trudno\u015bci w szkole i \u015brodowisku uczniowskim.<\/p>\n<p style=\"text-align: justify;\">W roku szkolnym 2016\/2017 w ramach samorz\u0105du uczniowskiego odby\u0142y\u00a0 si\u0119:<\/p>\n<ul>\n<li>wybory do samorz\u0105du uczniowskiego<\/li>\n<li>dzie\u0144 ch\u0142opaka<\/li>\n<li>wr\u00f3\u017cby andrzejkowe<\/li>\n<li>Miko\u0142ajki<\/li>\n<li>zabawa karnawa\u0142owa<\/li>\n<\/ul>\n<p><img loading=\"lazy\" decoding=\"async\" class=\"alignnone size-medium wp-image-559\" src=\"https:\/\/soswtg.pl\/wp-content\/uploads\/2017\/03\/IMG_1270-300x225.jpg\" alt=\"\" width=\"300\" height=\"225\" srcset=\"https:\/\/soswtg.pl\/wp-content\/uploads\/2017\/03\/IMG_1270-300x225.jpg 300w, https:\/\/soswtg.pl\/wp-content\/uploads\/2017\/03\/IMG_1270-768x576.jpg 768w, https:\/\/soswtg.pl\/wp-content\/uploads\/2017\/03\/IMG_1270-1024x768.jpg 1024w\" sizes=\"(max-width: 300px) 100vw, 300px\" \/> <img loading=\"lazy\" decoding=\"async\" class=\"alignnone size-medium wp-image-558\" src=\"https:\/\/soswtg.pl\/wp-content\/uploads\/2017\/03\/IMG_1267-300x225.jpg\" alt=\"\" width=\"300\" height=\"225\" srcset=\"https:\/\/soswtg.pl\/wp-content\/uploads\/2017\/03\/IMG_1267-300x225.jpg 300w, https:\/\/soswtg.pl\/wp-content\/uploads\/2017\/03\/IMG_1267-768x576.jpg 768w, https:\/\/soswtg.pl\/wp-content\/uploads\/2017\/03\/IMG_1267-1024x768.jpg 1024w\" sizes=\"(max-width: 300px) 100vw, 300px\" \/> <img loading=\"lazy\" decoding=\"async\" class=\"alignnone size-medium wp-image-557\" src=\"https:\/\/soswtg.pl\/wp-content\/uploads\/2017\/03\/IMG_1257-e1490552290701-300x225.jpg\" alt=\"\" width=\"300\" height=\"225\" srcset=\"https:\/\/soswtg.pl\/wp-content\/uploads\/2017\/03\/IMG_1257-e1490552290701-300x225.jpg 300w, https:\/\/soswtg.pl\/wp-content\/uploads\/2017\/03\/IMG_1257-e1490552290701-768x576.jpg 768w, https:\/\/soswtg.pl\/wp-content\/uploads\/2017\/03\/IMG_1257-e1490552290701-1024x768.jpg 1024w\" sizes=\"(max-width: 300px) 100vw, 300px\" \/> <img loading=\"lazy\" decoding=\"async\" class=\"alignnone size-medium wp-image-556\" src=\"https:\/\/soswtg.pl\/wp-content\/uploads\/2017\/03\/IMG_1245-1-e1490552310726-300x225.jpg\" alt=\"\" width=\"300\" height=\"225\" srcset=\"https:\/\/soswtg.pl\/wp-content\/uploads\/2017\/03\/IMG_1245-1-e1490552310726-300x225.jpg 300w, https:\/\/soswtg.pl\/wp-content\/uploads\/2017\/03\/IMG_1245-1-e1490552310726-768x576.jpg 768w, https:\/\/soswtg.pl\/wp-content\/uploads\/2017\/03\/IMG_1245-1-e1490552310726-1024x768.jpg 1024w\" sizes=\"(max-width: 300px) 100vw, 300px\" \/> <img loading=\"lazy\" decoding=\"async\" class=\"alignnone size-medium wp-image-555\" src=\"https:\/\/soswtg.pl\/wp-content\/uploads\/2017\/03\/IMG_0975-300x300.jpg\" alt=\"\" width=\"300\" height=\"300\" srcset=\"https:\/\/soswtg.pl\/wp-content\/uploads\/2017\/03\/IMG_0975-300x300.jpg 300w, https:\/\/soswtg.pl\/wp-content\/uploads\/2017\/03\/IMG_0975-150x150.jpg 150w, https:\/\/soswtg.pl\/wp-content\/uploads\/2017\/03\/IMG_0975-768x768.jpg 768w, https:\/\/soswtg.pl\/wp-content\/uploads\/2017\/03\/IMG_0975-1024x1024.jpg 1024w\" sizes=\"(max-width: 300px) 100vw, 300px\" \/> <img loading=\"lazy\" decoding=\"async\" class=\"alignnone size-medium wp-image-554\" src=\"https:\/\/soswtg.pl\/wp-content\/uploads\/2017\/03\/IMG_0963-300x225.jpg\" alt=\"\" width=\"300\" height=\"225\" srcset=\"https:\/\/soswtg.pl\/wp-content\/uploads\/2017\/03\/IMG_0963-300x225.jpg 300w, https:\/\/soswtg.pl\/wp-content\/uploads\/2017\/03\/IMG_0963-768x576.jpg 768w, https:\/\/soswtg.pl\/wp-content\/uploads\/2017\/03\/IMG_0963-1024x768.jpg 1024w\" sizes=\"(max-width: 300px) 100vw, 300px\" \/> <img loading=\"lazy\" decoding=\"async\" class=\"alignnone size-medium wp-image-553\" src=\"https:\/\/soswtg.pl\/wp-content\/uploads\/2017\/03\/IMG_0961-300x225.jpg\" alt=\"\" width=\"300\" height=\"225\" srcset=\"https:\/\/soswtg.pl\/wp-content\/uploads\/2017\/03\/IMG_0961-300x225.jpg 300w, https:\/\/soswtg.pl\/wp-content\/uploads\/2017\/03\/IMG_0961-768x576.jpg 768w, https:\/\/soswtg.pl\/wp-content\/uploads\/2017\/03\/IMG_0961-1024x768.jpg 1024w\" sizes=\"(max-width: 300px) 100vw, 300px\" \/><\/p>\n","protected":false},"excerpt":{"rendered":"<p>Samorz\u0105d uczniowski &#8211; organizacja uczni\u00f3w szko\u0142y obejmuj\u0105ca ca\u0142\u0105 spo\u0142eczno\u015b\u0107 uczniowsk\u0105. Uczniowie w demokratycznych wyborach wybieraj\u0105 swoich przedstawicieli zasiadaj\u0105cych w organach samorz\u0105du uczniowskiego. Uczniowie maj\u0105 prawo do przedstawiania propozycji do planu dydaktyczno &#8211; wychowawczego szko\u0142y wynikaj\u0105ce z potrzeb i zainteresowa\u0144 uczni\u00f3w. &hellip; <a href=\"https:\/\/soswtg.pl\/index.php\/samorzad-uczniowski\/\">Czytaj dalej <span class=\"meta-nav\">&rarr;<\/span><\/a><\/p>\n","protected":false},"author":1,"featured_media":0,"parent":0,"menu_order":0,"comment_status":"closed","ping_status":"closed","template":"","meta":{"footnotes":""},"class_list":["post-256","page","type-page","status-publish","hentry"],"_links":{"self":[{"href":"https:\/\/soswtg.pl\/index.php\/wp-json\/wp\/v2\/pages\/256"}],"collection":[{"href":"https:\/\/soswtg.pl\/index.php\/wp-json\/wp\/v2\/pages"}],"about":[{"href":"https:\/\/soswtg.pl\/index.php\/wp-json\/wp\/v2\/types\/page"}],"author":[{"embeddable":true,"href":"https:\/\/soswtg.pl\/index.php\/wp-json\/wp\/v2\/users\/1"}],"replies":[{"embeddable":true,"href":"https:\/\/soswtg.pl\/index.php\/wp-json\/wp\/v2\/comments?post=256"}],"version-history":[{"count":6,"href":"https:\/\/soswtg.pl\/index.php\/wp-json\/wp\/v2\/pages\/256\/revisions"}],"predecessor-version":[{"id":598,"href":"https:\/\/soswtg.pl\/index.php\/wp-json\/wp\/v2\/pages\/256\/revisions\/598"}],"wp:attachment":[{"href":"https:\/\/soswtg.pl\/index.php\/wp-json\/wp\/v2\/media?parent=256"}],"curies":[{"name":"wp","href":"https:\/\/api.w.org\/{rel}","templated":true}]}}