{"id":1518,"date":"2017-09-29T12:44:44","date_gmt":"2017-09-29T10:44:44","guid":{"rendered":"http:\/\/soswtg.pl\/?page_id=1518"},"modified":"2017-10-02T21:22:19","modified_gmt":"2017-10-02T19:22:19","slug":"absolwenci-szkoly","status":"publish","type":"page","link":"https:\/\/soswtg.pl\/index.php\/absolwenci-szkoly\/","title":{"rendered":"ABSOLWENCI SZKO\u0141Y"},"content":{"rendered":"<p><img decoding=\"async\" src=\"http:\/\/spzlotoria.wikidot.com\/local--resized-images\/wizja-misja\/absolwent\/medium.jpg\" alt=\"Znalezione obrazy dla zapytania absolwent szko\u0142y\" \/>\u00a0 \u00a0 \u00a0 \u00a0 <span style=\"font-size: 24pt;\"><a href=\"https:\/\/goo.gl\/forms\/jYi32DCX5DTbnpIq2\">Ankieta<\/a><\/span><\/p>\n<p style=\"text-align: justify;\">Ka\u017cdego roku nasz\u0105 szko\u0142\u0119 opuszcza grupa absolwent\u00f3w: szko\u0142y podstawowej, gimnazjum, zasadniczej szko\u0142y zawodowej oraz\u00a0szko\u0142y przysposabiaj\u0105cej do\u00a0pracy.<br \/>\n100 % absolwent\u00f3w szko\u0142y podstawowej kontynuuje nauk\u0119 w\u00a0naszym gimnazjum.\u00a0Wszyscy absolwenci gimnazjum kontynuuj\u0105 edukacj\u0119 w\u00a0zasadniczych szko\u0142ach zawodowych lub SPdP.<\/p>\n<p style=\"text-align: justify;\">Szko\u0142a w\u00a0miar\u0119 mo\u017cliwo\u015bci \u015bledzi dalsze losy by\u0142ych uczni\u00f3w\u2013 sukcesy zawodowe i\u00a0\u017cyciowe. Prace absolwent\u00f3w i\u00a0informacje o\u00a0ich sukcesach s\u0105 eksponowane w\u00a0szkole jako wz\u00f3r dla m\u0142odszych uczni\u00f3w.<\/p>\n<p style=\"text-align: justify;\">Niekt\u00f3rzy absolwenci cz\u0119sto i\u00a0ch\u0119tnie odwiedzaj\u0105 nasz\u0105 palc\u00f3wk\u0119, dziel\u0105c si\u0119 swoimi sukcesami, jednak nie z wszystkimi mamy kontakt. W zwi\u0105zku z tym chcieliby\u015bmy dowiedzie\u0107 si\u0119, czym zajmuj\u0105 si\u0119 osoby, kt\u00f3re uko\u0144czy\u0142y ju\u017c nasz\u0105 szko\u0142\u0119, dlatego prosimy o wype\u0142nienie ankiety.<\/p>\n<p>&nbsp;<\/p>\n<p>&nbsp;<\/p>\n","protected":false},"excerpt":{"rendered":"<p>\u00a0 \u00a0 \u00a0 \u00a0 Ankieta Ka\u017cdego roku nasz\u0105 szko\u0142\u0119 opuszcza grupa absolwent\u00f3w: szko\u0142y podstawowej, gimnazjum, zasadniczej szko\u0142y zawodowej oraz\u00a0szko\u0142y przysposabiaj\u0105cej do\u00a0pracy. 100 % absolwent\u00f3w szko\u0142y podstawowej kontynuuje nauk\u0119 w\u00a0naszym gimnazjum.\u00a0Wszyscy absolwenci gimnazjum kontynuuj\u0105 edukacj\u0119 w\u00a0zasadniczych szko\u0142ach zawodowych lub SPdP. Szko\u0142a &hellip; <a href=\"https:\/\/soswtg.pl\/index.php\/absolwenci-szkoly\/\">Czytaj dalej <span class=\"meta-nav\">&rarr;<\/span><\/a><\/p>\n","protected":false},"author":1,"featured_media":0,"parent":0,"menu_order":0,"comment_status":"closed","ping_status":"closed","template":"","meta":{"footnotes":""},"class_list":["post-1518","page","type-page","status-publish","hentry"],"_links":{"self":[{"href":"https:\/\/soswtg.pl\/index.php\/wp-json\/wp\/v2\/pages\/1518"}],"collection":[{"href":"https:\/\/soswtg.pl\/index.php\/wp-json\/wp\/v2\/pages"}],"about":[{"href":"https:\/\/soswtg.pl\/index.php\/wp-json\/wp\/v2\/types\/page"}],"author":[{"embeddable":true,"href":"https:\/\/soswtg.pl\/index.php\/wp-json\/wp\/v2\/users\/1"}],"replies":[{"embeddable":true,"href":"https:\/\/soswtg.pl\/index.php\/wp-json\/wp\/v2\/comments?post=1518"}],"version-history":[{"count":6,"href":"https:\/\/soswtg.pl\/index.php\/wp-json\/wp\/v2\/pages\/1518\/revisions"}],"predecessor-version":[{"id":5506,"href":"https:\/\/soswtg.pl\/index.php\/wp-json\/wp\/v2\/pages\/1518\/revisions\/5506"}],"wp:attachment":[{"href":"https:\/\/soswtg.pl\/index.php\/wp-json\/wp\/v2\/media?parent=1518"}],"curies":[{"name":"wp","href":"https:\/\/api.w.org\/{rel}","templated":true}]}}