{"id":1200,"date":"2017-05-30T21:58:47","date_gmt":"2017-05-30T19:58:47","guid":{"rendered":"http:\/\/soswtg.pl\/?page_id=1200"},"modified":"2022-05-27T23:52:06","modified_gmt":"2022-05-27T21:52:06","slug":"adam-kierat","status":"publish","type":"page","link":"https:\/\/soswtg.pl\/index.php\/adam-kierat\/","title":{"rendered":"Adam Kierat"},"content":{"rendered":"<ul style=\"list-style-type: circle;\">\n<li><a href=\"https:\/\/soswtg.pl\/wp-content\/uploads\/2017\/05\/Health.-Zdrowie.odp\">Health. Zdrowie<\/a>&nbsp;&#8211; prezentacja multimedialna,<\/li>\n<li><a href=\"https:\/\/soswtg.pl\/wp-content\/uploads\/2017\/05\/Meals-and-Food.odp\">Meals and Food<\/a>&nbsp;&#8211;&nbsp;prezentacja multimedialna,<\/li>\n<li><a href=\"https:\/\/soswtg.pl\/wp-content\/uploads\/2017\/05\/\u015aw.-Patryk-i-jego-\u015bwi\u0119to.odp\">\u015aw. Patryk i jego \u015bwi\u0119to<\/a>&nbsp;&#8211;&nbsp;prezentacja multimedialna,<\/li>\n<li><a href=\"https:\/\/soswtg.pl\/wp-content\/uploads\/2017\/05\/Zalety-gier-i-zabaw-j\u0119zykowych.odt\">Zalety gier i zabaw j\u0119zykowych<\/a>&nbsp;&#8211; publikacja.<\/li>\n<li><a href=\"https:\/\/soswtg.pl\/wp-content\/uploads\/2017\/05\/Places-in-town.-W-mie\u015bcie.odp\">Places in town. W mie\u015bcie<\/a>&nbsp;&#8211; prezentacja multimedialna<\/li>\n<\/ul>\n<p><strong>Andrzej Morawski<\/strong><\/p>\n<ul style=\"list-style-type: circle;\">\n<li><a href=\"https:\/\/soswtg.pl\/wp-content\/uploads\/2017\/05\/Praca-doradcy-zawodowego-z-uczniami-niepe\u0142nosprawnymi-intelektualnie.pdf\">Praca doradcy zawodowego z uczniami niepe\u0142nosprawnymi intelektualnie<\/a>&nbsp;&#8211; publikacja<\/li>\n<li><a href=\"https:\/\/soswtg.pl\/wp-content\/uploads\/2017\/05\/Aktywizacja-zawodowa-uczni\u00f3w-niepe\u0142nosprawnych-intelektualnie-ucz\u0119szczaj\u0105cych-do-szko\u0142y-przysposabiaj\u0105cej-do-pracy.pdf\">Aktywizacja zawodowa uczni\u00f3w niepe\u0142nosprawnych intelektualnie ucz\u0119szczaj\u0105cych do szko\u0142y przysposabiaj\u0105cej do pracy<\/a>&nbsp;&#8211; publikacja<\/li>\n<\/ul>\n\n\n<p><strong>Aleksandra My\u015bli\u0144ska<\/strong><\/p>\n\n\n\n<p class=\"has-text-align-left\">Prezentacja powsta\u0142a jako alternatywa szkolenia z uwagi na warunki pandemiczne. Dotyczy zagadnie\u0144 zwi\u0105zanych z organizacj\u0105 kszta\u0142cenia dla uczni\u00f3w niepe\u0142nosprawnych, zar\u00f3wno w aspekcie organizacji pracy w szkole jak i informacji zwi\u0105zanych z podstaw\u0105 kszta\u0142cenia specjalnego, jakim s\u0105 orzeczenia o potrzebie kszta\u0142cenia specjalnego (a tak\u017ce pozosta\u0142ych orzecze\u0144, kt\u00f3re s\u0105 podstaw\u0105 do zaj\u0119\u0107 rewalidacyjno-wychowawczych oraz nauczania indywidualnego). Prezentacja jest dost\u0119pna zar\u00f3wno dla os\u00f3b z deficytami s\u0142uchu oraz wzroku.<\/p>\n\n\n\n<p><a href=\"https:\/\/drive.google.com\/file\/d\/1myDw7k_GjidKvrvwzFmWcGeGJksnG1sK\/view?usp=sharing\">PREZENTACJA  &#8211; SZKOLENIE <\/a><\/p>\n\n\n\n<p><a href=\"https:\/\/drive.google.com\/file\/d\/1eW29n3uuFacvhGuZHPCLS-naHkkXfPSB\/view?usp=sharing\">PREZENTACJA &#8211; SZKOLENIE<\/a><\/p>\n\n\n\n<p><\/p>\n","protected":false},"excerpt":{"rendered":"<p>Health. Zdrowie&nbsp;&#8211; prezentacja multimedialna, Meals and Food&nbsp;&#8211;&nbsp;prezentacja multimedialna, \u015aw. Patryk i jego \u015bwi\u0119to&nbsp;&#8211;&nbsp;prezentacja multimedialna, Zalety gier i zabaw j\u0119zykowych&nbsp;&#8211; publikacja. Places in town. W mie\u015bcie&nbsp;&#8211; prezentacja multimedialna Andrzej Morawski Praca doradcy zawodowego z uczniami niepe\u0142nosprawnymi intelektualnie&nbsp;&#8211; publikacja Aktywizacja zawodowa uczni\u00f3w &hellip; <a href=\"https:\/\/soswtg.pl\/index.php\/adam-kierat\/\">Czytaj dalej <span class=\"meta-nav\">&rarr;<\/span><\/a><\/p>\n","protected":false},"author":1,"featured_media":0,"parent":0,"menu_order":0,"comment_status":"closed","ping_status":"closed","template":"","meta":{"footnotes":""},"class_list":["post-1200","page","type-page","status-publish","hentry"],"_links":{"self":[{"href":"https:\/\/soswtg.pl\/index.php\/wp-json\/wp\/v2\/pages\/1200"}],"collection":[{"href":"https:\/\/soswtg.pl\/index.php\/wp-json\/wp\/v2\/pages"}],"about":[{"href":"https:\/\/soswtg.pl\/index.php\/wp-json\/wp\/v2\/types\/page"}],"author":[{"embeddable":true,"href":"https:\/\/soswtg.pl\/index.php\/wp-json\/wp\/v2\/users\/1"}],"replies":[{"embeddable":true,"href":"https:\/\/soswtg.pl\/index.php\/wp-json\/wp\/v2\/comments?post=1200"}],"version-history":[{"count":14,"href":"https:\/\/soswtg.pl\/index.php\/wp-json\/wp\/v2\/pages\/1200\/revisions"}],"predecessor-version":[{"id":6995,"href":"https:\/\/soswtg.pl\/index.php\/wp-json\/wp\/v2\/pages\/1200\/revisions\/6995"}],"wp:attachment":[{"href":"https:\/\/soswtg.pl\/index.php\/wp-json\/wp\/v2\/media?parent=1200"}],"curies":[{"name":"wp","href":"https:\/\/api.w.org\/{rel}","templated":true}]}}